{"id":3353,"date":"2025-05-04T11:17:23","date_gmt":"2025-05-04T08:17:23","guid":{"rendered":"https:\/\/www.havuzadairhersey.com\/?post_type=product&#038;p=3353"},"modified":"2025-05-30T23:20:51","modified_gmt":"2025-05-30T20:20:51","slug":"pirinc-kopuk-nozul-1-2-baglanti-capi-yogun-kopuk-etkili-havuz-fiskiye-basligi","status":"publish","type":"product","link":"https:\/\/www.havuzadairhersey.com\/index.php\/urun\/pirinc-kopuk-nozul-1-2-baglanti-capi-yogun-kopuk-etkili-havuz-fiskiye-basligi\/","title":{"rendered":"Pirin\u00e7 K\u00f6p\u00fck Nozul, 1\u201d-2\u201d Ba\u011flant\u0131 \u00c7ap\u0131, Yo\u011fun K\u00f6p\u00fck Etkili Havuz F\u0131skiye Ba\u015fl\u0131\u011f\u0131"},"content":{"rendered":"<p>Bu pirin\u00e7 k\u00f6p\u00fck nozul, havuz ve s\u00fcs havuzlar\u0131 i\u00e7in yo\u011fun k\u00f6p\u00fck etkisi sa\u011flayan y\u00fcksek performansl\u0131 bir f\u0131skiye ba\u015fl\u0131\u011f\u0131d\u0131r. Dayan\u0131kl\u0131 pirin\u00e7 g\u00f6vdesi sayesinde uzun \u00f6m\u00fcrl\u00fc kullan\u0131m sunar ve su seviyesine ba\u011fl\u0131 olarak \u00e7al\u0131\u015f\u0131r. Estetik su efektiyle g\u00f6rsel zenginlik kazand\u0131r\u0131r. 1\u201d, 1\u00bd\u201d ve 2\u201d ba\u011flant\u0131 se\u00e7enekleriyle farkl\u0131 sistemlerle uyumludur. Su g\u00f6sterilerinde etkili k\u00f6p\u00fck dalgalanmas\u0131 elde etmek isteyenler i\u00e7in idealdir.<\/p>\n","protected":false},"excerpt":{"rendered":"<p>Pirin\u00e7ten \u00fcretilmi\u015f yo\u011fun k\u00f6p\u00fck etkili nozul, 1\u201d-2\u201d ba\u011flant\u0131 se\u00e7enekleri ile su seviyesine duyarl\u0131 \u00e7al\u0131\u015f\u0131r.<\/p>\n","protected":false},"featured_media":3354,"comment_status":"open","ping_status":"closed","template":"","meta":{"site-sidebar-layout":"default","site-content-layout":"","ast-site-content-layout":"default","site-content-style":"default","site-sidebar-style":"default","ast-global-header-display":"","ast-banner-title-visibility":"","ast-main-header-display":"","ast-hfb-above-header-display":"","ast-hfb-below-header-display":"","ast-hfb-mobile-header-display":"","site-post-title":"","ast-breadcrumbs-content":"","ast-featured-img":"","footer-sml-layout":"","theme-transparent-header-meta":"default","adv-header-id-meta":"","stick-header-meta":"","header-above-stick-meta":"","header-main-stick-meta":"","header-below-stick-meta":"","astra-migrate-meta-layouts":"set","ast-page-background-enabled":"default","ast-page-background-meta":{"desktop":{"background-color":"var(--ast-global-color-5)","background-image":"","background-repeat":"repeat","background-position":"center center","background-size":"auto","background-attachment":"scroll","background-type":"","background-media":"","overlay-type":"","overlay-color":"","overlay-opacity":"","overlay-gradient":""},"tablet":{"background-color":"","background-image":"","background-repeat":"repeat","background-position":"center center","background-size":"auto","background-attachment":"scroll","background-type":"","background-media":"","overlay-type":"","overlay-color":"","overlay-opacity":"","overlay-gradient":""},"mobile":{"background-color":"","background-image":"","background-repeat":"repeat","background-position":"center center","background-size":"auto","background-attachment":"scroll","background-type":"","background-media":"","overlay-type":"","overlay-color":"","overlay-opacity":"","overlay-gradient":""}},"ast-content-background-meta":{"desktop":{"background-color":"var(--ast-global-color-4)","background-image":"","background-repeat":"repeat","background-position":"center center","background-size":"auto","background-attachment":"scroll","background-type":"","background-media":"","overlay-type":"","overlay-color":"","overlay-opacity":"","overlay-gradient":""},"tablet":{"background-color":"var(--ast-global-color-4)","background-image":"","background-repeat":"repeat","background-position":"center center","background-size":"auto","background-attachment":"scroll","background-type":"","background-media":"","overlay-type":"","overlay-color":"","overlay-opacity":"","overlay-gradient":""},"mobile":{"background-color":"var(--ast-global-color-4)","background-image":"","background-repeat":"repeat","background-position":"center center","background-size":"auto","background-attachment":"scroll","background-type":"","background-media":"","overlay-type":"","overlay-color":"","overlay-opacity":"","overlay-gradient":""}}},"product_brand":[3683],"product_cat":[1900],"product_tag":[4944,1923,2154,4943,1922,2045,4945],"class_list":{"0":"post-3353","1":"product","2":"type-product","3":"status-publish","4":"has-post-thumbnail","6":"product_brand-neta-havuz","7":"product_cat-sus-havuzu-aydinlatma-lambalari","8":"product_tag-brass-foam-jet","9":"product_tag-fiskiye-basligi","10":"product_tag-havuz-fiskiye-ucu","11":"product_tag-pirinc-kopuk-nozul","12":"product_tag-su-efekti-nozul","13":"product_tag-sus-havuzu-nozulu","14":"product_tag-yogun-kopuk-nozul","15":"desktop-align-left","16":"tablet-align-left","17":"mobile-align-left","19":"first","20":"outofstock","21":"shipping-taxable","22":"purchasable","23":"product-type-variable"},"yoast_head":"<!-- This site is optimized with the Yoast SEO plugin v25.0 - https:\/\/yoast.com\/wordpress\/plugins\/seo\/ -->\n<title>Pirin\u00e7 K\u00f6p\u00fck Nozul, 1\u201d-2\u201d Ba\u011flant\u0131 \u00c7ap\u0131, Yo\u011fun K\u00f6p\u00fck Etkili Havuz F\u0131skiye Ba\u015fl\u0131\u011f\u0131 -<\/title>\n<meta name=\"robots\" content=\"index, follow, max-snippet:-1, max-image-preview:large, max-video-preview:-1\" \/>\n<link rel=\"canonical\" href=\"https:\/\/www.havuzadairhersey.com\/index.php\/urun\/pirinc-kopuk-nozul-1-2-baglanti-capi-yogun-kopuk-etkili-havuz-fiskiye-basligi\/\" \/>\n<meta property=\"og:locale\" content=\"tr_TR\" \/>\n<meta property=\"og:type\" content=\"article\" \/>\n<meta property=\"og:title\" content=\"Pirin\u00e7 K\u00f6p\u00fck Nozul, 1\u201d-2\u201d Ba\u011flant\u0131 \u00c7ap\u0131, Yo\u011fun K\u00f6p\u00fck Etkili Havuz F\u0131skiye Ba\u015fl\u0131\u011f\u0131 -\" \/>\n<meta property=\"og:description\" content=\"Pirin\u00e7ten \u00fcretilmi\u015f yo\u011fun k\u00f6p\u00fck etkili nozul, 1\u201d-2\u201d ba\u011flant\u0131 se\u00e7enekleri ile su seviyesine duyarl\u0131 \u00e7al\u0131\u015f\u0131r.\" \/>\n<meta property=\"og:url\" content=\"https:\/\/www.havuzadairhersey.com\/index.php\/urun\/pirinc-kopuk-nozul-1-2-baglanti-capi-yogun-kopuk-etkili-havuz-fiskiye-basligi\/\" \/>\n<meta property=\"article:modified_time\" content=\"2025-05-30T20:20:51+00:00\" \/>\n<meta property=\"og:image\" content=\"https:\/\/www.havuzadairhersey.com\/wp-content\/uploads\/2025\/05\/1-78.png\" \/>\n\t<meta property=\"og:image:width\" content=\"1875\" \/>\n\t<meta property=\"og:image:height\" content=\"2000\" \/>\n\t<meta property=\"og:image:type\" content=\"image\/png\" \/>\n<meta name=\"twitter:card\" content=\"summary_large_image\" \/>\n<script type=\"application\/ld+json\" class=\"yoast-schema-graph\">{\"@context\":\"https:\/\/schema.org\",\"@graph\":[{\"@type\":\"WebPage\",\"@id\":\"https:\/\/www.havuzadairhersey.com\/index.php\/urun\/pirinc-kopuk-nozul-1-2-baglanti-capi-yogun-kopuk-etkili-havuz-fiskiye-basligi\/\",\"url\":\"https:\/\/www.havuzadairhersey.com\/index.php\/urun\/pirinc-kopuk-nozul-1-2-baglanti-capi-yogun-kopuk-etkili-havuz-fiskiye-basligi\/\",\"name\":\"Pirin\u00e7 K\u00f6p\u00fck Nozul, 1\u201d-2\u201d Ba\u011flant\u0131 \u00c7ap\u0131, Yo\u011fun K\u00f6p\u00fck Etkili Havuz F\u0131skiye Ba\u015fl\u0131\u011f\u0131 -\",\"isPartOf\":{\"@id\":\"https:\/\/www.havuzadairhersey.com\/#website\"},\"primaryImageOfPage\":{\"@id\":\"https:\/\/www.havuzadairhersey.com\/index.php\/urun\/pirinc-kopuk-nozul-1-2-baglanti-capi-yogun-kopuk-etkili-havuz-fiskiye-basligi\/#primaryimage\"},\"image\":{\"@id\":\"https:\/\/www.havuzadairhersey.com\/index.php\/urun\/pirinc-kopuk-nozul-1-2-baglanti-capi-yogun-kopuk-etkili-havuz-fiskiye-basligi\/#primaryimage\"},\"thumbnailUrl\":\"https:\/\/www.havuzadairhersey.com\/wp-content\/uploads\/2025\/05\/1-78.png\",\"datePublished\":\"2025-05-04T08:17:23+00:00\",\"dateModified\":\"2025-05-30T20:20:51+00:00\",\"breadcrumb\":{\"@id\":\"https:\/\/www.havuzadairhersey.com\/index.php\/urun\/pirinc-kopuk-nozul-1-2-baglanti-capi-yogun-kopuk-etkili-havuz-fiskiye-basligi\/#breadcrumb\"},\"inLanguage\":\"tr\",\"potentialAction\":[{\"@type\":\"ReadAction\",\"target\":[\"https:\/\/www.havuzadairhersey.com\/index.php\/urun\/pirinc-kopuk-nozul-1-2-baglanti-capi-yogun-kopuk-etkili-havuz-fiskiye-basligi\/\"]}]},{\"@type\":\"ImageObject\",\"inLanguage\":\"tr\",\"@id\":\"https:\/\/www.havuzadairhersey.com\/index.php\/urun\/pirinc-kopuk-nozul-1-2-baglanti-capi-yogun-kopuk-etkili-havuz-fiskiye-basligi\/#primaryimage\",\"url\":\"https:\/\/www.havuzadairhersey.com\/wp-content\/uploads\/2025\/05\/1-78.png\",\"contentUrl\":\"https:\/\/www.havuzadairhersey.com\/wp-content\/uploads\/2025\/05\/1-78.png\",\"width\":1875,\"height\":2000,\"caption\":\"Yo\u011fun K\u00f6p\u00fck Olu\u015fturan Havuz F\u0131skiye Ba\u015fl\u0131\u011f\u0131\"},{\"@type\":\"BreadcrumbList\",\"@id\":\"https:\/\/www.havuzadairhersey.com\/index.php\/urun\/pirinc-kopuk-nozul-1-2-baglanti-capi-yogun-kopuk-etkili-havuz-fiskiye-basligi\/#breadcrumb\",\"itemListElement\":[{\"@type\":\"ListItem\",\"position\":1,\"name\":\"Anasayfa\",\"item\":\"https:\/\/www.havuzadairhersey.com\/\"},{\"@type\":\"ListItem\",\"position\":2,\"name\":\"Ma\u011faza\",\"item\":\"https:\/\/www.havuzadairhersey.com\/\"},{\"@type\":\"ListItem\",\"position\":3,\"name\":\"Pirin\u00e7 K\u00f6p\u00fck Nozul, 1\u201d-2\u201d Ba\u011flant\u0131 \u00c7ap\u0131, Yo\u011fun K\u00f6p\u00fck Etkili Havuz F\u0131skiye Ba\u015fl\u0131\u011f\u0131\"}]},{\"@type\":\"WebSite\",\"@id\":\"https:\/\/www.havuzadairhersey.com\/#website\",\"url\":\"https:\/\/www.havuzadairhersey.com\/\",\"name\":\"\",\"description\":\"Havuza dair arad\u0131\u011f\u0131n\u0131z her\u015fey burada...\",\"potentialAction\":[{\"@type\":\"SearchAction\",\"target\":{\"@type\":\"EntryPoint\",\"urlTemplate\":\"https:\/\/www.havuzadairhersey.com\/?s={search_term_string}\"},\"query-input\":{\"@type\":\"PropertyValueSpecification\",\"valueRequired\":true,\"valueName\":\"search_term_string\"}}],\"inLanguage\":\"tr\"}]}<\/script>\n<!-- \/ Yoast SEO plugin. -->","yoast_head_json":{"title":"Pirin\u00e7 K\u00f6p\u00fck Nozul, 1\u201d-2\u201d Ba\u011flant\u0131 \u00c7ap\u0131, Yo\u011fun K\u00f6p\u00fck Etkili Havuz F\u0131skiye Ba\u015fl\u0131\u011f\u0131 -","robots":{"index":"index","follow":"follow","max-snippet":"max-snippet:-1","max-image-preview":"max-image-preview:large","max-video-preview":"max-video-preview:-1"},"canonical":"https:\/\/www.havuzadairhersey.com\/index.php\/urun\/pirinc-kopuk-nozul-1-2-baglanti-capi-yogun-kopuk-etkili-havuz-fiskiye-basligi\/","og_locale":"tr_TR","og_type":"article","og_title":"Pirin\u00e7 K\u00f6p\u00fck Nozul, 1\u201d-2\u201d Ba\u011flant\u0131 \u00c7ap\u0131, Yo\u011fun K\u00f6p\u00fck Etkili Havuz F\u0131skiye Ba\u015fl\u0131\u011f\u0131 -","og_description":"Pirin\u00e7ten \u00fcretilmi\u015f yo\u011fun k\u00f6p\u00fck etkili nozul, 1\u201d-2\u201d ba\u011flant\u0131 se\u00e7enekleri ile su seviyesine duyarl\u0131 \u00e7al\u0131\u015f\u0131r.","og_url":"https:\/\/www.havuzadairhersey.com\/index.php\/urun\/pirinc-kopuk-nozul-1-2-baglanti-capi-yogun-kopuk-etkili-havuz-fiskiye-basligi\/","article_modified_time":"2025-05-30T20:20:51+00:00","og_image":[{"width":1875,"height":2000,"url":"https:\/\/www.havuzadairhersey.com\/wp-content\/uploads\/2025\/05\/1-78.png","type":"image\/png"}],"twitter_card":"summary_large_image","schema":{"@context":"https:\/\/schema.org","@graph":[{"@type":"WebPage","@id":"https:\/\/www.havuzadairhersey.com\/index.php\/urun\/pirinc-kopuk-nozul-1-2-baglanti-capi-yogun-kopuk-etkili-havuz-fiskiye-basligi\/","url":"https:\/\/www.havuzadairhersey.com\/index.php\/urun\/pirinc-kopuk-nozul-1-2-baglanti-capi-yogun-kopuk-etkili-havuz-fiskiye-basligi\/","name":"Pirin\u00e7 K\u00f6p\u00fck Nozul, 1\u201d-2\u201d Ba\u011flant\u0131 \u00c7ap\u0131, Yo\u011fun K\u00f6p\u00fck Etkili Havuz F\u0131skiye Ba\u015fl\u0131\u011f\u0131 -","isPartOf":{"@id":"https:\/\/www.havuzadairhersey.com\/#website"},"primaryImageOfPage":{"@id":"https:\/\/www.havuzadairhersey.com\/index.php\/urun\/pirinc-kopuk-nozul-1-2-baglanti-capi-yogun-kopuk-etkili-havuz-fiskiye-basligi\/#primaryimage"},"image":{"@id":"https:\/\/www.havuzadairhersey.com\/index.php\/urun\/pirinc-kopuk-nozul-1-2-baglanti-capi-yogun-kopuk-etkili-havuz-fiskiye-basligi\/#primaryimage"},"thumbnailUrl":"https:\/\/www.havuzadairhersey.com\/wp-content\/uploads\/2025\/05\/1-78.png","datePublished":"2025-05-04T08:17:23+00:00","dateModified":"2025-05-30T20:20:51+00:00","breadcrumb":{"@id":"https:\/\/www.havuzadairhersey.com\/index.php\/urun\/pirinc-kopuk-nozul-1-2-baglanti-capi-yogun-kopuk-etkili-havuz-fiskiye-basligi\/#breadcrumb"},"inLanguage":"tr","potentialAction":[{"@type":"ReadAction","target":["https:\/\/www.havuzadairhersey.com\/index.php\/urun\/pirinc-kopuk-nozul-1-2-baglanti-capi-yogun-kopuk-etkili-havuz-fiskiye-basligi\/"]}]},{"@type":"ImageObject","inLanguage":"tr","@id":"https:\/\/www.havuzadairhersey.com\/index.php\/urun\/pirinc-kopuk-nozul-1-2-baglanti-capi-yogun-kopuk-etkili-havuz-fiskiye-basligi\/#primaryimage","url":"https:\/\/www.havuzadairhersey.com\/wp-content\/uploads\/2025\/05\/1-78.png","contentUrl":"https:\/\/www.havuzadairhersey.com\/wp-content\/uploads\/2025\/05\/1-78.png","width":1875,"height":2000,"caption":"Yo\u011fun K\u00f6p\u00fck Olu\u015fturan Havuz F\u0131skiye Ba\u015fl\u0131\u011f\u0131"},{"@type":"BreadcrumbList","@id":"https:\/\/www.havuzadairhersey.com\/index.php\/urun\/pirinc-kopuk-nozul-1-2-baglanti-capi-yogun-kopuk-etkili-havuz-fiskiye-basligi\/#breadcrumb","itemListElement":[{"@type":"ListItem","position":1,"name":"Anasayfa","item":"https:\/\/www.havuzadairhersey.com\/"},{"@type":"ListItem","position":2,"name":"Ma\u011faza","item":"https:\/\/www.havuzadairhersey.com\/"},{"@type":"ListItem","position":3,"name":"Pirin\u00e7 K\u00f6p\u00fck Nozul, 1\u201d-2\u201d Ba\u011flant\u0131 \u00c7ap\u0131, Yo\u011fun K\u00f6p\u00fck Etkili Havuz F\u0131skiye Ba\u015fl\u0131\u011f\u0131"}]},{"@type":"WebSite","@id":"https:\/\/www.havuzadairhersey.com\/#website","url":"https:\/\/www.havuzadairhersey.com\/","name":"","description":"Havuza dair arad\u0131\u011f\u0131n\u0131z her\u015fey burada...","potentialAction":[{"@type":"SearchAction","target":{"@type":"EntryPoint","urlTemplate":"https:\/\/www.havuzadairhersey.com\/?s={search_term_string}"},"query-input":{"@type":"PropertyValueSpecification","valueRequired":true,"valueName":"search_term_string"}}],"inLanguage":"tr"}]}},"_links":{"self":[{"href":"https:\/\/www.havuzadairhersey.com\/index.php\/wp-json\/wp\/v2\/product\/3353","targetHints":{"allow":["GET"]}}],"collection":[{"href":"https:\/\/www.havuzadairhersey.com\/index.php\/wp-json\/wp\/v2\/product"}],"about":[{"href":"https:\/\/www.havuzadairhersey.com\/index.php\/wp-json\/wp\/v2\/types\/product"}],"replies":[{"embeddable":true,"href":"https:\/\/www.havuzadairhersey.com\/index.php\/wp-json\/wp\/v2\/comments?post=3353"}],"wp:featuredmedia":[{"embeddable":true,"href":"https:\/\/www.havuzadairhersey.com\/index.php\/wp-json\/wp\/v2\/media\/3354"}],"wp:attachment":[{"href":"https:\/\/www.havuzadairhersey.com\/index.php\/wp-json\/wp\/v2\/media?parent=3353"}],"wp:term":[{"taxonomy":"product_brand","embeddable":true,"href":"https:\/\/www.havuzadairhersey.com\/index.php\/wp-json\/wp\/v2\/product_brand?post=3353"},{"taxonomy":"product_cat","embeddable":true,"href":"https:\/\/www.havuzadairhersey.com\/index.php\/wp-json\/wp\/v2\/product_cat?post=3353"},{"taxonomy":"product_tag","embeddable":true,"href":"https:\/\/www.havuzadairhersey.com\/index.php\/wp-json\/wp\/v2\/product_tag?post=3353"}],"curies":[{"name":"wp","href":"https:\/\/api.w.org\/{rel}","templated":true}]}}