{"id":3360,"date":"2025-05-04T11:23:01","date_gmt":"2025-05-04T08:23:01","guid":{"rendered":"https:\/\/www.havuzadairhersey.com\/?post_type=product&#038;p=3360"},"modified":"2025-05-30T23:20:35","modified_gmt":"2025-05-30T20:20:35","slug":"paslanmaz-celik-kopuklu-konik-su-fiskiyesi-nozul-1-3-baglanti-secenekli","status":"publish","type":"product","link":"https:\/\/www.havuzadairhersey.com\/index.php\/urun\/paslanmaz-celik-kopuklu-konik-su-fiskiyesi-nozul-1-3-baglanti-secenekli\/","title":{"rendered":"Paslanmaz \u00c7elik K\u00f6p\u00fckl\u00fc Konik Su F\u0131skiyesi Nozul \u2013 1&#8221; &#8211; 3&#8221; Ba\u011flant\u0131 Se\u00e7enekli"},"content":{"rendered":"<p>AISI 304 paslanmaz \u00e7elikten \u00fcretilmi\u015f bu konik su f\u0131skiyesi, k\u00f6p\u00fckl\u00fc su efekti yaratarak havuz ve s\u00fcs havuzlar\u0131nda estetik bir g\u00f6r\u00fcn\u00fcm sa\u011flar. Su seviyesine ba\u011fl\u0131 \u00e7al\u0131\u015farak verimli kullan\u0131m sunar. 1&#8221; ila 3&#8221; aras\u0131 ba\u011flant\u0131 \u00e7ap\u0131 se\u00e7enekleriyle uyumludur.<\/p>\n","protected":false},"excerpt":{"rendered":"<p>Paslanmaz \u00e7elik konik su f\u0131skiyesi, k\u00f6p\u00fckl\u00fc su efekti ve estetik g\u00f6r\u00fcn\u00fcm sa\u011flar.<\/p>\n","protected":false},"featured_media":3361,"comment_status":"open","ping_status":"closed","template":"","meta":{"site-sidebar-layout":"default","site-content-layout":"","ast-site-content-layout":"default","site-content-style":"default","site-sidebar-style":"default","ast-global-header-display":"","ast-banner-title-visibility":"","ast-main-header-display":"","ast-hfb-above-header-display":"","ast-hfb-below-header-display":"","ast-hfb-mobile-header-display":"","site-post-title":"","ast-breadcrumbs-content":"","ast-featured-img":"","footer-sml-layout":"","theme-transparent-header-meta":"default","adv-header-id-meta":"","stick-header-meta":"","header-above-stick-meta":"","header-main-stick-meta":"","header-below-stick-meta":"","astra-migrate-meta-layouts":"set","ast-page-background-enabled":"default","ast-page-background-meta":{"desktop":{"background-color":"var(--ast-global-color-5)","background-image":"","background-repeat":"repeat","background-position":"center center","background-size":"auto","background-attachment":"scroll","background-type":"","background-media":"","overlay-type":"","overlay-color":"","overlay-opacity":"","overlay-gradient":""},"tablet":{"background-color":"","background-image":"","background-repeat":"repeat","background-position":"center center","background-size":"auto","background-attachment":"scroll","background-type":"","background-media":"","overlay-type":"","overlay-color":"","overlay-opacity":"","overlay-gradient":""},"mobile":{"background-color":"","background-image":"","background-repeat":"repeat","background-position":"center center","background-size":"auto","background-attachment":"scroll","background-type":"","background-media":"","overlay-type":"","overlay-color":"","overlay-opacity":"","overlay-gradient":""}},"ast-content-background-meta":{"desktop":{"background-color":"var(--ast-global-color-4)","background-image":"","background-repeat":"repeat","background-position":"center center","background-size":"auto","background-attachment":"scroll","background-type":"","background-media":"","overlay-type":"","overlay-color":"","overlay-opacity":"","overlay-gradient":""},"tablet":{"background-color":"var(--ast-global-color-4)","background-image":"","background-repeat":"repeat","background-position":"center center","background-size":"auto","background-attachment":"scroll","background-type":"","background-media":"","overlay-type":"","overlay-color":"","overlay-opacity":"","overlay-gradient":""},"mobile":{"background-color":"var(--ast-global-color-4)","background-image":"","background-repeat":"repeat","background-position":"center center","background-size":"auto","background-attachment":"scroll","background-type":"","background-media":"","overlay-type":"","overlay-color":"","overlay-opacity":"","overlay-gradient":""}}},"product_brand":[3683],"product_cat":[1900],"product_tag":[4956,4957,4955,4954,4951,4952,4953,4798,4937,2014],"class_list":{"0":"post-3360","1":"product","2":"type-product","3":"status-publish","4":"has-post-thumbnail","6":"product_brand-neta-havuz","7":"product_cat-sus-havuzu-aydinlatma-lambalari","8":"product_tag-304-celik-nozul","9":"product_tag-estetik-su-efekti","10":"product_tag-havuz-nozul-basligi","11":"product_tag-konik-kopuklu-nozul","12":"product_tag-konik-su-fiskiyesi","13":"product_tag-nozul-1-inc","14":"product_tag-nozul-2-inc","15":"product_tag-nozul-baslik","16":"product_tag-paslanmaz-fiskiye","17":"product_tag-sus-havuzu-fiskiyesi","18":"desktop-align-left","19":"tablet-align-left","20":"mobile-align-left","22":"first","23":"outofstock","24":"shipping-taxable","25":"purchasable","26":"product-type-variable"},"yoast_head":"<!-- This site is optimized with the Yoast SEO plugin v25.0 - https:\/\/yoast.com\/wordpress\/plugins\/seo\/ -->\n<title>Paslanmaz \u00c7elik K\u00f6p\u00fckl\u00fc Konik Su F\u0131skiyesi Nozul \u2013 1&#039;&#039; - 3&#039;&#039; Ba\u011flant\u0131 Se\u00e7enekli -<\/title>\n<meta name=\"robots\" content=\"index, follow, max-snippet:-1, max-image-preview:large, max-video-preview:-1\" \/>\n<link rel=\"canonical\" href=\"https:\/\/www.havuzadairhersey.com\/index.php\/urun\/paslanmaz-celik-kopuklu-konik-su-fiskiyesi-nozul-1-3-baglanti-secenekli\/\" \/>\n<meta property=\"og:locale\" content=\"tr_TR\" \/>\n<meta property=\"og:type\" content=\"article\" \/>\n<meta property=\"og:title\" content=\"Paslanmaz \u00c7elik K\u00f6p\u00fckl\u00fc Konik Su F\u0131skiyesi Nozul \u2013 1&#039;&#039; - 3&#039;&#039; Ba\u011flant\u0131 Se\u00e7enekli -\" \/>\n<meta property=\"og:description\" content=\"Paslanmaz \u00e7elik konik su f\u0131skiyesi, k\u00f6p\u00fckl\u00fc su efekti ve estetik g\u00f6r\u00fcn\u00fcm sa\u011flar.\" \/>\n<meta property=\"og:url\" content=\"https:\/\/www.havuzadairhersey.com\/index.php\/urun\/paslanmaz-celik-kopuklu-konik-su-fiskiyesi-nozul-1-3-baglanti-secenekli\/\" \/>\n<meta property=\"article:modified_time\" content=\"2025-05-30T20:20:35+00:00\" \/>\n<meta property=\"og:image\" content=\"https:\/\/www.havuzadairhersey.com\/wp-content\/uploads\/2025\/05\/1-79.png\" \/>\n\t<meta property=\"og:image:width\" content=\"1875\" \/>\n\t<meta property=\"og:image:height\" content=\"2000\" \/>\n\t<meta property=\"og:image:type\" content=\"image\/png\" \/>\n<meta name=\"twitter:card\" content=\"summary_large_image\" \/>\n<script type=\"application\/ld+json\" class=\"yoast-schema-graph\">{\"@context\":\"https:\/\/schema.org\",\"@graph\":[{\"@type\":\"WebPage\",\"@id\":\"https:\/\/www.havuzadairhersey.com\/index.php\/urun\/paslanmaz-celik-kopuklu-konik-su-fiskiyesi-nozul-1-3-baglanti-secenekli\/\",\"url\":\"https:\/\/www.havuzadairhersey.com\/index.php\/urun\/paslanmaz-celik-kopuklu-konik-su-fiskiyesi-nozul-1-3-baglanti-secenekli\/\",\"name\":\"Paslanmaz \u00c7elik K\u00f6p\u00fckl\u00fc Konik Su F\u0131skiyesi Nozul \u2013 1'' - 3'' Ba\u011flant\u0131 Se\u00e7enekli -\",\"isPartOf\":{\"@id\":\"https:\/\/www.havuzadairhersey.com\/#website\"},\"primaryImageOfPage\":{\"@id\":\"https:\/\/www.havuzadairhersey.com\/index.php\/urun\/paslanmaz-celik-kopuklu-konik-su-fiskiyesi-nozul-1-3-baglanti-secenekli\/#primaryimage\"},\"image\":{\"@id\":\"https:\/\/www.havuzadairhersey.com\/index.php\/urun\/paslanmaz-celik-kopuklu-konik-su-fiskiyesi-nozul-1-3-baglanti-secenekli\/#primaryimage\"},\"thumbnailUrl\":\"https:\/\/www.havuzadairhersey.com\/wp-content\/uploads\/2025\/05\/1-79.png\",\"datePublished\":\"2025-05-04T08:23:01+00:00\",\"dateModified\":\"2025-05-30T20:20:35+00:00\",\"breadcrumb\":{\"@id\":\"https:\/\/www.havuzadairhersey.com\/index.php\/urun\/paslanmaz-celik-kopuklu-konik-su-fiskiyesi-nozul-1-3-baglanti-secenekli\/#breadcrumb\"},\"inLanguage\":\"tr\",\"potentialAction\":[{\"@type\":\"ReadAction\",\"target\":[\"https:\/\/www.havuzadairhersey.com\/index.php\/urun\/paslanmaz-celik-kopuklu-konik-su-fiskiyesi-nozul-1-3-baglanti-secenekli\/\"]}]},{\"@type\":\"ImageObject\",\"inLanguage\":\"tr\",\"@id\":\"https:\/\/www.havuzadairhersey.com\/index.php\/urun\/paslanmaz-celik-kopuklu-konik-su-fiskiyesi-nozul-1-3-baglanti-secenekli\/#primaryimage\",\"url\":\"https:\/\/www.havuzadairhersey.com\/wp-content\/uploads\/2025\/05\/1-79.png\",\"contentUrl\":\"https:\/\/www.havuzadairhersey.com\/wp-content\/uploads\/2025\/05\/1-79.png\",\"width\":1875,\"height\":2000,\"caption\":\"Estetik K\u00f6p\u00fckl\u00fc Su G\u00f6r\u00fcn\u00fcm\u00fc \u0130\u00e7in Tasarlanm\u0131\u015f\"},{\"@type\":\"BreadcrumbList\",\"@id\":\"https:\/\/www.havuzadairhersey.com\/index.php\/urun\/paslanmaz-celik-kopuklu-konik-su-fiskiyesi-nozul-1-3-baglanti-secenekli\/#breadcrumb\",\"itemListElement\":[{\"@type\":\"ListItem\",\"position\":1,\"name\":\"Anasayfa\",\"item\":\"https:\/\/www.havuzadairhersey.com\/\"},{\"@type\":\"ListItem\",\"position\":2,\"name\":\"Ma\u011faza\",\"item\":\"https:\/\/www.havuzadairhersey.com\/\"},{\"@type\":\"ListItem\",\"position\":3,\"name\":\"Paslanmaz \u00c7elik K\u00f6p\u00fckl\u00fc Konik Su F\u0131skiyesi Nozul \u2013 1&#8221; &#8211; 3&#8221; Ba\u011flant\u0131 Se\u00e7enekli\"}]},{\"@type\":\"WebSite\",\"@id\":\"https:\/\/www.havuzadairhersey.com\/#website\",\"url\":\"https:\/\/www.havuzadairhersey.com\/\",\"name\":\"\",\"description\":\"Havuza dair arad\u0131\u011f\u0131n\u0131z her\u015fey burada...\",\"potentialAction\":[{\"@type\":\"SearchAction\",\"target\":{\"@type\":\"EntryPoint\",\"urlTemplate\":\"https:\/\/www.havuzadairhersey.com\/?s={search_term_string}\"},\"query-input\":{\"@type\":\"PropertyValueSpecification\",\"valueRequired\":true,\"valueName\":\"search_term_string\"}}],\"inLanguage\":\"tr\"}]}<\/script>\n<!-- \/ Yoast SEO plugin. -->","yoast_head_json":{"title":"Paslanmaz \u00c7elik K\u00f6p\u00fckl\u00fc Konik Su F\u0131skiyesi Nozul \u2013 1'' - 3'' Ba\u011flant\u0131 Se\u00e7enekli -","robots":{"index":"index","follow":"follow","max-snippet":"max-snippet:-1","max-image-preview":"max-image-preview:large","max-video-preview":"max-video-preview:-1"},"canonical":"https:\/\/www.havuzadairhersey.com\/index.php\/urun\/paslanmaz-celik-kopuklu-konik-su-fiskiyesi-nozul-1-3-baglanti-secenekli\/","og_locale":"tr_TR","og_type":"article","og_title":"Paslanmaz \u00c7elik K\u00f6p\u00fckl\u00fc Konik Su F\u0131skiyesi Nozul \u2013 1'' - 3'' Ba\u011flant\u0131 Se\u00e7enekli -","og_description":"Paslanmaz \u00e7elik konik su f\u0131skiyesi, k\u00f6p\u00fckl\u00fc su efekti ve estetik g\u00f6r\u00fcn\u00fcm sa\u011flar.","og_url":"https:\/\/www.havuzadairhersey.com\/index.php\/urun\/paslanmaz-celik-kopuklu-konik-su-fiskiyesi-nozul-1-3-baglanti-secenekli\/","article_modified_time":"2025-05-30T20:20:35+00:00","og_image":[{"width":1875,"height":2000,"url":"https:\/\/www.havuzadairhersey.com\/wp-content\/uploads\/2025\/05\/1-79.png","type":"image\/png"}],"twitter_card":"summary_large_image","schema":{"@context":"https:\/\/schema.org","@graph":[{"@type":"WebPage","@id":"https:\/\/www.havuzadairhersey.com\/index.php\/urun\/paslanmaz-celik-kopuklu-konik-su-fiskiyesi-nozul-1-3-baglanti-secenekli\/","url":"https:\/\/www.havuzadairhersey.com\/index.php\/urun\/paslanmaz-celik-kopuklu-konik-su-fiskiyesi-nozul-1-3-baglanti-secenekli\/","name":"Paslanmaz \u00c7elik K\u00f6p\u00fckl\u00fc Konik Su F\u0131skiyesi Nozul \u2013 1'' - 3'' Ba\u011flant\u0131 Se\u00e7enekli -","isPartOf":{"@id":"https:\/\/www.havuzadairhersey.com\/#website"},"primaryImageOfPage":{"@id":"https:\/\/www.havuzadairhersey.com\/index.php\/urun\/paslanmaz-celik-kopuklu-konik-su-fiskiyesi-nozul-1-3-baglanti-secenekli\/#primaryimage"},"image":{"@id":"https:\/\/www.havuzadairhersey.com\/index.php\/urun\/paslanmaz-celik-kopuklu-konik-su-fiskiyesi-nozul-1-3-baglanti-secenekli\/#primaryimage"},"thumbnailUrl":"https:\/\/www.havuzadairhersey.com\/wp-content\/uploads\/2025\/05\/1-79.png","datePublished":"2025-05-04T08:23:01+00:00","dateModified":"2025-05-30T20:20:35+00:00","breadcrumb":{"@id":"https:\/\/www.havuzadairhersey.com\/index.php\/urun\/paslanmaz-celik-kopuklu-konik-su-fiskiyesi-nozul-1-3-baglanti-secenekli\/#breadcrumb"},"inLanguage":"tr","potentialAction":[{"@type":"ReadAction","target":["https:\/\/www.havuzadairhersey.com\/index.php\/urun\/paslanmaz-celik-kopuklu-konik-su-fiskiyesi-nozul-1-3-baglanti-secenekli\/"]}]},{"@type":"ImageObject","inLanguage":"tr","@id":"https:\/\/www.havuzadairhersey.com\/index.php\/urun\/paslanmaz-celik-kopuklu-konik-su-fiskiyesi-nozul-1-3-baglanti-secenekli\/#primaryimage","url":"https:\/\/www.havuzadairhersey.com\/wp-content\/uploads\/2025\/05\/1-79.png","contentUrl":"https:\/\/www.havuzadairhersey.com\/wp-content\/uploads\/2025\/05\/1-79.png","width":1875,"height":2000,"caption":"Estetik K\u00f6p\u00fckl\u00fc Su G\u00f6r\u00fcn\u00fcm\u00fc \u0130\u00e7in Tasarlanm\u0131\u015f"},{"@type":"BreadcrumbList","@id":"https:\/\/www.havuzadairhersey.com\/index.php\/urun\/paslanmaz-celik-kopuklu-konik-su-fiskiyesi-nozul-1-3-baglanti-secenekli\/#breadcrumb","itemListElement":[{"@type":"ListItem","position":1,"name":"Anasayfa","item":"https:\/\/www.havuzadairhersey.com\/"},{"@type":"ListItem","position":2,"name":"Ma\u011faza","item":"https:\/\/www.havuzadairhersey.com\/"},{"@type":"ListItem","position":3,"name":"Paslanmaz \u00c7elik K\u00f6p\u00fckl\u00fc Konik Su F\u0131skiyesi Nozul \u2013 1&#8221; &#8211; 3&#8221; Ba\u011flant\u0131 Se\u00e7enekli"}]},{"@type":"WebSite","@id":"https:\/\/www.havuzadairhersey.com\/#website","url":"https:\/\/www.havuzadairhersey.com\/","name":"","description":"Havuza dair arad\u0131\u011f\u0131n\u0131z her\u015fey burada...","potentialAction":[{"@type":"SearchAction","target":{"@type":"EntryPoint","urlTemplate":"https:\/\/www.havuzadairhersey.com\/?s={search_term_string}"},"query-input":{"@type":"PropertyValueSpecification","valueRequired":true,"valueName":"search_term_string"}}],"inLanguage":"tr"}]}},"_links":{"self":[{"href":"https:\/\/www.havuzadairhersey.com\/index.php\/wp-json\/wp\/v2\/product\/3360","targetHints":{"allow":["GET"]}}],"collection":[{"href":"https:\/\/www.havuzadairhersey.com\/index.php\/wp-json\/wp\/v2\/product"}],"about":[{"href":"https:\/\/www.havuzadairhersey.com\/index.php\/wp-json\/wp\/v2\/types\/product"}],"replies":[{"embeddable":true,"href":"https:\/\/www.havuzadairhersey.com\/index.php\/wp-json\/wp\/v2\/comments?post=3360"}],"wp:featuredmedia":[{"embeddable":true,"href":"https:\/\/www.havuzadairhersey.com\/index.php\/wp-json\/wp\/v2\/media\/3361"}],"wp:attachment":[{"href":"https:\/\/www.havuzadairhersey.com\/index.php\/wp-json\/wp\/v2\/media?parent=3360"}],"wp:term":[{"taxonomy":"product_brand","embeddable":true,"href":"https:\/\/www.havuzadairhersey.com\/index.php\/wp-json\/wp\/v2\/product_brand?post=3360"},{"taxonomy":"product_cat","embeddable":true,"href":"https:\/\/www.havuzadairhersey.com\/index.php\/wp-json\/wp\/v2\/product_cat?post=3360"},{"taxonomy":"product_tag","embeddable":true,"href":"https:\/\/www.havuzadairhersey.com\/index.php\/wp-json\/wp\/v2\/product_tag?post=3360"}],"curies":[{"name":"wp","href":"https:\/\/api.w.org\/{rel}","templated":true}]}}