{"id":3439,"date":"2025-05-04T12:27:31","date_gmt":"2025-05-04T09:27:31","guid":{"rendered":"https:\/\/www.havuzadairhersey.com\/?post_type=product&#038;p=3439"},"modified":"2025-05-30T23:17:26","modified_gmt":"2025-05-30T20:17:26","slug":"paslanmaz-govdeli-rgb-ve-beyaz-led-havuz-aydinlatma-lambasi-nozul-uyumlu-6w-18w","status":"publish","type":"product","link":"https:\/\/www.havuzadairhersey.com\/index.php\/urun\/paslanmaz-govdeli-rgb-ve-beyaz-led-havuz-aydinlatma-lambasi-nozul-uyumlu-6w-18w\/","title":{"rendered":"Paslanmaz G\u00f6vdeli RGB ve Beyaz LED Havuz Ayd\u0131nlatma Lambas\u0131, Nozul Uyumlu, 6W\u201318W"},"content":{"rendered":"<p>Bu monoblok paslanmaz g\u00f6vdeli havuz ayd\u0131nlatma lambalar\u0131, hem estetik hem de dayan\u0131kl\u0131l\u0131k sunar. Polikarbonat cam\u0131 ve IP68 koruma standard\u0131yla su alt\u0131nda g\u00fcvenli kullan\u0131m sa\u011flar. 6W ila 18W g\u00fc\u00e7 aral\u0131\u011f\u0131nda, beyaz ve RGB renk se\u00e7enekleri mevcuttur. Farkl\u0131 \u00e7ap se\u00e7enekleriyle havuz boyutuna g\u00f6re uyum sa\u011flar. \u0130ste\u011fe ba\u011fl\u0131 olarak \u00fcr\u00fcn i\u00e7ine farkl\u0131 f\u0131skiye nozullar\u0131 monte edilebilir. Nozullar fiyata dahil de\u011fildir ve yaln\u0131zca g\u00f6rsel ama\u00e7l\u0131 sunulmu\u015ftur. Geli\u015fmi\u015f LED teknolojisi sayesinde enerji verimlili\u011fiyle uzun \u00f6m\u00fcrl\u00fc kullan\u0131m sunar.<\/p>\n","protected":false},"excerpt":{"rendered":"<p>IP68 korumal\u0131, RGB ve beyaz \u0131\u015f\u0131k se\u00e7enekli LED havuz lambas\u0131. Farkl\u0131 g\u00fc\u00e7 ve \u00e7ap se\u00e7enekleriyle uyumlu, f\u0131skiye nozulu montaj\u0131na uygun.<\/p>\n","protected":false},"featured_media":3440,"comment_status":"open","ping_status":"closed","template":"","meta":{"site-sidebar-layout":"default","site-content-layout":"","ast-site-content-layout":"default","site-content-style":"default","site-sidebar-style":"default","ast-global-header-display":"","ast-banner-title-visibility":"","ast-main-header-display":"","ast-hfb-above-header-display":"","ast-hfb-below-header-display":"","ast-hfb-mobile-header-display":"","site-post-title":"","ast-breadcrumbs-content":"","ast-featured-img":"","footer-sml-layout":"","theme-transparent-header-meta":"default","adv-header-id-meta":"","stick-header-meta":"","header-above-stick-meta":"","header-main-stick-meta":"","header-below-stick-meta":"","astra-migrate-meta-layouts":"set","ast-page-background-enabled":"default","ast-page-background-meta":{"desktop":{"background-color":"var(--ast-global-color-5)","background-image":"","background-repeat":"repeat","background-position":"center center","background-size":"auto","background-attachment":"scroll","background-type":"","background-media":"","overlay-type":"","overlay-color":"","overlay-opacity":"","overlay-gradient":""},"tablet":{"background-color":"","background-image":"","background-repeat":"repeat","background-position":"center center","background-size":"auto","background-attachment":"scroll","background-type":"","background-media":"","overlay-type":"","overlay-color":"","overlay-opacity":"","overlay-gradient":""},"mobile":{"background-color":"","background-image":"","background-repeat":"repeat","background-position":"center center","background-size":"auto","background-attachment":"scroll","background-type":"","background-media":"","overlay-type":"","overlay-color":"","overlay-opacity":"","overlay-gradient":""}},"ast-content-background-meta":{"desktop":{"background-color":"var(--ast-global-color-4)","background-image":"","background-repeat":"repeat","background-position":"center center","background-size":"auto","background-attachment":"scroll","background-type":"","background-media":"","overlay-type":"","overlay-color":"","overlay-opacity":"","overlay-gradient":""},"tablet":{"background-color":"var(--ast-global-color-4)","background-image":"","background-repeat":"repeat","background-position":"center center","background-size":"auto","background-attachment":"scroll","background-type":"","background-media":"","overlay-type":"","overlay-color":"","overlay-opacity":"","overlay-gradient":""},"mobile":{"background-color":"var(--ast-global-color-4)","background-image":"","background-repeat":"repeat","background-position":"center center","background-size":"auto","background-attachment":"scroll","background-type":"","background-media":"","overlay-type":"","overlay-color":"","overlay-opacity":"","overlay-gradient":""}}},"product_brand":[3683],"product_cat":[1900],"product_tag":[5054,5055,5052,5053,5049,1935,5050,5051,1936],"class_list":{"0":"post-3439","1":"product","2":"type-product","3":"status-publish","4":"has-post-thumbnail","6":"product_brand-neta-havuz","7":"product_cat-sus-havuzu-aydinlatma-lambalari","8":"product_tag-12v-led-havuz","9":"product_tag-18w-rgb-aydinlatma","10":"product_tag-fiskiye-uyumlu-lamba","11":"product_tag-havuz-alti-isik","12":"product_tag-ip68-havuz-isigi","13":"product_tag-led-havuz-lambasi","14":"product_tag-monoblok-paslanmaz-lamba","15":"product_tag-polycarbonate-cam-lamba","16":"product_tag-rgb-havuz-aydinlatma","17":"desktop-align-left","18":"tablet-align-left","19":"mobile-align-left","21":"first","22":"outofstock","23":"shipping-taxable","24":"purchasable","25":"product-type-variable"},"yoast_head":"<!-- This site is optimized with the Yoast SEO plugin v25.0 - https:\/\/yoast.com\/wordpress\/plugins\/seo\/ -->\n<title>Paslanmaz G\u00f6vdeli RGB ve Beyaz LED Havuz Ayd\u0131nlatma Lambas\u0131, Nozul Uyumlu, 6W\u201318W -<\/title>\n<meta name=\"robots\" content=\"index, follow, max-snippet:-1, max-image-preview:large, max-video-preview:-1\" \/>\n<link rel=\"canonical\" href=\"https:\/\/www.havuzadairhersey.com\/index.php\/urun\/paslanmaz-govdeli-rgb-ve-beyaz-led-havuz-aydinlatma-lambasi-nozul-uyumlu-6w-18w\/\" \/>\n<meta property=\"og:locale\" content=\"tr_TR\" \/>\n<meta property=\"og:type\" content=\"article\" \/>\n<meta property=\"og:title\" content=\"Paslanmaz G\u00f6vdeli RGB ve Beyaz LED Havuz Ayd\u0131nlatma Lambas\u0131, Nozul Uyumlu, 6W\u201318W -\" \/>\n<meta property=\"og:description\" content=\"IP68 korumal\u0131, RGB ve beyaz \u0131\u015f\u0131k se\u00e7enekli LED havuz lambas\u0131. Farkl\u0131 g\u00fc\u00e7 ve \u00e7ap se\u00e7enekleriyle uyumlu, f\u0131skiye nozulu montaj\u0131na uygun.\" \/>\n<meta property=\"og:url\" content=\"https:\/\/www.havuzadairhersey.com\/index.php\/urun\/paslanmaz-govdeli-rgb-ve-beyaz-led-havuz-aydinlatma-lambasi-nozul-uyumlu-6w-18w\/\" \/>\n<meta property=\"article:modified_time\" content=\"2025-05-30T20:17:26+00:00\" \/>\n<meta property=\"og:image\" content=\"https:\/\/www.havuzadairhersey.com\/wp-content\/uploads\/2025\/05\/1-90.png\" \/>\n\t<meta property=\"og:image:width\" content=\"1875\" \/>\n\t<meta property=\"og:image:height\" content=\"2000\" \/>\n\t<meta property=\"og:image:type\" content=\"image\/png\" \/>\n<meta name=\"twitter:card\" content=\"summary_large_image\" \/>\n<meta name=\"twitter:label1\" content=\"Tahmini okuma s\u00fcresi\" \/>\n\t<meta name=\"twitter:data1\" content=\"1 dakika\" \/>\n<script type=\"application\/ld+json\" class=\"yoast-schema-graph\">{\"@context\":\"https:\/\/schema.org\",\"@graph\":[{\"@type\":\"WebPage\",\"@id\":\"https:\/\/www.havuzadairhersey.com\/index.php\/urun\/paslanmaz-govdeli-rgb-ve-beyaz-led-havuz-aydinlatma-lambasi-nozul-uyumlu-6w-18w\/\",\"url\":\"https:\/\/www.havuzadairhersey.com\/index.php\/urun\/paslanmaz-govdeli-rgb-ve-beyaz-led-havuz-aydinlatma-lambasi-nozul-uyumlu-6w-18w\/\",\"name\":\"Paslanmaz G\u00f6vdeli RGB ve Beyaz LED Havuz Ayd\u0131nlatma Lambas\u0131, Nozul Uyumlu, 6W\u201318W -\",\"isPartOf\":{\"@id\":\"https:\/\/www.havuzadairhersey.com\/#website\"},\"primaryImageOfPage\":{\"@id\":\"https:\/\/www.havuzadairhersey.com\/index.php\/urun\/paslanmaz-govdeli-rgb-ve-beyaz-led-havuz-aydinlatma-lambasi-nozul-uyumlu-6w-18w\/#primaryimage\"},\"image\":{\"@id\":\"https:\/\/www.havuzadairhersey.com\/index.php\/urun\/paslanmaz-govdeli-rgb-ve-beyaz-led-havuz-aydinlatma-lambasi-nozul-uyumlu-6w-18w\/#primaryimage\"},\"thumbnailUrl\":\"https:\/\/www.havuzadairhersey.com\/wp-content\/uploads\/2025\/05\/1-90.png\",\"datePublished\":\"2025-05-04T09:27:31+00:00\",\"dateModified\":\"2025-05-30T20:17:26+00:00\",\"breadcrumb\":{\"@id\":\"https:\/\/www.havuzadairhersey.com\/index.php\/urun\/paslanmaz-govdeli-rgb-ve-beyaz-led-havuz-aydinlatma-lambasi-nozul-uyumlu-6w-18w\/#breadcrumb\"},\"inLanguage\":\"tr\",\"potentialAction\":[{\"@type\":\"ReadAction\",\"target\":[\"https:\/\/www.havuzadairhersey.com\/index.php\/urun\/paslanmaz-govdeli-rgb-ve-beyaz-led-havuz-aydinlatma-lambasi-nozul-uyumlu-6w-18w\/\"]}]},{\"@type\":\"ImageObject\",\"inLanguage\":\"tr\",\"@id\":\"https:\/\/www.havuzadairhersey.com\/index.php\/urun\/paslanmaz-govdeli-rgb-ve-beyaz-led-havuz-aydinlatma-lambasi-nozul-uyumlu-6w-18w\/#primaryimage\",\"url\":\"https:\/\/www.havuzadairhersey.com\/wp-content\/uploads\/2025\/05\/1-90.png\",\"contentUrl\":\"https:\/\/www.havuzadairhersey.com\/wp-content\/uploads\/2025\/05\/1-90.png\",\"width\":1875,\"height\":2000,\"caption\":\"IP68 Korumal\u0131 RGB ve Beyaz LED Lambalar \u2013 F\u0131skiye Nozulu Uyumlu\"},{\"@type\":\"BreadcrumbList\",\"@id\":\"https:\/\/www.havuzadairhersey.com\/index.php\/urun\/paslanmaz-govdeli-rgb-ve-beyaz-led-havuz-aydinlatma-lambasi-nozul-uyumlu-6w-18w\/#breadcrumb\",\"itemListElement\":[{\"@type\":\"ListItem\",\"position\":1,\"name\":\"Anasayfa\",\"item\":\"https:\/\/www.havuzadairhersey.com\/\"},{\"@type\":\"ListItem\",\"position\":2,\"name\":\"Ma\u011faza\",\"item\":\"https:\/\/www.havuzadairhersey.com\/\"},{\"@type\":\"ListItem\",\"position\":3,\"name\":\"Paslanmaz G\u00f6vdeli RGB ve Beyaz LED Havuz Ayd\u0131nlatma Lambas\u0131, Nozul Uyumlu, 6W\u201318W\"}]},{\"@type\":\"WebSite\",\"@id\":\"https:\/\/www.havuzadairhersey.com\/#website\",\"url\":\"https:\/\/www.havuzadairhersey.com\/\",\"name\":\"\",\"description\":\"Havuza dair arad\u0131\u011f\u0131n\u0131z her\u015fey burada...\",\"potentialAction\":[{\"@type\":\"SearchAction\",\"target\":{\"@type\":\"EntryPoint\",\"urlTemplate\":\"https:\/\/www.havuzadairhersey.com\/?s={search_term_string}\"},\"query-input\":{\"@type\":\"PropertyValueSpecification\",\"valueRequired\":true,\"valueName\":\"search_term_string\"}}],\"inLanguage\":\"tr\"}]}<\/script>\n<!-- \/ Yoast SEO plugin. -->","yoast_head_json":{"title":"Paslanmaz G\u00f6vdeli RGB ve Beyaz LED Havuz Ayd\u0131nlatma Lambas\u0131, Nozul Uyumlu, 6W\u201318W -","robots":{"index":"index","follow":"follow","max-snippet":"max-snippet:-1","max-image-preview":"max-image-preview:large","max-video-preview":"max-video-preview:-1"},"canonical":"https:\/\/www.havuzadairhersey.com\/index.php\/urun\/paslanmaz-govdeli-rgb-ve-beyaz-led-havuz-aydinlatma-lambasi-nozul-uyumlu-6w-18w\/","og_locale":"tr_TR","og_type":"article","og_title":"Paslanmaz G\u00f6vdeli RGB ve Beyaz LED Havuz Ayd\u0131nlatma Lambas\u0131, Nozul Uyumlu, 6W\u201318W -","og_description":"IP68 korumal\u0131, RGB ve beyaz \u0131\u015f\u0131k se\u00e7enekli LED havuz lambas\u0131. Farkl\u0131 g\u00fc\u00e7 ve \u00e7ap se\u00e7enekleriyle uyumlu, f\u0131skiye nozulu montaj\u0131na uygun.","og_url":"https:\/\/www.havuzadairhersey.com\/index.php\/urun\/paslanmaz-govdeli-rgb-ve-beyaz-led-havuz-aydinlatma-lambasi-nozul-uyumlu-6w-18w\/","article_modified_time":"2025-05-30T20:17:26+00:00","og_image":[{"width":1875,"height":2000,"url":"https:\/\/www.havuzadairhersey.com\/wp-content\/uploads\/2025\/05\/1-90.png","type":"image\/png"}],"twitter_card":"summary_large_image","twitter_misc":{"Tahmini okuma s\u00fcresi":"1 dakika"},"schema":{"@context":"https:\/\/schema.org","@graph":[{"@type":"WebPage","@id":"https:\/\/www.havuzadairhersey.com\/index.php\/urun\/paslanmaz-govdeli-rgb-ve-beyaz-led-havuz-aydinlatma-lambasi-nozul-uyumlu-6w-18w\/","url":"https:\/\/www.havuzadairhersey.com\/index.php\/urun\/paslanmaz-govdeli-rgb-ve-beyaz-led-havuz-aydinlatma-lambasi-nozul-uyumlu-6w-18w\/","name":"Paslanmaz G\u00f6vdeli RGB ve Beyaz LED Havuz Ayd\u0131nlatma Lambas\u0131, Nozul Uyumlu, 6W\u201318W -","isPartOf":{"@id":"https:\/\/www.havuzadairhersey.com\/#website"},"primaryImageOfPage":{"@id":"https:\/\/www.havuzadairhersey.com\/index.php\/urun\/paslanmaz-govdeli-rgb-ve-beyaz-led-havuz-aydinlatma-lambasi-nozul-uyumlu-6w-18w\/#primaryimage"},"image":{"@id":"https:\/\/www.havuzadairhersey.com\/index.php\/urun\/paslanmaz-govdeli-rgb-ve-beyaz-led-havuz-aydinlatma-lambasi-nozul-uyumlu-6w-18w\/#primaryimage"},"thumbnailUrl":"https:\/\/www.havuzadairhersey.com\/wp-content\/uploads\/2025\/05\/1-90.png","datePublished":"2025-05-04T09:27:31+00:00","dateModified":"2025-05-30T20:17:26+00:00","breadcrumb":{"@id":"https:\/\/www.havuzadairhersey.com\/index.php\/urun\/paslanmaz-govdeli-rgb-ve-beyaz-led-havuz-aydinlatma-lambasi-nozul-uyumlu-6w-18w\/#breadcrumb"},"inLanguage":"tr","potentialAction":[{"@type":"ReadAction","target":["https:\/\/www.havuzadairhersey.com\/index.php\/urun\/paslanmaz-govdeli-rgb-ve-beyaz-led-havuz-aydinlatma-lambasi-nozul-uyumlu-6w-18w\/"]}]},{"@type":"ImageObject","inLanguage":"tr","@id":"https:\/\/www.havuzadairhersey.com\/index.php\/urun\/paslanmaz-govdeli-rgb-ve-beyaz-led-havuz-aydinlatma-lambasi-nozul-uyumlu-6w-18w\/#primaryimage","url":"https:\/\/www.havuzadairhersey.com\/wp-content\/uploads\/2025\/05\/1-90.png","contentUrl":"https:\/\/www.havuzadairhersey.com\/wp-content\/uploads\/2025\/05\/1-90.png","width":1875,"height":2000,"caption":"IP68 Korumal\u0131 RGB ve Beyaz LED Lambalar \u2013 F\u0131skiye Nozulu Uyumlu"},{"@type":"BreadcrumbList","@id":"https:\/\/www.havuzadairhersey.com\/index.php\/urun\/paslanmaz-govdeli-rgb-ve-beyaz-led-havuz-aydinlatma-lambasi-nozul-uyumlu-6w-18w\/#breadcrumb","itemListElement":[{"@type":"ListItem","position":1,"name":"Anasayfa","item":"https:\/\/www.havuzadairhersey.com\/"},{"@type":"ListItem","position":2,"name":"Ma\u011faza","item":"https:\/\/www.havuzadairhersey.com\/"},{"@type":"ListItem","position":3,"name":"Paslanmaz G\u00f6vdeli RGB ve Beyaz LED Havuz Ayd\u0131nlatma Lambas\u0131, Nozul Uyumlu, 6W\u201318W"}]},{"@type":"WebSite","@id":"https:\/\/www.havuzadairhersey.com\/#website","url":"https:\/\/www.havuzadairhersey.com\/","name":"","description":"Havuza dair arad\u0131\u011f\u0131n\u0131z her\u015fey burada...","potentialAction":[{"@type":"SearchAction","target":{"@type":"EntryPoint","urlTemplate":"https:\/\/www.havuzadairhersey.com\/?s={search_term_string}"},"query-input":{"@type":"PropertyValueSpecification","valueRequired":true,"valueName":"search_term_string"}}],"inLanguage":"tr"}]}},"_links":{"self":[{"href":"https:\/\/www.havuzadairhersey.com\/index.php\/wp-json\/wp\/v2\/product\/3439","targetHints":{"allow":["GET"]}}],"collection":[{"href":"https:\/\/www.havuzadairhersey.com\/index.php\/wp-json\/wp\/v2\/product"}],"about":[{"href":"https:\/\/www.havuzadairhersey.com\/index.php\/wp-json\/wp\/v2\/types\/product"}],"replies":[{"embeddable":true,"href":"https:\/\/www.havuzadairhersey.com\/index.php\/wp-json\/wp\/v2\/comments?post=3439"}],"wp:featuredmedia":[{"embeddable":true,"href":"https:\/\/www.havuzadairhersey.com\/index.php\/wp-json\/wp\/v2\/media\/3440"}],"wp:attachment":[{"href":"https:\/\/www.havuzadairhersey.com\/index.php\/wp-json\/wp\/v2\/media?parent=3439"}],"wp:term":[{"taxonomy":"product_brand","embeddable":true,"href":"https:\/\/www.havuzadairhersey.com\/index.php\/wp-json\/wp\/v2\/product_brand?post=3439"},{"taxonomy":"product_cat","embeddable":true,"href":"https:\/\/www.havuzadairhersey.com\/index.php\/wp-json\/wp\/v2\/product_cat?post=3439"},{"taxonomy":"product_tag","embeddable":true,"href":"https:\/\/www.havuzadairhersey.com\/index.php\/wp-json\/wp\/v2\/product_tag?post=3439"}],"curies":[{"name":"wp","href":"https:\/\/api.w.org\/{rel}","templated":true}]}}