{"id":3494,"date":"2025-05-04T13:28:05","date_gmt":"2025-05-04T10:28:05","guid":{"rendered":"https:\/\/www.havuzadairhersey.com\/?post_type=product&#038;p=3494"},"modified":"2025-05-30T23:10:30","modified_gmt":"2025-05-30T20:10:30","slug":"seperator-ankraji-paslanmaz-celik-kelepce-tipi-baglanti-parcasi-500-gr-kod-13517122010","status":"publish","type":"product","link":"https:\/\/www.havuzadairhersey.com\/index.php\/urun\/seperator-ankraji-paslanmaz-celik-kelepce-tipi-baglanti-parcasi-500-gr-kod-13517122010\/","title":{"rendered":"Seperat\u00f6r Ankraj\u0131, Paslanmaz \u00c7elik Kelep\u00e7e Tipi Ba\u011flant\u0131 Par\u00e7as\u0131 \u2013 500 gr, Kod: 13517122010"},"content":{"rendered":"<p>Bu paslanmaz \u00e7elik kelep\u00e7e tipi ba\u011flant\u0131 par\u00e7as\u0131, \u00f6zellikle havuz ekipmanlar\u0131n\u0131n sa\u011flam bir \u015fekilde monte edilmesi i\u00e7in tasarlanm\u0131\u015ft\u0131r. Dayan\u0131kl\u0131 yap\u0131s\u0131 sayesinde uzun s\u00fcreli kullan\u0131m sunarken, 500 graml\u0131k a\u011f\u0131rl\u0131\u011f\u0131 ile sa\u011flaml\u0131k ve g\u00fcvenlik sa\u011flar. \u00d6zel yuvarlak formu, ekipmanlara uygun \u015fekilde yerle\u015ftirilmeyi kolayla\u015ft\u0131r\u0131r. End\u00fcstriyel ve profesyonel havuz projelerinde ideal bir \u00e7\u00f6z\u00fcmd\u00fcr.<\/p>\n","protected":false},"excerpt":{"rendered":"<p>500 gram a\u011f\u0131rl\u0131\u011f\u0131nda, paslanmaz \u00e7elikten \u00fcretilmi\u015f kelep\u00e7e tipi ba\u011flant\u0131 par\u00e7as\u0131.<\/p>\n","protected":false},"featured_media":3495,"comment_status":"open","ping_status":"closed","template":"","meta":{"site-sidebar-layout":"default","site-content-layout":"","ast-site-content-layout":"default","site-content-style":"default","site-sidebar-style":"default","ast-global-header-display":"","ast-banner-title-visibility":"","ast-main-header-display":"","ast-hfb-above-header-display":"","ast-hfb-below-header-display":"","ast-hfb-mobile-header-display":"","site-post-title":"","ast-breadcrumbs-content":"","ast-featured-img":"","footer-sml-layout":"","theme-transparent-header-meta":"default","adv-header-id-meta":"","stick-header-meta":"","header-above-stick-meta":"","header-main-stick-meta":"","header-below-stick-meta":"","astra-migrate-meta-layouts":"set","ast-page-background-enabled":"default","ast-page-background-meta":{"desktop":{"background-color":"var(--ast-global-color-5)","background-image":"","background-repeat":"repeat","background-position":"center center","background-size":"auto","background-attachment":"scroll","background-type":"","background-media":"","overlay-type":"","overlay-color":"","overlay-opacity":"","overlay-gradient":""},"tablet":{"background-color":"","background-image":"","background-repeat":"repeat","background-position":"center center","background-size":"auto","background-attachment":"scroll","background-type":"","background-media":"","overlay-type":"","overlay-color":"","overlay-opacity":"","overlay-gradient":""},"mobile":{"background-color":"","background-image":"","background-repeat":"repeat","background-position":"center center","background-size":"auto","background-attachment":"scroll","background-type":"","background-media":"","overlay-type":"","overlay-color":"","overlay-opacity":"","overlay-gradient":""}},"ast-content-background-meta":{"desktop":{"background-color":"var(--ast-global-color-4)","background-image":"","background-repeat":"repeat","background-position":"center center","background-size":"auto","background-attachment":"scroll","background-type":"","background-media":"","overlay-type":"","overlay-color":"","overlay-opacity":"","overlay-gradient":""},"tablet":{"background-color":"var(--ast-global-color-4)","background-image":"","background-repeat":"repeat","background-position":"center center","background-size":"auto","background-attachment":"scroll","background-type":"","background-media":"","overlay-type":"","overlay-color":"","overlay-opacity":"","overlay-gradient":""},"mobile":{"background-color":"var(--ast-global-color-4)","background-image":"","background-repeat":"repeat","background-position":"center center","background-size":"auto","background-attachment":"scroll","background-type":"","background-media":"","overlay-type":"","overlay-color":"","overlay-opacity":"","overlay-gradient":""}}},"product_brand":[3683],"product_cat":[1737],"product_tag":[5110,5105,5107,5112,5109,2806,5111,2823,5108,499],"class_list":{"0":"post-3494","1":"product","2":"type-product","3":"status-publish","4":"has-post-thumbnail","6":"product_brand-neta-havuz","7":"product_cat-olimpik-havuz-malzemeleri","8":"product_tag-500-gr-baglanti","9":"product_tag-baglanti-aparati","10":"product_tag-celik-baglanti","11":"product_tag-celik-kelepce","12":"product_tag-havuz-ekipmani-parcasi","13":"product_tag-kelepce-baglanti","14":"product_tag-kelepce-sistem","15":"product_tag-montaj-aparati","16":"product_tag-paslanmaz-baglanti-parcasi","17":"product_tag-yuzme-havuzu-ekipmani","18":"desktop-align-left","19":"tablet-align-left","20":"mobile-align-left","22":"first","23":"outofstock","24":"shipping-taxable","25":"purchasable","26":"product-type-simple"},"yoast_head":"<!-- This site is optimized with the Yoast SEO plugin v25.0 - https:\/\/yoast.com\/wordpress\/plugins\/seo\/ -->\n<title>Seperat\u00f6r Ankraj\u0131, Paslanmaz \u00c7elik Kelep\u00e7e Tipi Ba\u011flant\u0131 Par\u00e7as\u0131 \u2013 500 gr, Kod: 13517122010 -<\/title>\n<meta name=\"robots\" content=\"index, follow, max-snippet:-1, max-image-preview:large, max-video-preview:-1\" \/>\n<link rel=\"canonical\" href=\"https:\/\/www.havuzadairhersey.com\/index.php\/urun\/seperator-ankraji-paslanmaz-celik-kelepce-tipi-baglanti-parcasi-500-gr-kod-13517122010\/\" \/>\n<meta property=\"og:locale\" content=\"tr_TR\" \/>\n<meta property=\"og:type\" content=\"article\" \/>\n<meta property=\"og:title\" content=\"Seperat\u00f6r Ankraj\u0131, Paslanmaz \u00c7elik Kelep\u00e7e Tipi Ba\u011flant\u0131 Par\u00e7as\u0131 \u2013 500 gr, Kod: 13517122010 -\" \/>\n<meta property=\"og:description\" content=\"500 gram a\u011f\u0131rl\u0131\u011f\u0131nda, paslanmaz \u00e7elikten \u00fcretilmi\u015f kelep\u00e7e tipi ba\u011flant\u0131 par\u00e7as\u0131.\" \/>\n<meta property=\"og:url\" content=\"https:\/\/www.havuzadairhersey.com\/index.php\/urun\/seperator-ankraji-paslanmaz-celik-kelepce-tipi-baglanti-parcasi-500-gr-kod-13517122010\/\" \/>\n<meta property=\"article:modified_time\" content=\"2025-05-30T20:10:30+00:00\" \/>\n<meta property=\"og:image\" content=\"https:\/\/www.havuzadairhersey.com\/wp-content\/uploads\/2025\/05\/1-99.png\" \/>\n\t<meta property=\"og:image:width\" content=\"1875\" \/>\n\t<meta property=\"og:image:height\" content=\"2000\" \/>\n\t<meta property=\"og:image:type\" content=\"image\/png\" \/>\n<meta name=\"twitter:card\" content=\"summary_large_image\" \/>\n<script type=\"application\/ld+json\" class=\"yoast-schema-graph\">{\"@context\":\"https:\/\/schema.org\",\"@graph\":[{\"@type\":\"WebPage\",\"@id\":\"https:\/\/www.havuzadairhersey.com\/index.php\/urun\/seperator-ankraji-paslanmaz-celik-kelepce-tipi-baglanti-parcasi-500-gr-kod-13517122010\/\",\"url\":\"https:\/\/www.havuzadairhersey.com\/index.php\/urun\/seperator-ankraji-paslanmaz-celik-kelepce-tipi-baglanti-parcasi-500-gr-kod-13517122010\/\",\"name\":\"Seperat\u00f6r Ankraj\u0131, Paslanmaz \u00c7elik Kelep\u00e7e Tipi Ba\u011flant\u0131 Par\u00e7as\u0131 \u2013 500 gr, Kod: 13517122010 -\",\"isPartOf\":{\"@id\":\"https:\/\/www.havuzadairhersey.com\/#website\"},\"primaryImageOfPage\":{\"@id\":\"https:\/\/www.havuzadairhersey.com\/index.php\/urun\/seperator-ankraji-paslanmaz-celik-kelepce-tipi-baglanti-parcasi-500-gr-kod-13517122010\/#primaryimage\"},\"image\":{\"@id\":\"https:\/\/www.havuzadairhersey.com\/index.php\/urun\/seperator-ankraji-paslanmaz-celik-kelepce-tipi-baglanti-parcasi-500-gr-kod-13517122010\/#primaryimage\"},\"thumbnailUrl\":\"https:\/\/www.havuzadairhersey.com\/wp-content\/uploads\/2025\/05\/1-99.png\",\"datePublished\":\"2025-05-04T10:28:05+00:00\",\"dateModified\":\"2025-05-30T20:10:30+00:00\",\"breadcrumb\":{\"@id\":\"https:\/\/www.havuzadairhersey.com\/index.php\/urun\/seperator-ankraji-paslanmaz-celik-kelepce-tipi-baglanti-parcasi-500-gr-kod-13517122010\/#breadcrumb\"},\"inLanguage\":\"tr\",\"potentialAction\":[{\"@type\":\"ReadAction\",\"target\":[\"https:\/\/www.havuzadairhersey.com\/index.php\/urun\/seperator-ankraji-paslanmaz-celik-kelepce-tipi-baglanti-parcasi-500-gr-kod-13517122010\/\"]}]},{\"@type\":\"ImageObject\",\"inLanguage\":\"tr\",\"@id\":\"https:\/\/www.havuzadairhersey.com\/index.php\/urun\/seperator-ankraji-paslanmaz-celik-kelepce-tipi-baglanti-parcasi-500-gr-kod-13517122010\/#primaryimage\",\"url\":\"https:\/\/www.havuzadairhersey.com\/wp-content\/uploads\/2025\/05\/1-99.png\",\"contentUrl\":\"https:\/\/www.havuzadairhersey.com\/wp-content\/uploads\/2025\/05\/1-99.png\",\"width\":1875,\"height\":2000,\"caption\":\"Havuz ekipmanlar\u0131 i\u00e7in dayan\u0131kl\u0131 ve sa\u011flam kelep\u00e7e tipi montaj par\u00e7as\u0131\"},{\"@type\":\"BreadcrumbList\",\"@id\":\"https:\/\/www.havuzadairhersey.com\/index.php\/urun\/seperator-ankraji-paslanmaz-celik-kelepce-tipi-baglanti-parcasi-500-gr-kod-13517122010\/#breadcrumb\",\"itemListElement\":[{\"@type\":\"ListItem\",\"position\":1,\"name\":\"Anasayfa\",\"item\":\"https:\/\/www.havuzadairhersey.com\/\"},{\"@type\":\"ListItem\",\"position\":2,\"name\":\"Ma\u011faza\",\"item\":\"https:\/\/www.havuzadairhersey.com\/\"},{\"@type\":\"ListItem\",\"position\":3,\"name\":\"Seperat\u00f6r Ankraj\u0131, Paslanmaz \u00c7elik Kelep\u00e7e Tipi Ba\u011flant\u0131 Par\u00e7as\u0131 \u2013 500 gr, Kod: 13517122010\"}]},{\"@type\":\"WebSite\",\"@id\":\"https:\/\/www.havuzadairhersey.com\/#website\",\"url\":\"https:\/\/www.havuzadairhersey.com\/\",\"name\":\"\",\"description\":\"Havuza dair arad\u0131\u011f\u0131n\u0131z her\u015fey burada...\",\"potentialAction\":[{\"@type\":\"SearchAction\",\"target\":{\"@type\":\"EntryPoint\",\"urlTemplate\":\"https:\/\/www.havuzadairhersey.com\/?s={search_term_string}\"},\"query-input\":{\"@type\":\"PropertyValueSpecification\",\"valueRequired\":true,\"valueName\":\"search_term_string\"}}],\"inLanguage\":\"tr\"}]}<\/script>\n<!-- \/ Yoast SEO plugin. -->","yoast_head_json":{"title":"Seperat\u00f6r Ankraj\u0131, Paslanmaz \u00c7elik Kelep\u00e7e Tipi Ba\u011flant\u0131 Par\u00e7as\u0131 \u2013 500 gr, Kod: 13517122010 -","robots":{"index":"index","follow":"follow","max-snippet":"max-snippet:-1","max-image-preview":"max-image-preview:large","max-video-preview":"max-video-preview:-1"},"canonical":"https:\/\/www.havuzadairhersey.com\/index.php\/urun\/seperator-ankraji-paslanmaz-celik-kelepce-tipi-baglanti-parcasi-500-gr-kod-13517122010\/","og_locale":"tr_TR","og_type":"article","og_title":"Seperat\u00f6r Ankraj\u0131, Paslanmaz \u00c7elik Kelep\u00e7e Tipi Ba\u011flant\u0131 Par\u00e7as\u0131 \u2013 500 gr, Kod: 13517122010 -","og_description":"500 gram a\u011f\u0131rl\u0131\u011f\u0131nda, paslanmaz \u00e7elikten \u00fcretilmi\u015f kelep\u00e7e tipi ba\u011flant\u0131 par\u00e7as\u0131.","og_url":"https:\/\/www.havuzadairhersey.com\/index.php\/urun\/seperator-ankraji-paslanmaz-celik-kelepce-tipi-baglanti-parcasi-500-gr-kod-13517122010\/","article_modified_time":"2025-05-30T20:10:30+00:00","og_image":[{"width":1875,"height":2000,"url":"https:\/\/www.havuzadairhersey.com\/wp-content\/uploads\/2025\/05\/1-99.png","type":"image\/png"}],"twitter_card":"summary_large_image","schema":{"@context":"https:\/\/schema.org","@graph":[{"@type":"WebPage","@id":"https:\/\/www.havuzadairhersey.com\/index.php\/urun\/seperator-ankraji-paslanmaz-celik-kelepce-tipi-baglanti-parcasi-500-gr-kod-13517122010\/","url":"https:\/\/www.havuzadairhersey.com\/index.php\/urun\/seperator-ankraji-paslanmaz-celik-kelepce-tipi-baglanti-parcasi-500-gr-kod-13517122010\/","name":"Seperat\u00f6r Ankraj\u0131, Paslanmaz \u00c7elik Kelep\u00e7e Tipi Ba\u011flant\u0131 Par\u00e7as\u0131 \u2013 500 gr, Kod: 13517122010 -","isPartOf":{"@id":"https:\/\/www.havuzadairhersey.com\/#website"},"primaryImageOfPage":{"@id":"https:\/\/www.havuzadairhersey.com\/index.php\/urun\/seperator-ankraji-paslanmaz-celik-kelepce-tipi-baglanti-parcasi-500-gr-kod-13517122010\/#primaryimage"},"image":{"@id":"https:\/\/www.havuzadairhersey.com\/index.php\/urun\/seperator-ankraji-paslanmaz-celik-kelepce-tipi-baglanti-parcasi-500-gr-kod-13517122010\/#primaryimage"},"thumbnailUrl":"https:\/\/www.havuzadairhersey.com\/wp-content\/uploads\/2025\/05\/1-99.png","datePublished":"2025-05-04T10:28:05+00:00","dateModified":"2025-05-30T20:10:30+00:00","breadcrumb":{"@id":"https:\/\/www.havuzadairhersey.com\/index.php\/urun\/seperator-ankraji-paslanmaz-celik-kelepce-tipi-baglanti-parcasi-500-gr-kod-13517122010\/#breadcrumb"},"inLanguage":"tr","potentialAction":[{"@type":"ReadAction","target":["https:\/\/www.havuzadairhersey.com\/index.php\/urun\/seperator-ankraji-paslanmaz-celik-kelepce-tipi-baglanti-parcasi-500-gr-kod-13517122010\/"]}]},{"@type":"ImageObject","inLanguage":"tr","@id":"https:\/\/www.havuzadairhersey.com\/index.php\/urun\/seperator-ankraji-paslanmaz-celik-kelepce-tipi-baglanti-parcasi-500-gr-kod-13517122010\/#primaryimage","url":"https:\/\/www.havuzadairhersey.com\/wp-content\/uploads\/2025\/05\/1-99.png","contentUrl":"https:\/\/www.havuzadairhersey.com\/wp-content\/uploads\/2025\/05\/1-99.png","width":1875,"height":2000,"caption":"Havuz ekipmanlar\u0131 i\u00e7in dayan\u0131kl\u0131 ve sa\u011flam kelep\u00e7e tipi montaj par\u00e7as\u0131"},{"@type":"BreadcrumbList","@id":"https:\/\/www.havuzadairhersey.com\/index.php\/urun\/seperator-ankraji-paslanmaz-celik-kelepce-tipi-baglanti-parcasi-500-gr-kod-13517122010\/#breadcrumb","itemListElement":[{"@type":"ListItem","position":1,"name":"Anasayfa","item":"https:\/\/www.havuzadairhersey.com\/"},{"@type":"ListItem","position":2,"name":"Ma\u011faza","item":"https:\/\/www.havuzadairhersey.com\/"},{"@type":"ListItem","position":3,"name":"Seperat\u00f6r Ankraj\u0131, Paslanmaz \u00c7elik Kelep\u00e7e Tipi Ba\u011flant\u0131 Par\u00e7as\u0131 \u2013 500 gr, Kod: 13517122010"}]},{"@type":"WebSite","@id":"https:\/\/www.havuzadairhersey.com\/#website","url":"https:\/\/www.havuzadairhersey.com\/","name":"","description":"Havuza dair arad\u0131\u011f\u0131n\u0131z her\u015fey burada...","potentialAction":[{"@type":"SearchAction","target":{"@type":"EntryPoint","urlTemplate":"https:\/\/www.havuzadairhersey.com\/?s={search_term_string}"},"query-input":{"@type":"PropertyValueSpecification","valueRequired":true,"valueName":"search_term_string"}}],"inLanguage":"tr"}]}},"_links":{"self":[{"href":"https:\/\/www.havuzadairhersey.com\/index.php\/wp-json\/wp\/v2\/product\/3494","targetHints":{"allow":["GET"]}}],"collection":[{"href":"https:\/\/www.havuzadairhersey.com\/index.php\/wp-json\/wp\/v2\/product"}],"about":[{"href":"https:\/\/www.havuzadairhersey.com\/index.php\/wp-json\/wp\/v2\/types\/product"}],"replies":[{"embeddable":true,"href":"https:\/\/www.havuzadairhersey.com\/index.php\/wp-json\/wp\/v2\/comments?post=3494"}],"wp:featuredmedia":[{"embeddable":true,"href":"https:\/\/www.havuzadairhersey.com\/index.php\/wp-json\/wp\/v2\/media\/3495"}],"wp:attachment":[{"href":"https:\/\/www.havuzadairhersey.com\/index.php\/wp-json\/wp\/v2\/media?parent=3494"}],"wp:term":[{"taxonomy":"product_brand","embeddable":true,"href":"https:\/\/www.havuzadairhersey.com\/index.php\/wp-json\/wp\/v2\/product_brand?post=3494"},{"taxonomy":"product_cat","embeddable":true,"href":"https:\/\/www.havuzadairhersey.com\/index.php\/wp-json\/wp\/v2\/product_cat?post=3494"},{"taxonomy":"product_tag","embeddable":true,"href":"https:\/\/www.havuzadairhersey.com\/index.php\/wp-json\/wp\/v2\/product_tag?post=3494"}],"curies":[{"name":"wp","href":"https:\/\/api.w.org\/{rel}","templated":true}]}}