{"id":3497,"date":"2025-05-04T13:29:36","date_gmt":"2025-05-04T10:29:36","guid":{"rendered":"https:\/\/www.havuzadairhersey.com\/?post_type=product&#038;p=3497"},"modified":"2025-05-30T23:10:24","modified_gmt":"2025-05-30T20:10:24","slug":"gerdirme-cubugu-paslanmaz-celik-gergi-halkasi-ve-kanca-uclu-gergi-mekanizmasi","status":"publish","type":"product","link":"https:\/\/www.havuzadairhersey.com\/index.php\/urun\/gerdirme-cubugu-paslanmaz-celik-gergi-halkasi-ve-kanca-uclu-gergi-mekanizmasi\/","title":{"rendered":"Gerdirme \u00c7ubu\u011fu, Paslanmaz \u00c7elik Gergi Halkas\u0131 ve Kanca U\u00e7lu Gergi Mekanizmas\u0131"},"content":{"rendered":"<p>Bu paslanmaz \u00e7elik gergi mekanizmas\u0131, havuz ve \u00e7e\u015fitli sabitleme sistemlerinde kullan\u0131ma uygundur. Bir ucu halka, di\u011fer ucu kanca \u015feklinde olan bu ba\u011flant\u0131 aparat\u0131, g\u00fcvenli bir \u015fekilde gerdirme ve sabitleme i\u015flevi g\u00f6r\u00fcr. 215 gram a\u011f\u0131rl\u0131\u011f\u0131nda olup dayan\u0131kl\u0131 \u00e7elik malzemesi sayesinde uzun \u00f6m\u00fcrl\u00fcd\u00fcr. Gergi ihtiyac\u0131 duyulan t\u00fcm montaj uygulamalar\u0131nda pratik bir \u00e7\u00f6z\u00fcm sunar.<\/p>\n","protected":false},"excerpt":{"rendered":"<p>Halka ve kanca u\u00e7lu, 215 gr a\u011f\u0131rl\u0131\u011f\u0131nda paslanmaz \u00e7elik gergi mekanizmas\u0131.<\/p>\n","protected":false},"featured_media":3498,"comment_status":"open","ping_status":"closed","template":"","meta":{"site-sidebar-layout":"default","site-content-layout":"","ast-site-content-layout":"default","site-content-style":"default","site-sidebar-style":"default","ast-global-header-display":"","ast-banner-title-visibility":"","ast-main-header-display":"","ast-hfb-above-header-display":"","ast-hfb-below-header-display":"","ast-hfb-mobile-header-display":"","site-post-title":"","ast-breadcrumbs-content":"","ast-featured-img":"","footer-sml-layout":"","theme-transparent-header-meta":"default","adv-header-id-meta":"","stick-header-meta":"","header-above-stick-meta":"","header-main-stick-meta":"","header-below-stick-meta":"","astra-migrate-meta-layouts":"set","ast-page-background-enabled":"default","ast-page-background-meta":{"desktop":{"background-color":"var(--ast-global-color-5)","background-image":"","background-repeat":"repeat","background-position":"center center","background-size":"auto","background-attachment":"scroll","background-type":"","background-media":"","overlay-type":"","overlay-color":"","overlay-opacity":"","overlay-gradient":""},"tablet":{"background-color":"","background-image":"","background-repeat":"repeat","background-position":"center center","background-size":"auto","background-attachment":"scroll","background-type":"","background-media":"","overlay-type":"","overlay-color":"","overlay-opacity":"","overlay-gradient":""},"mobile":{"background-color":"","background-image":"","background-repeat":"repeat","background-position":"center center","background-size":"auto","background-attachment":"scroll","background-type":"","background-media":"","overlay-type":"","overlay-color":"","overlay-opacity":"","overlay-gradient":""}},"ast-content-background-meta":{"desktop":{"background-color":"var(--ast-global-color-4)","background-image":"","background-repeat":"repeat","background-position":"center center","background-size":"auto","background-attachment":"scroll","background-type":"","background-media":"","overlay-type":"","overlay-color":"","overlay-opacity":"","overlay-gradient":""},"tablet":{"background-color":"var(--ast-global-color-4)","background-image":"","background-repeat":"repeat","background-position":"center center","background-size":"auto","background-attachment":"scroll","background-type":"","background-media":"","overlay-type":"","overlay-color":"","overlay-opacity":"","overlay-gradient":""},"mobile":{"background-color":"var(--ast-global-color-4)","background-image":"","background-repeat":"repeat","background-position":"center center","background-size":"auto","background-attachment":"scroll","background-type":"","background-media":"","overlay-type":"","overlay-color":"","overlay-opacity":"","overlay-gradient":""}}},"product_brand":[3683],"product_cat":[1737],"product_tag":[5118,5117,5114,5113,5115,311,5116,5106,4125,4127],"class_list":{"0":"post-3497","1":"product","2":"type-product","3":"status-publish","4":"has-post-thumbnail","6":"product_brand-neta-havuz","7":"product_cat-olimpik-havuz-malzemeleri","8":"product_tag-215-gr-celik-parca","9":"product_tag-baglanti-elemani","10":"product_tag-celik-gergi-aparati","11":"product_tag-gergi-mekanizmasi","12":"product_tag-halka-uclu-gergi","13":"product_tag-havuz-ekipmani","14":"product_tag-kanca-uclu-aparat","15":"product_tag-montaj-ekipmani","16":"product_tag-paslanmaz-baglanti","17":"product_tag-sabitleme-aparati","18":"desktop-align-left","19":"tablet-align-left","20":"mobile-align-left","22":"first","23":"outofstock","24":"shipping-taxable","25":"purchasable","26":"product-type-simple"},"yoast_head":"<!-- This site is optimized with the Yoast SEO plugin v25.0 - https:\/\/yoast.com\/wordpress\/plugins\/seo\/ -->\n<title>Gerdirme \u00c7ubu\u011fu, Paslanmaz \u00c7elik Gergi Halkas\u0131 ve Kanca U\u00e7lu Gergi Mekanizmas\u0131 -<\/title>\n<meta name=\"robots\" content=\"index, follow, max-snippet:-1, max-image-preview:large, max-video-preview:-1\" \/>\n<link rel=\"canonical\" href=\"https:\/\/www.havuzadairhersey.com\/index.php\/urun\/gerdirme-cubugu-paslanmaz-celik-gergi-halkasi-ve-kanca-uclu-gergi-mekanizmasi\/\" \/>\n<meta property=\"og:locale\" content=\"tr_TR\" \/>\n<meta property=\"og:type\" content=\"article\" \/>\n<meta property=\"og:title\" content=\"Gerdirme \u00c7ubu\u011fu, Paslanmaz \u00c7elik Gergi Halkas\u0131 ve Kanca U\u00e7lu Gergi Mekanizmas\u0131 -\" \/>\n<meta property=\"og:description\" content=\"Halka ve kanca u\u00e7lu, 215 gr a\u011f\u0131rl\u0131\u011f\u0131nda paslanmaz \u00e7elik gergi mekanizmas\u0131.\" \/>\n<meta property=\"og:url\" content=\"https:\/\/www.havuzadairhersey.com\/index.php\/urun\/gerdirme-cubugu-paslanmaz-celik-gergi-halkasi-ve-kanca-uclu-gergi-mekanizmasi\/\" \/>\n<meta property=\"article:modified_time\" content=\"2025-05-30T20:10:24+00:00\" \/>\n<meta property=\"og:image\" content=\"https:\/\/www.havuzadairhersey.com\/wp-content\/uploads\/2025\/05\/1-100.png\" \/>\n\t<meta property=\"og:image:width\" content=\"1875\" \/>\n\t<meta property=\"og:image:height\" content=\"2000\" \/>\n\t<meta property=\"og:image:type\" content=\"image\/png\" \/>\n<meta name=\"twitter:card\" content=\"summary_large_image\" \/>\n<script type=\"application\/ld+json\" class=\"yoast-schema-graph\">{\"@context\":\"https:\/\/schema.org\",\"@graph\":[{\"@type\":\"WebPage\",\"@id\":\"https:\/\/www.havuzadairhersey.com\/index.php\/urun\/gerdirme-cubugu-paslanmaz-celik-gergi-halkasi-ve-kanca-uclu-gergi-mekanizmasi\/\",\"url\":\"https:\/\/www.havuzadairhersey.com\/index.php\/urun\/gerdirme-cubugu-paslanmaz-celik-gergi-halkasi-ve-kanca-uclu-gergi-mekanizmasi\/\",\"name\":\"Gerdirme \u00c7ubu\u011fu, Paslanmaz \u00c7elik Gergi Halkas\u0131 ve Kanca U\u00e7lu Gergi Mekanizmas\u0131 -\",\"isPartOf\":{\"@id\":\"https:\/\/www.havuzadairhersey.com\/#website\"},\"primaryImageOfPage\":{\"@id\":\"https:\/\/www.havuzadairhersey.com\/index.php\/urun\/gerdirme-cubugu-paslanmaz-celik-gergi-halkasi-ve-kanca-uclu-gergi-mekanizmasi\/#primaryimage\"},\"image\":{\"@id\":\"https:\/\/www.havuzadairhersey.com\/index.php\/urun\/gerdirme-cubugu-paslanmaz-celik-gergi-halkasi-ve-kanca-uclu-gergi-mekanizmasi\/#primaryimage\"},\"thumbnailUrl\":\"https:\/\/www.havuzadairhersey.com\/wp-content\/uploads\/2025\/05\/1-100.png\",\"datePublished\":\"2025-05-04T10:29:36+00:00\",\"dateModified\":\"2025-05-30T20:10:24+00:00\",\"breadcrumb\":{\"@id\":\"https:\/\/www.havuzadairhersey.com\/index.php\/urun\/gerdirme-cubugu-paslanmaz-celik-gergi-halkasi-ve-kanca-uclu-gergi-mekanizmasi\/#breadcrumb\"},\"inLanguage\":\"tr\",\"potentialAction\":[{\"@type\":\"ReadAction\",\"target\":[\"https:\/\/www.havuzadairhersey.com\/index.php\/urun\/gerdirme-cubugu-paslanmaz-celik-gergi-halkasi-ve-kanca-uclu-gergi-mekanizmasi\/\"]}]},{\"@type\":\"ImageObject\",\"inLanguage\":\"tr\",\"@id\":\"https:\/\/www.havuzadairhersey.com\/index.php\/urun\/gerdirme-cubugu-paslanmaz-celik-gergi-halkasi-ve-kanca-uclu-gergi-mekanizmasi\/#primaryimage\",\"url\":\"https:\/\/www.havuzadairhersey.com\/wp-content\/uploads\/2025\/05\/1-100.png\",\"contentUrl\":\"https:\/\/www.havuzadairhersey.com\/wp-content\/uploads\/2025\/05\/1-100.png\",\"width\":1875,\"height\":2000,\"caption\":\"Halka ve kanca u\u00e7lu ba\u011flant\u0131 aparat\u0131 \u2013 havuz ve sabitleme uygulamalar\u0131 i\u00e7in\"},{\"@type\":\"BreadcrumbList\",\"@id\":\"https:\/\/www.havuzadairhersey.com\/index.php\/urun\/gerdirme-cubugu-paslanmaz-celik-gergi-halkasi-ve-kanca-uclu-gergi-mekanizmasi\/#breadcrumb\",\"itemListElement\":[{\"@type\":\"ListItem\",\"position\":1,\"name\":\"Anasayfa\",\"item\":\"https:\/\/www.havuzadairhersey.com\/\"},{\"@type\":\"ListItem\",\"position\":2,\"name\":\"Ma\u011faza\",\"item\":\"https:\/\/www.havuzadairhersey.com\/\"},{\"@type\":\"ListItem\",\"position\":3,\"name\":\"Gerdirme \u00c7ubu\u011fu, Paslanmaz \u00c7elik Gergi Halkas\u0131 ve Kanca U\u00e7lu Gergi Mekanizmas\u0131\"}]},{\"@type\":\"WebSite\",\"@id\":\"https:\/\/www.havuzadairhersey.com\/#website\",\"url\":\"https:\/\/www.havuzadairhersey.com\/\",\"name\":\"\",\"description\":\"Havuza dair arad\u0131\u011f\u0131n\u0131z her\u015fey burada...\",\"potentialAction\":[{\"@type\":\"SearchAction\",\"target\":{\"@type\":\"EntryPoint\",\"urlTemplate\":\"https:\/\/www.havuzadairhersey.com\/?s={search_term_string}\"},\"query-input\":{\"@type\":\"PropertyValueSpecification\",\"valueRequired\":true,\"valueName\":\"search_term_string\"}}],\"inLanguage\":\"tr\"}]}<\/script>\n<!-- \/ Yoast SEO plugin. -->","yoast_head_json":{"title":"Gerdirme \u00c7ubu\u011fu, Paslanmaz \u00c7elik Gergi Halkas\u0131 ve Kanca U\u00e7lu Gergi Mekanizmas\u0131 -","robots":{"index":"index","follow":"follow","max-snippet":"max-snippet:-1","max-image-preview":"max-image-preview:large","max-video-preview":"max-video-preview:-1"},"canonical":"https:\/\/www.havuzadairhersey.com\/index.php\/urun\/gerdirme-cubugu-paslanmaz-celik-gergi-halkasi-ve-kanca-uclu-gergi-mekanizmasi\/","og_locale":"tr_TR","og_type":"article","og_title":"Gerdirme \u00c7ubu\u011fu, Paslanmaz \u00c7elik Gergi Halkas\u0131 ve Kanca U\u00e7lu Gergi Mekanizmas\u0131 -","og_description":"Halka ve kanca u\u00e7lu, 215 gr a\u011f\u0131rl\u0131\u011f\u0131nda paslanmaz \u00e7elik gergi mekanizmas\u0131.","og_url":"https:\/\/www.havuzadairhersey.com\/index.php\/urun\/gerdirme-cubugu-paslanmaz-celik-gergi-halkasi-ve-kanca-uclu-gergi-mekanizmasi\/","article_modified_time":"2025-05-30T20:10:24+00:00","og_image":[{"width":1875,"height":2000,"url":"https:\/\/www.havuzadairhersey.com\/wp-content\/uploads\/2025\/05\/1-100.png","type":"image\/png"}],"twitter_card":"summary_large_image","schema":{"@context":"https:\/\/schema.org","@graph":[{"@type":"WebPage","@id":"https:\/\/www.havuzadairhersey.com\/index.php\/urun\/gerdirme-cubugu-paslanmaz-celik-gergi-halkasi-ve-kanca-uclu-gergi-mekanizmasi\/","url":"https:\/\/www.havuzadairhersey.com\/index.php\/urun\/gerdirme-cubugu-paslanmaz-celik-gergi-halkasi-ve-kanca-uclu-gergi-mekanizmasi\/","name":"Gerdirme \u00c7ubu\u011fu, Paslanmaz \u00c7elik Gergi Halkas\u0131 ve Kanca U\u00e7lu Gergi Mekanizmas\u0131 -","isPartOf":{"@id":"https:\/\/www.havuzadairhersey.com\/#website"},"primaryImageOfPage":{"@id":"https:\/\/www.havuzadairhersey.com\/index.php\/urun\/gerdirme-cubugu-paslanmaz-celik-gergi-halkasi-ve-kanca-uclu-gergi-mekanizmasi\/#primaryimage"},"image":{"@id":"https:\/\/www.havuzadairhersey.com\/index.php\/urun\/gerdirme-cubugu-paslanmaz-celik-gergi-halkasi-ve-kanca-uclu-gergi-mekanizmasi\/#primaryimage"},"thumbnailUrl":"https:\/\/www.havuzadairhersey.com\/wp-content\/uploads\/2025\/05\/1-100.png","datePublished":"2025-05-04T10:29:36+00:00","dateModified":"2025-05-30T20:10:24+00:00","breadcrumb":{"@id":"https:\/\/www.havuzadairhersey.com\/index.php\/urun\/gerdirme-cubugu-paslanmaz-celik-gergi-halkasi-ve-kanca-uclu-gergi-mekanizmasi\/#breadcrumb"},"inLanguage":"tr","potentialAction":[{"@type":"ReadAction","target":["https:\/\/www.havuzadairhersey.com\/index.php\/urun\/gerdirme-cubugu-paslanmaz-celik-gergi-halkasi-ve-kanca-uclu-gergi-mekanizmasi\/"]}]},{"@type":"ImageObject","inLanguage":"tr","@id":"https:\/\/www.havuzadairhersey.com\/index.php\/urun\/gerdirme-cubugu-paslanmaz-celik-gergi-halkasi-ve-kanca-uclu-gergi-mekanizmasi\/#primaryimage","url":"https:\/\/www.havuzadairhersey.com\/wp-content\/uploads\/2025\/05\/1-100.png","contentUrl":"https:\/\/www.havuzadairhersey.com\/wp-content\/uploads\/2025\/05\/1-100.png","width":1875,"height":2000,"caption":"Halka ve kanca u\u00e7lu ba\u011flant\u0131 aparat\u0131 \u2013 havuz ve sabitleme uygulamalar\u0131 i\u00e7in"},{"@type":"BreadcrumbList","@id":"https:\/\/www.havuzadairhersey.com\/index.php\/urun\/gerdirme-cubugu-paslanmaz-celik-gergi-halkasi-ve-kanca-uclu-gergi-mekanizmasi\/#breadcrumb","itemListElement":[{"@type":"ListItem","position":1,"name":"Anasayfa","item":"https:\/\/www.havuzadairhersey.com\/"},{"@type":"ListItem","position":2,"name":"Ma\u011faza","item":"https:\/\/www.havuzadairhersey.com\/"},{"@type":"ListItem","position":3,"name":"Gerdirme \u00c7ubu\u011fu, Paslanmaz \u00c7elik Gergi Halkas\u0131 ve Kanca U\u00e7lu Gergi Mekanizmas\u0131"}]},{"@type":"WebSite","@id":"https:\/\/www.havuzadairhersey.com\/#website","url":"https:\/\/www.havuzadairhersey.com\/","name":"","description":"Havuza dair arad\u0131\u011f\u0131n\u0131z her\u015fey burada...","potentialAction":[{"@type":"SearchAction","target":{"@type":"EntryPoint","urlTemplate":"https:\/\/www.havuzadairhersey.com\/?s={search_term_string}"},"query-input":{"@type":"PropertyValueSpecification","valueRequired":true,"valueName":"search_term_string"}}],"inLanguage":"tr"}]}},"_links":{"self":[{"href":"https:\/\/www.havuzadairhersey.com\/index.php\/wp-json\/wp\/v2\/product\/3497","targetHints":{"allow":["GET"]}}],"collection":[{"href":"https:\/\/www.havuzadairhersey.com\/index.php\/wp-json\/wp\/v2\/product"}],"about":[{"href":"https:\/\/www.havuzadairhersey.com\/index.php\/wp-json\/wp\/v2\/types\/product"}],"replies":[{"embeddable":true,"href":"https:\/\/www.havuzadairhersey.com\/index.php\/wp-json\/wp\/v2\/comments?post=3497"}],"wp:featuredmedia":[{"embeddable":true,"href":"https:\/\/www.havuzadairhersey.com\/index.php\/wp-json\/wp\/v2\/media\/3498"}],"wp:attachment":[{"href":"https:\/\/www.havuzadairhersey.com\/index.php\/wp-json\/wp\/v2\/media?parent=3497"}],"wp:term":[{"taxonomy":"product_brand","embeddable":true,"href":"https:\/\/www.havuzadairhersey.com\/index.php\/wp-json\/wp\/v2\/product_brand?post=3497"},{"taxonomy":"product_cat","embeddable":true,"href":"https:\/\/www.havuzadairhersey.com\/index.php\/wp-json\/wp\/v2\/product_cat?post=3497"},{"taxonomy":"product_tag","embeddable":true,"href":"https:\/\/www.havuzadairhersey.com\/index.php\/wp-json\/wp\/v2\/product_tag?post=3497"}],"curies":[{"name":"wp","href":"https:\/\/api.w.org\/{rel}","templated":true}]}}