{"id":3503,"date":"2025-05-04T13:33:02","date_gmt":"2025-05-04T10:33:02","guid":{"rendered":"https:\/\/www.havuzadairhersey.com\/?post_type=product&#038;p=3503"},"modified":"2025-05-30T23:10:04","modified_gmt":"2025-05-30T20:10:04","slug":"seperator-kancasi-paslanmaz-celik-halka-ve-kanca-uclu-baglanti-aparati","status":"publish","type":"product","link":"https:\/\/www.havuzadairhersey.com\/index.php\/urun\/seperator-kancasi-paslanmaz-celik-halka-ve-kanca-uclu-baglanti-aparati\/","title":{"rendered":"Seperat\u00f6r Kancas\u0131, Paslanmaz \u00c7elik Halka ve Kanca U\u00e7lu Ba\u011flant\u0131 Aparat\u0131"},"content":{"rendered":"<p>Bu kompakt ba\u011flant\u0131 aparat\u0131, havuz ekipmanlar\u0131n\u0131n g\u00fcvenli bir \u015fekilde monte edilmesi ve sabitlenmesi i\u00e7in idealdir. Paslanmaz \u00e7elikten \u00fcretilmi\u015f olup, sadece 40 gram a\u011f\u0131rl\u0131\u011f\u0131 ile hafif ama dayan\u0131kl\u0131 bir \u00e7\u00f6z\u00fcmd\u00fcr. Halka ve kanca yap\u0131s\u0131 sayesinde h\u0131zl\u0131 kurulum ve kolay ba\u011flant\u0131 imkan\u0131 sunar. Dayan\u0131kl\u0131 malzeme yap\u0131s\u0131, uzun \u00f6m\u00fcrl\u00fc kullan\u0131m sa\u011flar.<\/p>\n","protected":false},"excerpt":{"rendered":"<p>40 gram a\u011f\u0131rl\u0131\u011f\u0131nda, halka ve kanca u\u00e7lu paslanmaz ba\u011flant\u0131 aparat\u0131.<\/p>\n","protected":false},"featured_media":3504,"comment_status":"open","ping_status":"closed","template":"","meta":{"site-sidebar-layout":"default","site-content-layout":"","ast-site-content-layout":"default","site-content-style":"default","site-sidebar-style":"default","ast-global-header-display":"","ast-banner-title-visibility":"","ast-main-header-display":"","ast-hfb-above-header-display":"","ast-hfb-below-header-display":"","ast-hfb-mobile-header-display":"","site-post-title":"","ast-breadcrumbs-content":"","ast-featured-img":"","footer-sml-layout":"","theme-transparent-header-meta":"default","adv-header-id-meta":"","stick-header-meta":"","header-above-stick-meta":"","header-main-stick-meta":"","header-below-stick-meta":"","astra-migrate-meta-layouts":"set","ast-page-background-enabled":"default","ast-page-background-meta":{"desktop":{"background-color":"var(--ast-global-color-5)","background-image":"","background-repeat":"repeat","background-position":"center center","background-size":"auto","background-attachment":"scroll","background-type":"","background-media":"","overlay-type":"","overlay-color":"","overlay-opacity":"","overlay-gradient":""},"tablet":{"background-color":"","background-image":"","background-repeat":"repeat","background-position":"center center","background-size":"auto","background-attachment":"scroll","background-type":"","background-media":"","overlay-type":"","overlay-color":"","overlay-opacity":"","overlay-gradient":""},"mobile":{"background-color":"","background-image":"","background-repeat":"repeat","background-position":"center center","background-size":"auto","background-attachment":"scroll","background-type":"","background-media":"","overlay-type":"","overlay-color":"","overlay-opacity":"","overlay-gradient":""}},"ast-content-background-meta":{"desktop":{"background-color":"var(--ast-global-color-4)","background-image":"","background-repeat":"repeat","background-position":"center center","background-size":"auto","background-attachment":"scroll","background-type":"","background-media":"","overlay-type":"","overlay-color":"","overlay-opacity":"","overlay-gradient":""},"tablet":{"background-color":"var(--ast-global-color-4)","background-image":"","background-repeat":"repeat","background-position":"center center","background-size":"auto","background-attachment":"scroll","background-type":"","background-media":"","overlay-type":"","overlay-color":"","overlay-opacity":"","overlay-gradient":""},"mobile":{"background-color":"var(--ast-global-color-4)","background-image":"","background-repeat":"repeat","background-position":"center center","background-size":"auto","background-attachment":"scroll","background-type":"","background-media":"","overlay-type":"","overlay-color":"","overlay-opacity":"","overlay-gradient":""}}},"product_brand":[3683],"product_cat":[1737],"product_tag":[5130,5105,5107,5132,1796,5126,5131,5129,5128,5127],"class_list":{"0":"post-3503","1":"product","2":"type-product","3":"status-publish","4":"has-post-thumbnail","6":"product_brand-neta-havuz","7":"product_cat-olimpik-havuz-malzemeleri","8":"product_tag-40-gr-baglanti","9":"product_tag-baglanti-aparati","10":"product_tag-celik-baglanti","11":"product_tag-halka-kanca-baglantisi","12":"product_tag-havuz-baglanti-elemani","13":"product_tag-havuz-kanca-halkasi","14":"product_tag-hizli-montaj-aparati","15":"product_tag-kanca-uclu-baglanti","16":"product_tag-montaj-baglanti-parcasi","17":"product_tag-paslanmaz-celik-aparat","18":"desktop-align-left","19":"tablet-align-left","20":"mobile-align-left","22":"first","23":"outofstock","24":"shipping-taxable","25":"purchasable","26":"product-type-simple"},"yoast_head":"<!-- This site is optimized with the Yoast SEO plugin v25.0 - https:\/\/yoast.com\/wordpress\/plugins\/seo\/ -->\n<title>Seperat\u00f6r Kancas\u0131, Paslanmaz \u00c7elik Halka ve Kanca U\u00e7lu Ba\u011flant\u0131 Aparat\u0131 -<\/title>\n<meta name=\"robots\" content=\"index, follow, max-snippet:-1, max-image-preview:large, max-video-preview:-1\" \/>\n<link rel=\"canonical\" href=\"https:\/\/www.havuzadairhersey.com\/index.php\/urun\/seperator-kancasi-paslanmaz-celik-halka-ve-kanca-uclu-baglanti-aparati\/\" \/>\n<meta property=\"og:locale\" content=\"tr_TR\" \/>\n<meta property=\"og:type\" content=\"article\" \/>\n<meta property=\"og:title\" content=\"Seperat\u00f6r Kancas\u0131, Paslanmaz \u00c7elik Halka ve Kanca U\u00e7lu Ba\u011flant\u0131 Aparat\u0131 -\" \/>\n<meta property=\"og:description\" content=\"40 gram a\u011f\u0131rl\u0131\u011f\u0131nda, halka ve kanca u\u00e7lu paslanmaz ba\u011flant\u0131 aparat\u0131.\" \/>\n<meta property=\"og:url\" content=\"https:\/\/www.havuzadairhersey.com\/index.php\/urun\/seperator-kancasi-paslanmaz-celik-halka-ve-kanca-uclu-baglanti-aparati\/\" \/>\n<meta property=\"article:modified_time\" content=\"2025-05-30T20:10:04+00:00\" \/>\n<meta property=\"og:image\" content=\"https:\/\/www.havuzadairhersey.com\/wp-content\/uploads\/2025\/05\/1-102.png\" \/>\n\t<meta property=\"og:image:width\" content=\"1875\" \/>\n\t<meta property=\"og:image:height\" content=\"2000\" \/>\n\t<meta property=\"og:image:type\" content=\"image\/png\" \/>\n<meta name=\"twitter:card\" content=\"summary_large_image\" \/>\n<script type=\"application\/ld+json\" class=\"yoast-schema-graph\">{\"@context\":\"https:\/\/schema.org\",\"@graph\":[{\"@type\":\"WebPage\",\"@id\":\"https:\/\/www.havuzadairhersey.com\/index.php\/urun\/seperator-kancasi-paslanmaz-celik-halka-ve-kanca-uclu-baglanti-aparati\/\",\"url\":\"https:\/\/www.havuzadairhersey.com\/index.php\/urun\/seperator-kancasi-paslanmaz-celik-halka-ve-kanca-uclu-baglanti-aparati\/\",\"name\":\"Seperat\u00f6r Kancas\u0131, Paslanmaz \u00c7elik Halka ve Kanca U\u00e7lu Ba\u011flant\u0131 Aparat\u0131 -\",\"isPartOf\":{\"@id\":\"https:\/\/www.havuzadairhersey.com\/#website\"},\"primaryImageOfPage\":{\"@id\":\"https:\/\/www.havuzadairhersey.com\/index.php\/urun\/seperator-kancasi-paslanmaz-celik-halka-ve-kanca-uclu-baglanti-aparati\/#primaryimage\"},\"image\":{\"@id\":\"https:\/\/www.havuzadairhersey.com\/index.php\/urun\/seperator-kancasi-paslanmaz-celik-halka-ve-kanca-uclu-baglanti-aparati\/#primaryimage\"},\"thumbnailUrl\":\"https:\/\/www.havuzadairhersey.com\/wp-content\/uploads\/2025\/05\/1-102.png\",\"datePublished\":\"2025-05-04T10:33:02+00:00\",\"dateModified\":\"2025-05-30T20:10:04+00:00\",\"breadcrumb\":{\"@id\":\"https:\/\/www.havuzadairhersey.com\/index.php\/urun\/seperator-kancasi-paslanmaz-celik-halka-ve-kanca-uclu-baglanti-aparati\/#breadcrumb\"},\"inLanguage\":\"tr\",\"potentialAction\":[{\"@type\":\"ReadAction\",\"target\":[\"https:\/\/www.havuzadairhersey.com\/index.php\/urun\/seperator-kancasi-paslanmaz-celik-halka-ve-kanca-uclu-baglanti-aparati\/\"]}]},{\"@type\":\"ImageObject\",\"inLanguage\":\"tr\",\"@id\":\"https:\/\/www.havuzadairhersey.com\/index.php\/urun\/seperator-kancasi-paslanmaz-celik-halka-ve-kanca-uclu-baglanti-aparati\/#primaryimage\",\"url\":\"https:\/\/www.havuzadairhersey.com\/wp-content\/uploads\/2025\/05\/1-102.png\",\"contentUrl\":\"https:\/\/www.havuzadairhersey.com\/wp-content\/uploads\/2025\/05\/1-102.png\",\"width\":1875,\"height\":2000,\"caption\":\"Hafif ve dayan\u0131kl\u0131 paslanmaz \u00e7elik ba\u011flant\u0131 eleman\u0131 \u2013 havuz ekipmanlar\u0131 i\u00e7in ideal\"},{\"@type\":\"BreadcrumbList\",\"@id\":\"https:\/\/www.havuzadairhersey.com\/index.php\/urun\/seperator-kancasi-paslanmaz-celik-halka-ve-kanca-uclu-baglanti-aparati\/#breadcrumb\",\"itemListElement\":[{\"@type\":\"ListItem\",\"position\":1,\"name\":\"Anasayfa\",\"item\":\"https:\/\/www.havuzadairhersey.com\/\"},{\"@type\":\"ListItem\",\"position\":2,\"name\":\"Ma\u011faza\",\"item\":\"https:\/\/www.havuzadairhersey.com\/\"},{\"@type\":\"ListItem\",\"position\":3,\"name\":\"Seperat\u00f6r Kancas\u0131, Paslanmaz \u00c7elik Halka ve Kanca U\u00e7lu Ba\u011flant\u0131 Aparat\u0131\"}]},{\"@type\":\"WebSite\",\"@id\":\"https:\/\/www.havuzadairhersey.com\/#website\",\"url\":\"https:\/\/www.havuzadairhersey.com\/\",\"name\":\"\",\"description\":\"Havuza dair arad\u0131\u011f\u0131n\u0131z her\u015fey burada...\",\"potentialAction\":[{\"@type\":\"SearchAction\",\"target\":{\"@type\":\"EntryPoint\",\"urlTemplate\":\"https:\/\/www.havuzadairhersey.com\/?s={search_term_string}\"},\"query-input\":{\"@type\":\"PropertyValueSpecification\",\"valueRequired\":true,\"valueName\":\"search_term_string\"}}],\"inLanguage\":\"tr\"}]}<\/script>\n<!-- \/ Yoast SEO plugin. -->","yoast_head_json":{"title":"Seperat\u00f6r Kancas\u0131, Paslanmaz \u00c7elik Halka ve Kanca U\u00e7lu Ba\u011flant\u0131 Aparat\u0131 -","robots":{"index":"index","follow":"follow","max-snippet":"max-snippet:-1","max-image-preview":"max-image-preview:large","max-video-preview":"max-video-preview:-1"},"canonical":"https:\/\/www.havuzadairhersey.com\/index.php\/urun\/seperator-kancasi-paslanmaz-celik-halka-ve-kanca-uclu-baglanti-aparati\/","og_locale":"tr_TR","og_type":"article","og_title":"Seperat\u00f6r Kancas\u0131, Paslanmaz \u00c7elik Halka ve Kanca U\u00e7lu Ba\u011flant\u0131 Aparat\u0131 -","og_description":"40 gram a\u011f\u0131rl\u0131\u011f\u0131nda, halka ve kanca u\u00e7lu paslanmaz ba\u011flant\u0131 aparat\u0131.","og_url":"https:\/\/www.havuzadairhersey.com\/index.php\/urun\/seperator-kancasi-paslanmaz-celik-halka-ve-kanca-uclu-baglanti-aparati\/","article_modified_time":"2025-05-30T20:10:04+00:00","og_image":[{"width":1875,"height":2000,"url":"https:\/\/www.havuzadairhersey.com\/wp-content\/uploads\/2025\/05\/1-102.png","type":"image\/png"}],"twitter_card":"summary_large_image","schema":{"@context":"https:\/\/schema.org","@graph":[{"@type":"WebPage","@id":"https:\/\/www.havuzadairhersey.com\/index.php\/urun\/seperator-kancasi-paslanmaz-celik-halka-ve-kanca-uclu-baglanti-aparati\/","url":"https:\/\/www.havuzadairhersey.com\/index.php\/urun\/seperator-kancasi-paslanmaz-celik-halka-ve-kanca-uclu-baglanti-aparati\/","name":"Seperat\u00f6r Kancas\u0131, Paslanmaz \u00c7elik Halka ve Kanca U\u00e7lu Ba\u011flant\u0131 Aparat\u0131 -","isPartOf":{"@id":"https:\/\/www.havuzadairhersey.com\/#website"},"primaryImageOfPage":{"@id":"https:\/\/www.havuzadairhersey.com\/index.php\/urun\/seperator-kancasi-paslanmaz-celik-halka-ve-kanca-uclu-baglanti-aparati\/#primaryimage"},"image":{"@id":"https:\/\/www.havuzadairhersey.com\/index.php\/urun\/seperator-kancasi-paslanmaz-celik-halka-ve-kanca-uclu-baglanti-aparati\/#primaryimage"},"thumbnailUrl":"https:\/\/www.havuzadairhersey.com\/wp-content\/uploads\/2025\/05\/1-102.png","datePublished":"2025-05-04T10:33:02+00:00","dateModified":"2025-05-30T20:10:04+00:00","breadcrumb":{"@id":"https:\/\/www.havuzadairhersey.com\/index.php\/urun\/seperator-kancasi-paslanmaz-celik-halka-ve-kanca-uclu-baglanti-aparati\/#breadcrumb"},"inLanguage":"tr","potentialAction":[{"@type":"ReadAction","target":["https:\/\/www.havuzadairhersey.com\/index.php\/urun\/seperator-kancasi-paslanmaz-celik-halka-ve-kanca-uclu-baglanti-aparati\/"]}]},{"@type":"ImageObject","inLanguage":"tr","@id":"https:\/\/www.havuzadairhersey.com\/index.php\/urun\/seperator-kancasi-paslanmaz-celik-halka-ve-kanca-uclu-baglanti-aparati\/#primaryimage","url":"https:\/\/www.havuzadairhersey.com\/wp-content\/uploads\/2025\/05\/1-102.png","contentUrl":"https:\/\/www.havuzadairhersey.com\/wp-content\/uploads\/2025\/05\/1-102.png","width":1875,"height":2000,"caption":"Hafif ve dayan\u0131kl\u0131 paslanmaz \u00e7elik ba\u011flant\u0131 eleman\u0131 \u2013 havuz ekipmanlar\u0131 i\u00e7in ideal"},{"@type":"BreadcrumbList","@id":"https:\/\/www.havuzadairhersey.com\/index.php\/urun\/seperator-kancasi-paslanmaz-celik-halka-ve-kanca-uclu-baglanti-aparati\/#breadcrumb","itemListElement":[{"@type":"ListItem","position":1,"name":"Anasayfa","item":"https:\/\/www.havuzadairhersey.com\/"},{"@type":"ListItem","position":2,"name":"Ma\u011faza","item":"https:\/\/www.havuzadairhersey.com\/"},{"@type":"ListItem","position":3,"name":"Seperat\u00f6r Kancas\u0131, Paslanmaz \u00c7elik Halka ve Kanca U\u00e7lu Ba\u011flant\u0131 Aparat\u0131"}]},{"@type":"WebSite","@id":"https:\/\/www.havuzadairhersey.com\/#website","url":"https:\/\/www.havuzadairhersey.com\/","name":"","description":"Havuza dair arad\u0131\u011f\u0131n\u0131z her\u015fey burada...","potentialAction":[{"@type":"SearchAction","target":{"@type":"EntryPoint","urlTemplate":"https:\/\/www.havuzadairhersey.com\/?s={search_term_string}"},"query-input":{"@type":"PropertyValueSpecification","valueRequired":true,"valueName":"search_term_string"}}],"inLanguage":"tr"}]}},"_links":{"self":[{"href":"https:\/\/www.havuzadairhersey.com\/index.php\/wp-json\/wp\/v2\/product\/3503","targetHints":{"allow":["GET"]}}],"collection":[{"href":"https:\/\/www.havuzadairhersey.com\/index.php\/wp-json\/wp\/v2\/product"}],"about":[{"href":"https:\/\/www.havuzadairhersey.com\/index.php\/wp-json\/wp\/v2\/types\/product"}],"replies":[{"embeddable":true,"href":"https:\/\/www.havuzadairhersey.com\/index.php\/wp-json\/wp\/v2\/comments?post=3503"}],"wp:featuredmedia":[{"embeddable":true,"href":"https:\/\/www.havuzadairhersey.com\/index.php\/wp-json\/wp\/v2\/media\/3504"}],"wp:attachment":[{"href":"https:\/\/www.havuzadairhersey.com\/index.php\/wp-json\/wp\/v2\/media?parent=3503"}],"wp:term":[{"taxonomy":"product_brand","embeddable":true,"href":"https:\/\/www.havuzadairhersey.com\/index.php\/wp-json\/wp\/v2\/product_brand?post=3503"},{"taxonomy":"product_cat","embeddable":true,"href":"https:\/\/www.havuzadairhersey.com\/index.php\/wp-json\/wp\/v2\/product_cat?post=3503"},{"taxonomy":"product_tag","embeddable":true,"href":"https:\/\/www.havuzadairhersey.com\/index.php\/wp-json\/wp\/v2\/product_tag?post=3503"}],"curies":[{"name":"wp","href":"https:\/\/api.w.org\/{rel}","templated":true}]}}