{"id":3509,"date":"2025-05-04T13:36:23","date_gmt":"2025-05-04T10:36:23","guid":{"rendered":"https:\/\/www.havuzadairhersey.com\/?post_type=product&#038;p=3509"},"modified":"2025-05-30T23:09:34","modified_gmt":"2025-05-30T20:09:34","slug":"su-ustu-baglama-halkasi-paslanmaz-celik-baglanti-aparati-250gr-havuz-ekipmanlari-icin-dayanikli-montaj-elemani","status":"publish","type":"product","link":"https:\/\/www.havuzadairhersey.com\/index.php\/urun\/su-ustu-baglama-halkasi-paslanmaz-celik-baglanti-aparati-250gr-havuz-ekipmanlari-icin-dayanikli-montaj-elemani\/","title":{"rendered":"Su \u00dcst\u00fc Ba\u011flama Halkas\u0131, Paslanmaz \u00c7elik Ba\u011flant\u0131 Aparat\u0131 \u2013 250gr, Havuz Ekipmanlar\u0131 \u0130\u00e7in Dayan\u0131kl\u0131 Montaj Eleman\u0131"},"content":{"rendered":"<p>Havuz projelerinizde g\u00fcvenli ve dayan\u0131kl\u0131 ba\u011flant\u0131lar i\u00e7in \u00f6zel olarak tasarlanm\u0131\u015f bu paslanmaz \u00e7elik ba\u011flant\u0131 aparat\u0131, AISI 304 kalite malzeme ile uzun \u00f6m\u00fcrl\u00fc kullan\u0131m sunar. 250 gram a\u011f\u0131rl\u0131\u011f\u0131nda olan bu montaj par\u00e7as\u0131, estetik ve fonksiyonelli\u011fi bir araya getirerek profesyonel havuz kurulumlar\u0131 ve ekipman sabitlemeleri i\u00e7in ideal \u00e7\u00f6z\u00fcmd\u00fcr. Kolay kurulum sa\u011flayan yap\u0131s\u0131 ile zamandan tasarruf etmenize yard\u0131mc\u0131 olur.<\/p>\n","protected":false},"excerpt":{"rendered":"<p>Paslanmaz \u00e7elikten \u00fcretilmi\u015f, 250gr a\u011f\u0131rl\u0131\u011f\u0131nda, sa\u011flam ve uzun \u00f6m\u00fcrl\u00fc ba\u011flant\u0131 aparat\u0131.<\/p>\n","protected":false},"featured_media":3510,"comment_status":"open","ping_status":"closed","template":"","meta":{"site-sidebar-layout":"default","site-content-layout":"","ast-site-content-layout":"default","site-content-style":"default","site-sidebar-style":"default","ast-global-header-display":"","ast-banner-title-visibility":"","ast-main-header-display":"","ast-hfb-above-header-display":"","ast-hfb-below-header-display":"","ast-hfb-mobile-header-display":"","site-post-title":"","ast-breadcrumbs-content":"","ast-featured-img":"","footer-sml-layout":"","theme-transparent-header-meta":"default","adv-header-id-meta":"","stick-header-meta":"","header-above-stick-meta":"","header-main-stick-meta":"","header-below-stick-meta":"","astra-migrate-meta-layouts":"set","ast-page-background-enabled":"default","ast-page-background-meta":{"desktop":{"background-color":"var(--ast-global-color-5)","background-image":"","background-repeat":"repeat","background-position":"center center","background-size":"auto","background-attachment":"scroll","background-type":"","background-media":"","overlay-type":"","overlay-color":"","overlay-opacity":"","overlay-gradient":""},"tablet":{"background-color":"","background-image":"","background-repeat":"repeat","background-position":"center center","background-size":"auto","background-attachment":"scroll","background-type":"","background-media":"","overlay-type":"","overlay-color":"","overlay-opacity":"","overlay-gradient":""},"mobile":{"background-color":"","background-image":"","background-repeat":"repeat","background-position":"center center","background-size":"auto","background-attachment":"scroll","background-type":"","background-media":"","overlay-type":"","overlay-color":"","overlay-opacity":"","overlay-gradient":""}},"ast-content-background-meta":{"desktop":{"background-color":"var(--ast-global-color-4)","background-image":"","background-repeat":"repeat","background-position":"center center","background-size":"auto","background-attachment":"scroll","background-type":"","background-media":"","overlay-type":"","overlay-color":"","overlay-opacity":"","overlay-gradient":""},"tablet":{"background-color":"var(--ast-global-color-4)","background-image":"","background-repeat":"repeat","background-position":"center center","background-size":"auto","background-attachment":"scroll","background-type":"","background-media":"","overlay-type":"","overlay-color":"","overlay-opacity":"","overlay-gradient":""},"mobile":{"background-color":"var(--ast-global-color-4)","background-image":"","background-repeat":"repeat","background-position":"center center","background-size":"auto","background-attachment":"scroll","background-type":"","background-media":"","overlay-type":"","overlay-color":"","overlay-opacity":"","overlay-gradient":""}}},"product_brand":[3683],"product_cat":[1737],"product_tag":[5141,5105,5107,311,5144,1845,5142,5143],"class_list":{"0":"post-3509","1":"product","2":"type-product","3":"status-publish","4":"has-post-thumbnail","6":"product_brand-neta-havuz","7":"product_cat-olimpik-havuz-malzemeleri","8":"product_tag-aksesuar-montaj","9":"product_tag-baglanti-aparati","10":"product_tag-celik-baglanti","11":"product_tag-havuz-ekipmani","12":"product_tag-havuz-montaj-parcalari","13":"product_tag-paslanmaz-celik","14":"product_tag-pool-connection","15":"product_tag-pool-fitting","16":"desktop-align-left","17":"tablet-align-left","18":"mobile-align-left","20":"first","21":"outofstock","22":"shipping-taxable","23":"purchasable","24":"product-type-simple"},"yoast_head":"<!-- This site is optimized with the Yoast SEO plugin v25.0 - https:\/\/yoast.com\/wordpress\/plugins\/seo\/ -->\n<title>Su \u00dcst\u00fc Ba\u011flama Halkas\u0131, Paslanmaz \u00c7elik Ba\u011flant\u0131 Aparat\u0131 \u2013 250gr, Havuz Ekipmanlar\u0131 \u0130\u00e7in Dayan\u0131kl\u0131 Montaj Eleman\u0131 -<\/title>\n<meta name=\"robots\" content=\"index, follow, max-snippet:-1, max-image-preview:large, max-video-preview:-1\" \/>\n<link rel=\"canonical\" href=\"https:\/\/www.havuzadairhersey.com\/index.php\/urun\/su-ustu-baglama-halkasi-paslanmaz-celik-baglanti-aparati-250gr-havuz-ekipmanlari-icin-dayanikli-montaj-elemani\/\" \/>\n<meta property=\"og:locale\" content=\"tr_TR\" \/>\n<meta property=\"og:type\" content=\"article\" \/>\n<meta property=\"og:title\" content=\"Su \u00dcst\u00fc Ba\u011flama Halkas\u0131, Paslanmaz \u00c7elik Ba\u011flant\u0131 Aparat\u0131 \u2013 250gr, Havuz Ekipmanlar\u0131 \u0130\u00e7in Dayan\u0131kl\u0131 Montaj Eleman\u0131 -\" \/>\n<meta property=\"og:description\" content=\"Paslanmaz \u00e7elikten \u00fcretilmi\u015f, 250gr a\u011f\u0131rl\u0131\u011f\u0131nda, sa\u011flam ve uzun \u00f6m\u00fcrl\u00fc ba\u011flant\u0131 aparat\u0131.\" \/>\n<meta property=\"og:url\" content=\"https:\/\/www.havuzadairhersey.com\/index.php\/urun\/su-ustu-baglama-halkasi-paslanmaz-celik-baglanti-aparati-250gr-havuz-ekipmanlari-icin-dayanikli-montaj-elemani\/\" \/>\n<meta property=\"article:modified_time\" content=\"2025-05-30T20:09:34+00:00\" \/>\n<meta property=\"og:image\" content=\"https:\/\/www.havuzadairhersey.com\/wp-content\/uploads\/2025\/05\/1-104.png\" \/>\n\t<meta property=\"og:image:width\" content=\"1875\" \/>\n\t<meta property=\"og:image:height\" content=\"2000\" \/>\n\t<meta property=\"og:image:type\" content=\"image\/png\" \/>\n<meta name=\"twitter:card\" content=\"summary_large_image\" \/>\n<script type=\"application\/ld+json\" class=\"yoast-schema-graph\">{\"@context\":\"https:\/\/schema.org\",\"@graph\":[{\"@type\":\"WebPage\",\"@id\":\"https:\/\/www.havuzadairhersey.com\/index.php\/urun\/su-ustu-baglama-halkasi-paslanmaz-celik-baglanti-aparati-250gr-havuz-ekipmanlari-icin-dayanikli-montaj-elemani\/\",\"url\":\"https:\/\/www.havuzadairhersey.com\/index.php\/urun\/su-ustu-baglama-halkasi-paslanmaz-celik-baglanti-aparati-250gr-havuz-ekipmanlari-icin-dayanikli-montaj-elemani\/\",\"name\":\"Su \u00dcst\u00fc Ba\u011flama Halkas\u0131, Paslanmaz \u00c7elik Ba\u011flant\u0131 Aparat\u0131 \u2013 250gr, Havuz Ekipmanlar\u0131 \u0130\u00e7in Dayan\u0131kl\u0131 Montaj Eleman\u0131 -\",\"isPartOf\":{\"@id\":\"https:\/\/www.havuzadairhersey.com\/#website\"},\"primaryImageOfPage\":{\"@id\":\"https:\/\/www.havuzadairhersey.com\/index.php\/urun\/su-ustu-baglama-halkasi-paslanmaz-celik-baglanti-aparati-250gr-havuz-ekipmanlari-icin-dayanikli-montaj-elemani\/#primaryimage\"},\"image\":{\"@id\":\"https:\/\/www.havuzadairhersey.com\/index.php\/urun\/su-ustu-baglama-halkasi-paslanmaz-celik-baglanti-aparati-250gr-havuz-ekipmanlari-icin-dayanikli-montaj-elemani\/#primaryimage\"},\"thumbnailUrl\":\"https:\/\/www.havuzadairhersey.com\/wp-content\/uploads\/2025\/05\/1-104.png\",\"datePublished\":\"2025-05-04T10:36:23+00:00\",\"dateModified\":\"2025-05-30T20:09:34+00:00\",\"breadcrumb\":{\"@id\":\"https:\/\/www.havuzadairhersey.com\/index.php\/urun\/su-ustu-baglama-halkasi-paslanmaz-celik-baglanti-aparati-250gr-havuz-ekipmanlari-icin-dayanikli-montaj-elemani\/#breadcrumb\"},\"inLanguage\":\"tr\",\"potentialAction\":[{\"@type\":\"ReadAction\",\"target\":[\"https:\/\/www.havuzadairhersey.com\/index.php\/urun\/su-ustu-baglama-halkasi-paslanmaz-celik-baglanti-aparati-250gr-havuz-ekipmanlari-icin-dayanikli-montaj-elemani\/\"]}]},{\"@type\":\"ImageObject\",\"inLanguage\":\"tr\",\"@id\":\"https:\/\/www.havuzadairhersey.com\/index.php\/urun\/su-ustu-baglama-halkasi-paslanmaz-celik-baglanti-aparati-250gr-havuz-ekipmanlari-icin-dayanikli-montaj-elemani\/#primaryimage\",\"url\":\"https:\/\/www.havuzadairhersey.com\/wp-content\/uploads\/2025\/05\/1-104.png\",\"contentUrl\":\"https:\/\/www.havuzadairhersey.com\/wp-content\/uploads\/2025\/05\/1-104.png\",\"width\":1875,\"height\":2000,\"caption\":\"Dayan\u0131kl\u0131 ve sa\u011flam paslanmaz ba\u011flant\u0131 \u00e7\u00f6z\u00fcm\u00fc\"},{\"@type\":\"BreadcrumbList\",\"@id\":\"https:\/\/www.havuzadairhersey.com\/index.php\/urun\/su-ustu-baglama-halkasi-paslanmaz-celik-baglanti-aparati-250gr-havuz-ekipmanlari-icin-dayanikli-montaj-elemani\/#breadcrumb\",\"itemListElement\":[{\"@type\":\"ListItem\",\"position\":1,\"name\":\"Anasayfa\",\"item\":\"https:\/\/www.havuzadairhersey.com\/\"},{\"@type\":\"ListItem\",\"position\":2,\"name\":\"Ma\u011faza\",\"item\":\"https:\/\/www.havuzadairhersey.com\/\"},{\"@type\":\"ListItem\",\"position\":3,\"name\":\"Su \u00dcst\u00fc Ba\u011flama Halkas\u0131, Paslanmaz \u00c7elik Ba\u011flant\u0131 Aparat\u0131 \u2013 250gr, Havuz Ekipmanlar\u0131 \u0130\u00e7in Dayan\u0131kl\u0131 Montaj Eleman\u0131\"}]},{\"@type\":\"WebSite\",\"@id\":\"https:\/\/www.havuzadairhersey.com\/#website\",\"url\":\"https:\/\/www.havuzadairhersey.com\/\",\"name\":\"\",\"description\":\"Havuza dair arad\u0131\u011f\u0131n\u0131z her\u015fey burada...\",\"potentialAction\":[{\"@type\":\"SearchAction\",\"target\":{\"@type\":\"EntryPoint\",\"urlTemplate\":\"https:\/\/www.havuzadairhersey.com\/?s={search_term_string}\"},\"query-input\":{\"@type\":\"PropertyValueSpecification\",\"valueRequired\":true,\"valueName\":\"search_term_string\"}}],\"inLanguage\":\"tr\"}]}<\/script>\n<!-- \/ Yoast SEO plugin. -->","yoast_head_json":{"title":"Su \u00dcst\u00fc Ba\u011flama Halkas\u0131, Paslanmaz \u00c7elik Ba\u011flant\u0131 Aparat\u0131 \u2013 250gr, Havuz Ekipmanlar\u0131 \u0130\u00e7in Dayan\u0131kl\u0131 Montaj Eleman\u0131 -","robots":{"index":"index","follow":"follow","max-snippet":"max-snippet:-1","max-image-preview":"max-image-preview:large","max-video-preview":"max-video-preview:-1"},"canonical":"https:\/\/www.havuzadairhersey.com\/index.php\/urun\/su-ustu-baglama-halkasi-paslanmaz-celik-baglanti-aparati-250gr-havuz-ekipmanlari-icin-dayanikli-montaj-elemani\/","og_locale":"tr_TR","og_type":"article","og_title":"Su \u00dcst\u00fc Ba\u011flama Halkas\u0131, Paslanmaz \u00c7elik Ba\u011flant\u0131 Aparat\u0131 \u2013 250gr, Havuz Ekipmanlar\u0131 \u0130\u00e7in Dayan\u0131kl\u0131 Montaj Eleman\u0131 -","og_description":"Paslanmaz \u00e7elikten \u00fcretilmi\u015f, 250gr a\u011f\u0131rl\u0131\u011f\u0131nda, sa\u011flam ve uzun \u00f6m\u00fcrl\u00fc ba\u011flant\u0131 aparat\u0131.","og_url":"https:\/\/www.havuzadairhersey.com\/index.php\/urun\/su-ustu-baglama-halkasi-paslanmaz-celik-baglanti-aparati-250gr-havuz-ekipmanlari-icin-dayanikli-montaj-elemani\/","article_modified_time":"2025-05-30T20:09:34+00:00","og_image":[{"width":1875,"height":2000,"url":"https:\/\/www.havuzadairhersey.com\/wp-content\/uploads\/2025\/05\/1-104.png","type":"image\/png"}],"twitter_card":"summary_large_image","schema":{"@context":"https:\/\/schema.org","@graph":[{"@type":"WebPage","@id":"https:\/\/www.havuzadairhersey.com\/index.php\/urun\/su-ustu-baglama-halkasi-paslanmaz-celik-baglanti-aparati-250gr-havuz-ekipmanlari-icin-dayanikli-montaj-elemani\/","url":"https:\/\/www.havuzadairhersey.com\/index.php\/urun\/su-ustu-baglama-halkasi-paslanmaz-celik-baglanti-aparati-250gr-havuz-ekipmanlari-icin-dayanikli-montaj-elemani\/","name":"Su \u00dcst\u00fc Ba\u011flama Halkas\u0131, Paslanmaz \u00c7elik Ba\u011flant\u0131 Aparat\u0131 \u2013 250gr, Havuz Ekipmanlar\u0131 \u0130\u00e7in Dayan\u0131kl\u0131 Montaj Eleman\u0131 -","isPartOf":{"@id":"https:\/\/www.havuzadairhersey.com\/#website"},"primaryImageOfPage":{"@id":"https:\/\/www.havuzadairhersey.com\/index.php\/urun\/su-ustu-baglama-halkasi-paslanmaz-celik-baglanti-aparati-250gr-havuz-ekipmanlari-icin-dayanikli-montaj-elemani\/#primaryimage"},"image":{"@id":"https:\/\/www.havuzadairhersey.com\/index.php\/urun\/su-ustu-baglama-halkasi-paslanmaz-celik-baglanti-aparati-250gr-havuz-ekipmanlari-icin-dayanikli-montaj-elemani\/#primaryimage"},"thumbnailUrl":"https:\/\/www.havuzadairhersey.com\/wp-content\/uploads\/2025\/05\/1-104.png","datePublished":"2025-05-04T10:36:23+00:00","dateModified":"2025-05-30T20:09:34+00:00","breadcrumb":{"@id":"https:\/\/www.havuzadairhersey.com\/index.php\/urun\/su-ustu-baglama-halkasi-paslanmaz-celik-baglanti-aparati-250gr-havuz-ekipmanlari-icin-dayanikli-montaj-elemani\/#breadcrumb"},"inLanguage":"tr","potentialAction":[{"@type":"ReadAction","target":["https:\/\/www.havuzadairhersey.com\/index.php\/urun\/su-ustu-baglama-halkasi-paslanmaz-celik-baglanti-aparati-250gr-havuz-ekipmanlari-icin-dayanikli-montaj-elemani\/"]}]},{"@type":"ImageObject","inLanguage":"tr","@id":"https:\/\/www.havuzadairhersey.com\/index.php\/urun\/su-ustu-baglama-halkasi-paslanmaz-celik-baglanti-aparati-250gr-havuz-ekipmanlari-icin-dayanikli-montaj-elemani\/#primaryimage","url":"https:\/\/www.havuzadairhersey.com\/wp-content\/uploads\/2025\/05\/1-104.png","contentUrl":"https:\/\/www.havuzadairhersey.com\/wp-content\/uploads\/2025\/05\/1-104.png","width":1875,"height":2000,"caption":"Dayan\u0131kl\u0131 ve sa\u011flam paslanmaz ba\u011flant\u0131 \u00e7\u00f6z\u00fcm\u00fc"},{"@type":"BreadcrumbList","@id":"https:\/\/www.havuzadairhersey.com\/index.php\/urun\/su-ustu-baglama-halkasi-paslanmaz-celik-baglanti-aparati-250gr-havuz-ekipmanlari-icin-dayanikli-montaj-elemani\/#breadcrumb","itemListElement":[{"@type":"ListItem","position":1,"name":"Anasayfa","item":"https:\/\/www.havuzadairhersey.com\/"},{"@type":"ListItem","position":2,"name":"Ma\u011faza","item":"https:\/\/www.havuzadairhersey.com\/"},{"@type":"ListItem","position":3,"name":"Su \u00dcst\u00fc Ba\u011flama Halkas\u0131, Paslanmaz \u00c7elik Ba\u011flant\u0131 Aparat\u0131 \u2013 250gr, Havuz Ekipmanlar\u0131 \u0130\u00e7in Dayan\u0131kl\u0131 Montaj Eleman\u0131"}]},{"@type":"WebSite","@id":"https:\/\/www.havuzadairhersey.com\/#website","url":"https:\/\/www.havuzadairhersey.com\/","name":"","description":"Havuza dair arad\u0131\u011f\u0131n\u0131z her\u015fey burada...","potentialAction":[{"@type":"SearchAction","target":{"@type":"EntryPoint","urlTemplate":"https:\/\/www.havuzadairhersey.com\/?s={search_term_string}"},"query-input":{"@type":"PropertyValueSpecification","valueRequired":true,"valueName":"search_term_string"}}],"inLanguage":"tr"}]}},"_links":{"self":[{"href":"https:\/\/www.havuzadairhersey.com\/index.php\/wp-json\/wp\/v2\/product\/3509","targetHints":{"allow":["GET"]}}],"collection":[{"href":"https:\/\/www.havuzadairhersey.com\/index.php\/wp-json\/wp\/v2\/product"}],"about":[{"href":"https:\/\/www.havuzadairhersey.com\/index.php\/wp-json\/wp\/v2\/types\/product"}],"replies":[{"embeddable":true,"href":"https:\/\/www.havuzadairhersey.com\/index.php\/wp-json\/wp\/v2\/comments?post=3509"}],"wp:featuredmedia":[{"embeddable":true,"href":"https:\/\/www.havuzadairhersey.com\/index.php\/wp-json\/wp\/v2\/media\/3510"}],"wp:attachment":[{"href":"https:\/\/www.havuzadairhersey.com\/index.php\/wp-json\/wp\/v2\/media?parent=3509"}],"wp:term":[{"taxonomy":"product_brand","embeddable":true,"href":"https:\/\/www.havuzadairhersey.com\/index.php\/wp-json\/wp\/v2\/product_brand?post=3509"},{"taxonomy":"product_cat","embeddable":true,"href":"https:\/\/www.havuzadairhersey.com\/index.php\/wp-json\/wp\/v2\/product_cat?post=3509"},{"taxonomy":"product_tag","embeddable":true,"href":"https:\/\/www.havuzadairhersey.com\/index.php\/wp-json\/wp\/v2\/product_tag?post=3509"}],"curies":[{"name":"wp","href":"https:\/\/api.w.org\/{rel}","templated":true}]}}