{"id":3556,"date":"2025-05-04T14:52:40","date_gmt":"2025-05-04T11:52:40","guid":{"rendered":"https:\/\/www.havuzadairhersey.com\/?post_type=product&#038;p=3556"},"modified":"2026-02-03T00:05:01","modified_gmt":"2026-02-02T21:05:01","slug":"mini-smd-led-havuz-aydinlatma-lambasi-beyaz-gunisigi-mavi-rgb-ip68-12vac-12vdc-uzun-omurlu","status":"publish","type":"product","link":"https:\/\/www.havuzadairhersey.com\/index.php\/urun\/mini-smd-led-havuz-aydinlatma-lambasi-beyaz-gunisigi-mavi-rgb-ip68-12vac-12vdc-uzun-omurlu\/","title":{"rendered":"Mini SMD LED Havuz Ayd\u0131nlatma Lambas\u0131, Beyaz G\u00fcn\u0131\u015f\u0131\u011f\u0131 Mavi RGB, IP68, 12VAC\/12VDC, Uzun \u00d6m\u00fcrl\u00fc"},"content":{"rendered":"<p>Mini boyutlu SMD LED havuz ayd\u0131nlatma lambas\u0131, IP68 koruma s\u0131n\u0131f\u0131 ile suya tamamen dayan\u0131kl\u0131 yap\u0131da \u00fcretilmi\u015ftir. 12VAC\/12VDC gerilimle \u00e7al\u0131\u015fan bu \u00fcr\u00fcn, beyaz, g\u00fcn\u0131\u015f\u0131\u011f\u0131, mavi ve RGB renk se\u00e7enekleriyle sunulur. Kompakt yap\u0131s\u0131 sayesinde \u00f6zellikle k\u00fc\u00e7\u00fck ve estetik \u00e7\u00f6z\u00fcmler arayan kullan\u0131c\u0131lar i\u00e7in idealdir. 2 veya 4 insert kablo kesit se\u00e7ene\u011fi ile gelir ve SMD LED teknolojisi sayesinde 50.000 saate kadar uzun \u00f6m\u00fcr sa\u011flar. Estetik g\u00f6r\u00fcn\u00fcml\u00fc bu mini havuz lambas\u0131, farkl\u0131 \u00e7er\u00e7eve ve renk opsiyonlar\u0131yla da dikkat \u00e7eker.<\/p>\n","protected":false},"excerpt":{"rendered":"<p>Su ge\u00e7irmez, mini boyutlu, LED havuz lambas\u0131. Farkl\u0131 renk se\u00e7enekleri, IP68 koruma, 12VAC\/12VDC \u00e7al\u0131\u015fma voltaj\u0131.<\/p>\n","protected":false},"featured_media":3557,"comment_status":"open","ping_status":"closed","template":"","meta":{"site-sidebar-layout":"default","site-content-layout":"","ast-site-content-layout":"default","site-content-style":"default","site-sidebar-style":"default","ast-global-header-display":"","ast-banner-title-visibility":"","ast-main-header-display":"","ast-hfb-above-header-display":"","ast-hfb-below-header-display":"","ast-hfb-mobile-header-display":"","site-post-title":"","ast-breadcrumbs-content":"","ast-featured-img":"","footer-sml-layout":"","theme-transparent-header-meta":"default","adv-header-id-meta":"","stick-header-meta":"","header-above-stick-meta":"","header-main-stick-meta":"","header-below-stick-meta":"","astra-migrate-meta-layouts":"set","ast-page-background-enabled":"default","ast-page-background-meta":{"desktop":{"background-color":"var(--ast-global-color-5)","background-image":"","background-repeat":"repeat","background-position":"center center","background-size":"auto","background-attachment":"scroll","background-type":"","background-media":"","overlay-type":"","overlay-color":"","overlay-opacity":"","overlay-gradient":""},"tablet":{"background-color":"","background-image":"","background-repeat":"repeat","background-position":"center center","background-size":"auto","background-attachment":"scroll","background-type":"","background-media":"","overlay-type":"","overlay-color":"","overlay-opacity":"","overlay-gradient":""},"mobile":{"background-color":"","background-image":"","background-repeat":"repeat","background-position":"center center","background-size":"auto","background-attachment":"scroll","background-type":"","background-media":"","overlay-type":"","overlay-color":"","overlay-opacity":"","overlay-gradient":""}},"ast-content-background-meta":{"desktop":{"background-color":"var(--ast-global-color-4)","background-image":"","background-repeat":"repeat","background-position":"center center","background-size":"auto","background-attachment":"scroll","background-type":"","background-media":"","overlay-type":"","overlay-color":"","overlay-opacity":"","overlay-gradient":""},"tablet":{"background-color":"var(--ast-global-color-4)","background-image":"","background-repeat":"repeat","background-position":"center center","background-size":"auto","background-attachment":"scroll","background-type":"","background-media":"","overlay-type":"","overlay-color":"","overlay-opacity":"","overlay-gradient":""},"mobile":{"background-color":"var(--ast-global-color-4)","background-image":"","background-repeat":"repeat","background-position":"center center","background-size":"auto","background-attachment":"scroll","background-type":"","background-media":"","overlay-type":"","overlay-color":"","overlay-opacity":"","overlay-gradient":""}}},"product_brand":[5145],"product_cat":[31],"product_tag":[5200,5172,5199,5171,5198,5201,5173],"class_list":{"0":"post-3556","1":"product","2":"type-product","3":"status-publish","4":"has-post-thumbnail","6":"product_brand-mega-pool","7":"product_cat-havuz-ici-aydinlatma","8":"product_tag-12v-havuz-isigi","9":"product_tag-beyaz-havuz-lambasi","10":"product_tag-ip68-su-gecirmez","11":"product_tag-led-havuz-aydinlatma","12":"product_tag-mini-havuz-lambasi","13":"product_tag-mini-rgb-lamba","14":"product_tag-smd-led","15":"desktop-align-left","16":"tablet-align-left","17":"mobile-align-left","19":"first","20":"instock","21":"shipping-taxable","22":"purchasable","23":"product-type-variable"},"yoast_head":"<!-- This site is optimized with the Yoast SEO plugin v25.0 - https:\/\/yoast.com\/wordpress\/plugins\/seo\/ -->\n<title>Mini SMD LED Havuz Ayd\u0131nlatma Lambas\u0131, Beyaz G\u00fcn\u0131\u015f\u0131\u011f\u0131 Mavi RGB, IP68, 12VAC\/12VDC, Uzun \u00d6m\u00fcrl\u00fc -<\/title>\n<meta name=\"robots\" content=\"index, follow, max-snippet:-1, max-image-preview:large, max-video-preview:-1\" \/>\n<link rel=\"canonical\" href=\"https:\/\/www.havuzadairhersey.com\/index.php\/urun\/mini-smd-led-havuz-aydinlatma-lambasi-beyaz-gunisigi-mavi-rgb-ip68-12vac-12vdc-uzun-omurlu\/\" \/>\n<meta property=\"og:locale\" content=\"tr_TR\" \/>\n<meta property=\"og:type\" content=\"article\" \/>\n<meta property=\"og:title\" content=\"Mini SMD LED Havuz Ayd\u0131nlatma Lambas\u0131, Beyaz G\u00fcn\u0131\u015f\u0131\u011f\u0131 Mavi RGB, IP68, 12VAC\/12VDC, Uzun \u00d6m\u00fcrl\u00fc -\" \/>\n<meta property=\"og:description\" content=\"Su ge\u00e7irmez, mini boyutlu, LED havuz lambas\u0131. Farkl\u0131 renk se\u00e7enekleri, IP68 koruma, 12VAC\/12VDC \u00e7al\u0131\u015fma voltaj\u0131.\" \/>\n<meta property=\"og:url\" content=\"https:\/\/www.havuzadairhersey.com\/index.php\/urun\/mini-smd-led-havuz-aydinlatma-lambasi-beyaz-gunisigi-mavi-rgb-ip68-12vac-12vdc-uzun-omurlu\/\" \/>\n<meta property=\"article:modified_time\" content=\"2026-02-02T21:05:01+00:00\" \/>\n<meta property=\"og:image\" content=\"https:\/\/www.havuzadairhersey.com\/wp-content\/uploads\/2025\/05\/1-108.png\" \/>\n\t<meta property=\"og:image:width\" content=\"1875\" \/>\n\t<meta property=\"og:image:height\" content=\"2000\" \/>\n\t<meta property=\"og:image:type\" content=\"image\/png\" \/>\n<meta name=\"twitter:card\" content=\"summary_large_image\" \/>\n<meta name=\"twitter:label1\" content=\"Tahmini okuma s\u00fcresi\" \/>\n\t<meta name=\"twitter:data1\" content=\"1 dakika\" \/>\n<script type=\"application\/ld+json\" class=\"yoast-schema-graph\">{\"@context\":\"https:\/\/schema.org\",\"@graph\":[{\"@type\":\"WebPage\",\"@id\":\"https:\/\/www.havuzadairhersey.com\/index.php\/urun\/mini-smd-led-havuz-aydinlatma-lambasi-beyaz-gunisigi-mavi-rgb-ip68-12vac-12vdc-uzun-omurlu\/\",\"url\":\"https:\/\/www.havuzadairhersey.com\/index.php\/urun\/mini-smd-led-havuz-aydinlatma-lambasi-beyaz-gunisigi-mavi-rgb-ip68-12vac-12vdc-uzun-omurlu\/\",\"name\":\"Mini SMD LED Havuz Ayd\u0131nlatma Lambas\u0131, Beyaz G\u00fcn\u0131\u015f\u0131\u011f\u0131 Mavi RGB, IP68, 12VAC\/12VDC, Uzun \u00d6m\u00fcrl\u00fc -\",\"isPartOf\":{\"@id\":\"https:\/\/www.havuzadairhersey.com\/#website\"},\"primaryImageOfPage\":{\"@id\":\"https:\/\/www.havuzadairhersey.com\/index.php\/urun\/mini-smd-led-havuz-aydinlatma-lambasi-beyaz-gunisigi-mavi-rgb-ip68-12vac-12vdc-uzun-omurlu\/#primaryimage\"},\"image\":{\"@id\":\"https:\/\/www.havuzadairhersey.com\/index.php\/urun\/mini-smd-led-havuz-aydinlatma-lambasi-beyaz-gunisigi-mavi-rgb-ip68-12vac-12vdc-uzun-omurlu\/#primaryimage\"},\"thumbnailUrl\":\"https:\/\/www.havuzadairhersey.com\/wp-content\/uploads\/2025\/05\/1-108.png\",\"datePublished\":\"2025-05-04T11:52:40+00:00\",\"dateModified\":\"2026-02-02T21:05:01+00:00\",\"breadcrumb\":{\"@id\":\"https:\/\/www.havuzadairhersey.com\/index.php\/urun\/mini-smd-led-havuz-aydinlatma-lambasi-beyaz-gunisigi-mavi-rgb-ip68-12vac-12vdc-uzun-omurlu\/#breadcrumb\"},\"inLanguage\":\"tr\",\"potentialAction\":[{\"@type\":\"ReadAction\",\"target\":[\"https:\/\/www.havuzadairhersey.com\/index.php\/urun\/mini-smd-led-havuz-aydinlatma-lambasi-beyaz-gunisigi-mavi-rgb-ip68-12vac-12vdc-uzun-omurlu\/\"]}]},{\"@type\":\"ImageObject\",\"inLanguage\":\"tr\",\"@id\":\"https:\/\/www.havuzadairhersey.com\/index.php\/urun\/mini-smd-led-havuz-aydinlatma-lambasi-beyaz-gunisigi-mavi-rgb-ip68-12vac-12vdc-uzun-omurlu\/#primaryimage\",\"url\":\"https:\/\/www.havuzadairhersey.com\/wp-content\/uploads\/2025\/05\/1-108.png\",\"contentUrl\":\"https:\/\/www.havuzadairhersey.com\/wp-content\/uploads\/2025\/05\/1-108.png\",\"width\":1875,\"height\":2000,\"caption\":\"Kompakt tasar\u0131ml\u0131, IP68 s\u0131n\u0131f\u0131 suya dayan\u0131kl\u0131 mini LED havuz lambalar\u0131\"},{\"@type\":\"BreadcrumbList\",\"@id\":\"https:\/\/www.havuzadairhersey.com\/index.php\/urun\/mini-smd-led-havuz-aydinlatma-lambasi-beyaz-gunisigi-mavi-rgb-ip68-12vac-12vdc-uzun-omurlu\/#breadcrumb\",\"itemListElement\":[{\"@type\":\"ListItem\",\"position\":1,\"name\":\"Anasayfa\",\"item\":\"https:\/\/www.havuzadairhersey.com\/\"},{\"@type\":\"ListItem\",\"position\":2,\"name\":\"Ma\u011faza\",\"item\":\"https:\/\/www.havuzadairhersey.com\/\"},{\"@type\":\"ListItem\",\"position\":3,\"name\":\"Mini SMD LED Havuz Ayd\u0131nlatma Lambas\u0131, Beyaz G\u00fcn\u0131\u015f\u0131\u011f\u0131 Mavi RGB, IP68, 12VAC\/12VDC, Uzun \u00d6m\u00fcrl\u00fc\"}]},{\"@type\":\"WebSite\",\"@id\":\"https:\/\/www.havuzadairhersey.com\/#website\",\"url\":\"https:\/\/www.havuzadairhersey.com\/\",\"name\":\"\",\"description\":\"Havuza dair arad\u0131\u011f\u0131n\u0131z her\u015fey burada...\",\"potentialAction\":[{\"@type\":\"SearchAction\",\"target\":{\"@type\":\"EntryPoint\",\"urlTemplate\":\"https:\/\/www.havuzadairhersey.com\/?s={search_term_string}\"},\"query-input\":{\"@type\":\"PropertyValueSpecification\",\"valueRequired\":true,\"valueName\":\"search_term_string\"}}],\"inLanguage\":\"tr\"}]}<\/script>\n<!-- \/ Yoast SEO plugin. -->","yoast_head_json":{"title":"Mini SMD LED Havuz Ayd\u0131nlatma Lambas\u0131, Beyaz G\u00fcn\u0131\u015f\u0131\u011f\u0131 Mavi RGB, IP68, 12VAC\/12VDC, Uzun \u00d6m\u00fcrl\u00fc -","robots":{"index":"index","follow":"follow","max-snippet":"max-snippet:-1","max-image-preview":"max-image-preview:large","max-video-preview":"max-video-preview:-1"},"canonical":"https:\/\/www.havuzadairhersey.com\/index.php\/urun\/mini-smd-led-havuz-aydinlatma-lambasi-beyaz-gunisigi-mavi-rgb-ip68-12vac-12vdc-uzun-omurlu\/","og_locale":"tr_TR","og_type":"article","og_title":"Mini SMD LED Havuz Ayd\u0131nlatma Lambas\u0131, Beyaz G\u00fcn\u0131\u015f\u0131\u011f\u0131 Mavi RGB, IP68, 12VAC\/12VDC, Uzun \u00d6m\u00fcrl\u00fc -","og_description":"Su ge\u00e7irmez, mini boyutlu, LED havuz lambas\u0131. Farkl\u0131 renk se\u00e7enekleri, IP68 koruma, 12VAC\/12VDC \u00e7al\u0131\u015fma voltaj\u0131.","og_url":"https:\/\/www.havuzadairhersey.com\/index.php\/urun\/mini-smd-led-havuz-aydinlatma-lambasi-beyaz-gunisigi-mavi-rgb-ip68-12vac-12vdc-uzun-omurlu\/","article_modified_time":"2026-02-02T21:05:01+00:00","og_image":[{"width":1875,"height":2000,"url":"https:\/\/www.havuzadairhersey.com\/wp-content\/uploads\/2025\/05\/1-108.png","type":"image\/png"}],"twitter_card":"summary_large_image","twitter_misc":{"Tahmini okuma s\u00fcresi":"1 dakika"},"schema":{"@context":"https:\/\/schema.org","@graph":[{"@type":"WebPage","@id":"https:\/\/www.havuzadairhersey.com\/index.php\/urun\/mini-smd-led-havuz-aydinlatma-lambasi-beyaz-gunisigi-mavi-rgb-ip68-12vac-12vdc-uzun-omurlu\/","url":"https:\/\/www.havuzadairhersey.com\/index.php\/urun\/mini-smd-led-havuz-aydinlatma-lambasi-beyaz-gunisigi-mavi-rgb-ip68-12vac-12vdc-uzun-omurlu\/","name":"Mini SMD LED Havuz Ayd\u0131nlatma Lambas\u0131, Beyaz G\u00fcn\u0131\u015f\u0131\u011f\u0131 Mavi RGB, IP68, 12VAC\/12VDC, Uzun \u00d6m\u00fcrl\u00fc -","isPartOf":{"@id":"https:\/\/www.havuzadairhersey.com\/#website"},"primaryImageOfPage":{"@id":"https:\/\/www.havuzadairhersey.com\/index.php\/urun\/mini-smd-led-havuz-aydinlatma-lambasi-beyaz-gunisigi-mavi-rgb-ip68-12vac-12vdc-uzun-omurlu\/#primaryimage"},"image":{"@id":"https:\/\/www.havuzadairhersey.com\/index.php\/urun\/mini-smd-led-havuz-aydinlatma-lambasi-beyaz-gunisigi-mavi-rgb-ip68-12vac-12vdc-uzun-omurlu\/#primaryimage"},"thumbnailUrl":"https:\/\/www.havuzadairhersey.com\/wp-content\/uploads\/2025\/05\/1-108.png","datePublished":"2025-05-04T11:52:40+00:00","dateModified":"2026-02-02T21:05:01+00:00","breadcrumb":{"@id":"https:\/\/www.havuzadairhersey.com\/index.php\/urun\/mini-smd-led-havuz-aydinlatma-lambasi-beyaz-gunisigi-mavi-rgb-ip68-12vac-12vdc-uzun-omurlu\/#breadcrumb"},"inLanguage":"tr","potentialAction":[{"@type":"ReadAction","target":["https:\/\/www.havuzadairhersey.com\/index.php\/urun\/mini-smd-led-havuz-aydinlatma-lambasi-beyaz-gunisigi-mavi-rgb-ip68-12vac-12vdc-uzun-omurlu\/"]}]},{"@type":"ImageObject","inLanguage":"tr","@id":"https:\/\/www.havuzadairhersey.com\/index.php\/urun\/mini-smd-led-havuz-aydinlatma-lambasi-beyaz-gunisigi-mavi-rgb-ip68-12vac-12vdc-uzun-omurlu\/#primaryimage","url":"https:\/\/www.havuzadairhersey.com\/wp-content\/uploads\/2025\/05\/1-108.png","contentUrl":"https:\/\/www.havuzadairhersey.com\/wp-content\/uploads\/2025\/05\/1-108.png","width":1875,"height":2000,"caption":"Kompakt tasar\u0131ml\u0131, IP68 s\u0131n\u0131f\u0131 suya dayan\u0131kl\u0131 mini LED havuz lambalar\u0131"},{"@type":"BreadcrumbList","@id":"https:\/\/www.havuzadairhersey.com\/index.php\/urun\/mini-smd-led-havuz-aydinlatma-lambasi-beyaz-gunisigi-mavi-rgb-ip68-12vac-12vdc-uzun-omurlu\/#breadcrumb","itemListElement":[{"@type":"ListItem","position":1,"name":"Anasayfa","item":"https:\/\/www.havuzadairhersey.com\/"},{"@type":"ListItem","position":2,"name":"Ma\u011faza","item":"https:\/\/www.havuzadairhersey.com\/"},{"@type":"ListItem","position":3,"name":"Mini SMD LED Havuz Ayd\u0131nlatma Lambas\u0131, Beyaz G\u00fcn\u0131\u015f\u0131\u011f\u0131 Mavi RGB, IP68, 12VAC\/12VDC, Uzun \u00d6m\u00fcrl\u00fc"}]},{"@type":"WebSite","@id":"https:\/\/www.havuzadairhersey.com\/#website","url":"https:\/\/www.havuzadairhersey.com\/","name":"","description":"Havuza dair arad\u0131\u011f\u0131n\u0131z her\u015fey burada...","potentialAction":[{"@type":"SearchAction","target":{"@type":"EntryPoint","urlTemplate":"https:\/\/www.havuzadairhersey.com\/?s={search_term_string}"},"query-input":{"@type":"PropertyValueSpecification","valueRequired":true,"valueName":"search_term_string"}}],"inLanguage":"tr"}]}},"_links":{"self":[{"href":"https:\/\/www.havuzadairhersey.com\/index.php\/wp-json\/wp\/v2\/product\/3556","targetHints":{"allow":["GET"]}}],"collection":[{"href":"https:\/\/www.havuzadairhersey.com\/index.php\/wp-json\/wp\/v2\/product"}],"about":[{"href":"https:\/\/www.havuzadairhersey.com\/index.php\/wp-json\/wp\/v2\/types\/product"}],"replies":[{"embeddable":true,"href":"https:\/\/www.havuzadairhersey.com\/index.php\/wp-json\/wp\/v2\/comments?post=3556"}],"wp:featuredmedia":[{"embeddable":true,"href":"https:\/\/www.havuzadairhersey.com\/index.php\/wp-json\/wp\/v2\/media\/3557"}],"wp:attachment":[{"href":"https:\/\/www.havuzadairhersey.com\/index.php\/wp-json\/wp\/v2\/media?parent=3556"}],"wp:term":[{"taxonomy":"product_brand","embeddable":true,"href":"https:\/\/www.havuzadairhersey.com\/index.php\/wp-json\/wp\/v2\/product_brand?post=3556"},{"taxonomy":"product_cat","embeddable":true,"href":"https:\/\/www.havuzadairhersey.com\/index.php\/wp-json\/wp\/v2\/product_cat?post=3556"},{"taxonomy":"product_tag","embeddable":true,"href":"https:\/\/www.havuzadairhersey.com\/index.php\/wp-json\/wp\/v2\/product_tag?post=3556"}],"curies":[{"name":"wp","href":"https:\/\/api.w.org\/{rel}","templated":true}]}}