{"id":403,"date":"2025-04-06T13:24:45","date_gmt":"2025-04-06T10:24:45","guid":{"rendered":"https:\/\/www.havuzadairhersey.com\/?post_type=product&#038;p=403"},"modified":"2025-04-06T13:24:46","modified_gmt":"2025-04-06T10:24:46","slug":"din-norm-model-kum-filtrlesi","status":"publish","type":"product","link":"https:\/\/www.havuzadairhersey.com\/index.php\/urun\/din-norm-model-kum-filtrlesi\/","title":{"rendered":"DIN Norm Model Kum Filtrlesi"},"content":{"rendered":"<p>DIN normlar\u0131na uygun olarak \u00fcretilmi\u015f 620 mm \u00e7ap\u0131nda polyester kum filtresi, y\u00fcksek performansl\u0131 su filtrasyonu i\u00e7in tasarlanm\u0131\u015ft\u0131r. Monoblok polyester ve fiberglas g\u00f6vdesi, uzun \u00f6m\u00fcrl\u00fc kullan\u0131m sa\u011flar. Tablas\u0131z ahtapot fiskiyeli i\u00e7 yap\u0131s\u0131 ile donat\u0131lm\u0131\u015f olan bu filtre, 30 m\u00b3\/h debi kapasitesine kadar etkili filtrasyon sunar.<\/p>\n","protected":false},"excerpt":{"rendered":"<p>{<br \/>\n  &#8220;@context&#8221;: &#8220;https:\/\/schema.org\/&#8221;,<br \/>\n  &#8220;@type&#8221;: &#8220;Product&#8221;,<br \/>\n  &#8220;name&#8221;: &#8220;DIN Norm Model 620 mm Polyester Kum Filtresi&#8221;,<br \/>\n  &#8220;image&#8221;: &#8220;URL\u0130N\u0130_YERLE\u015eT\u0130R&#8221;,<br \/>\n  &#8220;description&#8221;: &#8220;DIN normuna uygun, 620 mm \u00e7ap\u0131nda, tablal\u0131, \u00e7ok yollu vanal\u0131, ahtapot fiskiyeli polyester kum filtresi. Y\u00fcksek debi kapasitesi ve sa\u011flam yap\u0131s\u0131yla profesyonel havuz sistemleri i\u00e7in idealdir.&#8221;,<br \/>\n  &#8220;brand&#8221;: {<br \/>\n    &#8220;@type&#8221;: &#8220;Brand&#8221;,<br \/>\n    &#8220;name&#8221;: &#8220;ATS&#8221;<br \/>\n  },<br \/>\n  &#8220;offers&#8221;: {<br \/>\n    &#8220;@type&#8221;: &#8220;Offer&#8221;,<br \/>\n    &#8220;priceCurrency&#8221;: &#8220;TRY&#8221;,<br \/>\n    &#8220;availability&#8221;: &#8220;https:\/\/schema.org\/InStock&#8221;<br \/>\n  }<br \/>\n}<\/p>\n","protected":false},"featured_media":404,"comment_status":"open","ping_status":"closed","template":"","meta":{"site-sidebar-layout":"default","site-content-layout":"","ast-site-content-layout":"default","site-content-style":"default","site-sidebar-style":"default","ast-global-header-display":"","ast-banner-title-visibility":"","ast-main-header-display":"","ast-hfb-above-header-display":"","ast-hfb-below-header-display":"","ast-hfb-mobile-header-display":"","site-post-title":"","ast-breadcrumbs-content":"","ast-featured-img":"","footer-sml-layout":"","theme-transparent-header-meta":"default","adv-header-id-meta":"","stick-header-meta":"","header-above-stick-meta":"","header-main-stick-meta":"","header-below-stick-meta":"","astra-migrate-meta-layouts":"set","ast-page-background-enabled":"default","ast-page-background-meta":{"desktop":{"background-color":"var(--ast-global-color-5)","background-image":"","background-repeat":"repeat","background-position":"center center","background-size":"auto","background-attachment":"scroll","background-type":"","background-media":"","overlay-type":"","overlay-color":"","overlay-opacity":"","overlay-gradient":""},"tablet":{"background-color":"","background-image":"","background-repeat":"repeat","background-position":"center center","background-size":"auto","background-attachment":"scroll","background-type":"","background-media":"","overlay-type":"","overlay-color":"","overlay-opacity":"","overlay-gradient":""},"mobile":{"background-color":"","background-image":"","background-repeat":"repeat","background-position":"center center","background-size":"auto","background-attachment":"scroll","background-type":"","background-media":"","overlay-type":"","overlay-color":"","overlay-opacity":"","overlay-gradient":""}},"ast-content-background-meta":{"desktop":{"background-color":"var(--ast-global-color-4)","background-image":"","background-repeat":"repeat","background-position":"center center","background-size":"auto","background-attachment":"scroll","background-type":"","background-media":"","overlay-type":"","overlay-color":"","overlay-opacity":"","overlay-gradient":""},"tablet":{"background-color":"var(--ast-global-color-4)","background-image":"","background-repeat":"repeat","background-position":"center center","background-size":"auto","background-attachment":"scroll","background-type":"","background-media":"","overlay-type":"","overlay-color":"","overlay-opacity":"","overlay-gradient":""},"mobile":{"background-color":"var(--ast-global-color-4)","background-image":"","background-repeat":"repeat","background-position":"center center","background-size":"auto","background-attachment":"scroll","background-type":"","background-media":"","overlay-type":"","overlay-color":"","overlay-opacity":"","overlay-gradient":""}}},"product_brand":[30],"product_cat":[233],"product_tag":[262,377,376,373,357,374,284,375],"class_list":{"0":"post-403","1":"product","2":"type-product","3":"status-publish","4":"has-post-thumbnail","6":"product_brand-atlaspool","7":"product_cat-havuz-filtreleri","8":"product_tag-620-mm-filtre","9":"product_tag-ats-kum-filtresi","10":"product_tag-cok-yollu-vanali-filtre","11":"product_tag-din-norm-kum-filtresi","12":"product_tag-fiberglas-kum-filtresi","13":"product_tag-havuz-filtre-sistemi","14":"product_tag-polyester-kum-filtresi","15":"product_tag-tablali-kum-filtresi","16":"desktop-align-left","17":"tablet-align-left","18":"mobile-align-left","20":"first","21":"instock","22":"shipping-taxable","23":"purchasable","24":"product-type-variable"},"yoast_head":"<!-- This site is optimized with the Yoast SEO plugin v25.0 - https:\/\/yoast.com\/wordpress\/plugins\/seo\/ -->\n<title>DIN Norm Model Kum Filtrlesi -<\/title>\n<meta name=\"robots\" content=\"index, follow, max-snippet:-1, max-image-preview:large, max-video-preview:-1\" \/>\n<link rel=\"canonical\" href=\"https:\/\/www.havuzadairhersey.com\/index.php\/urun\/din-norm-model-kum-filtrlesi\/\" \/>\n<meta property=\"og:locale\" content=\"tr_TR\" \/>\n<meta property=\"og:type\" content=\"article\" \/>\n<meta property=\"og:title\" content=\"DIN Norm Model Kum Filtrlesi -\" \/>\n<meta property=\"og:description\" content=\"{  &quot;@context&quot;: &quot;https:\/\/schema.org\/&quot;,  &quot;@type&quot;: &quot;Product&quot;,  &quot;name&quot;: &quot;DIN Norm Model 620 mm Polyester Kum Filtresi&quot;,  &quot;image&quot;: &quot;URL\u0130N\u0130_YERLE\u015eT\u0130R&quot;,  &quot;description&quot;: &quot;DIN normuna uygun, 620 mm \u00e7ap\u0131nda, tablal\u0131, \u00e7ok yollu vanal\u0131, ahtapot fiskiyeli polyester kum filtresi. Y\u00fcksek debi kapasitesi ve sa\u011flam yap\u0131s\u0131yla profesyonel havuz sistemleri i\u00e7in idealdir.&quot;,  &quot;brand&quot;: {   &quot;@type&quot;: &quot;Brand&quot;,   &quot;name&quot;: &quot;ATS&quot;  },  &quot;offers&quot;: {   &quot;@type&quot;: &quot;Offer&quot;,   &quot;priceCurrency&quot;: &quot;TRY&quot;,   &quot;availability&quot;: &quot;https:\/\/schema.org\/InStock&quot;  } }\" \/>\n<meta property=\"og:url\" content=\"https:\/\/www.havuzadairhersey.com\/index.php\/urun\/din-norm-model-kum-filtrlesi\/\" \/>\n<meta property=\"article:modified_time\" content=\"2025-04-06T10:24:46+00:00\" \/>\n<meta property=\"og:image\" content=\"https:\/\/www.havuzadairhersey.com\/wp-content\/uploads\/2025\/04\/400-mm-Plastik-Filtre-500-mm-Plastik-Filtre-620-mm-Plastik-Filtre-760-mm-Plastik-Filtre-920-mm-Plastik-Filtre-21.png\" \/>\n\t<meta property=\"og:image:width\" content=\"1875\" \/>\n\t<meta property=\"og:image:height\" content=\"2000\" \/>\n\t<meta property=\"og:image:type\" content=\"image\/png\" \/>\n<meta name=\"twitter:card\" content=\"summary_large_image\" \/>\n<script type=\"application\/ld+json\" class=\"yoast-schema-graph\">{\"@context\":\"https:\/\/schema.org\",\"@graph\":[{\"@type\":\"WebPage\",\"@id\":\"https:\/\/www.havuzadairhersey.com\/index.php\/urun\/din-norm-model-kum-filtrlesi\/\",\"url\":\"https:\/\/www.havuzadairhersey.com\/index.php\/urun\/din-norm-model-kum-filtrlesi\/\",\"name\":\"DIN Norm Model Kum Filtrlesi -\",\"isPartOf\":{\"@id\":\"https:\/\/www.havuzadairhersey.com\/#website\"},\"primaryImageOfPage\":{\"@id\":\"https:\/\/www.havuzadairhersey.com\/index.php\/urun\/din-norm-model-kum-filtrlesi\/#primaryimage\"},\"image\":{\"@id\":\"https:\/\/www.havuzadairhersey.com\/index.php\/urun\/din-norm-model-kum-filtrlesi\/#primaryimage\"},\"thumbnailUrl\":\"https:\/\/www.havuzadairhersey.com\/wp-content\/uploads\/2025\/04\/400-mm-Plastik-Filtre-500-mm-Plastik-Filtre-620-mm-Plastik-Filtre-760-mm-Plastik-Filtre-920-mm-Plastik-Filtre-21.png\",\"datePublished\":\"2025-04-06T10:24:45+00:00\",\"dateModified\":\"2025-04-06T10:24:46+00:00\",\"breadcrumb\":{\"@id\":\"https:\/\/www.havuzadairhersey.com\/index.php\/urun\/din-norm-model-kum-filtrlesi\/#breadcrumb\"},\"inLanguage\":\"tr\",\"potentialAction\":[{\"@type\":\"ReadAction\",\"target\":[\"https:\/\/www.havuzadairhersey.com\/index.php\/urun\/din-norm-model-kum-filtrlesi\/\"]}]},{\"@type\":\"ImageObject\",\"inLanguage\":\"tr\",\"@id\":\"https:\/\/www.havuzadairhersey.com\/index.php\/urun\/din-norm-model-kum-filtrlesi\/#primaryimage\",\"url\":\"https:\/\/www.havuzadairhersey.com\/wp-content\/uploads\/2025\/04\/400-mm-Plastik-Filtre-500-mm-Plastik-Filtre-620-mm-Plastik-Filtre-760-mm-Plastik-Filtre-920-mm-Plastik-Filtre-21.png\",\"contentUrl\":\"https:\/\/www.havuzadairhersey.com\/wp-content\/uploads\/2025\/04\/400-mm-Plastik-Filtre-500-mm-Plastik-Filtre-620-mm-Plastik-Filtre-760-mm-Plastik-Filtre-920-mm-Plastik-Filtre-21.png\",\"width\":1875,\"height\":2000,\"caption\":\"Profesyonel havuzlar i\u00e7in y\u00fcksek verimli DIN norm kum filtresi\"},{\"@type\":\"BreadcrumbList\",\"@id\":\"https:\/\/www.havuzadairhersey.com\/index.php\/urun\/din-norm-model-kum-filtrlesi\/#breadcrumb\",\"itemListElement\":[{\"@type\":\"ListItem\",\"position\":1,\"name\":\"Anasayfa\",\"item\":\"https:\/\/www.havuzadairhersey.com\/\"},{\"@type\":\"ListItem\",\"position\":2,\"name\":\"Ma\u011faza\",\"item\":\"https:\/\/www.havuzadairhersey.com\/\"},{\"@type\":\"ListItem\",\"position\":3,\"name\":\"DIN Norm Model Kum Filtrlesi\"}]},{\"@type\":\"WebSite\",\"@id\":\"https:\/\/www.havuzadairhersey.com\/#website\",\"url\":\"https:\/\/www.havuzadairhersey.com\/\",\"name\":\"\",\"description\":\"Havuza dair arad\u0131\u011f\u0131n\u0131z her\u015fey burada...\",\"potentialAction\":[{\"@type\":\"SearchAction\",\"target\":{\"@type\":\"EntryPoint\",\"urlTemplate\":\"https:\/\/www.havuzadairhersey.com\/?s={search_term_string}\"},\"query-input\":{\"@type\":\"PropertyValueSpecification\",\"valueRequired\":true,\"valueName\":\"search_term_string\"}}],\"inLanguage\":\"tr\"}]}<\/script>\n<!-- \/ Yoast SEO plugin. -->","yoast_head_json":{"title":"DIN Norm Model Kum Filtrlesi -","robots":{"index":"index","follow":"follow","max-snippet":"max-snippet:-1","max-image-preview":"max-image-preview:large","max-video-preview":"max-video-preview:-1"},"canonical":"https:\/\/www.havuzadairhersey.com\/index.php\/urun\/din-norm-model-kum-filtrlesi\/","og_locale":"tr_TR","og_type":"article","og_title":"DIN Norm Model Kum Filtrlesi -","og_description":"{  \"@context\": \"https:\/\/schema.org\/\",  \"@type\": \"Product\",  \"name\": \"DIN Norm Model 620 mm Polyester Kum Filtresi\",  \"image\": \"URL\u0130N\u0130_YERLE\u015eT\u0130R\",  \"description\": \"DIN normuna uygun, 620 mm \u00e7ap\u0131nda, tablal\u0131, \u00e7ok yollu vanal\u0131, ahtapot fiskiyeli polyester kum filtresi. Y\u00fcksek debi kapasitesi ve sa\u011flam yap\u0131s\u0131yla profesyonel havuz sistemleri i\u00e7in idealdir.\",  \"brand\": {   \"@type\": \"Brand\",   \"name\": \"ATS\"  },  \"offers\": {   \"@type\": \"Offer\",   \"priceCurrency\": \"TRY\",   \"availability\": \"https:\/\/schema.org\/InStock\"  } }","og_url":"https:\/\/www.havuzadairhersey.com\/index.php\/urun\/din-norm-model-kum-filtrlesi\/","article_modified_time":"2025-04-06T10:24:46+00:00","og_image":[{"width":1875,"height":2000,"url":"https:\/\/www.havuzadairhersey.com\/wp-content\/uploads\/2025\/04\/400-mm-Plastik-Filtre-500-mm-Plastik-Filtre-620-mm-Plastik-Filtre-760-mm-Plastik-Filtre-920-mm-Plastik-Filtre-21.png","type":"image\/png"}],"twitter_card":"summary_large_image","schema":{"@context":"https:\/\/schema.org","@graph":[{"@type":"WebPage","@id":"https:\/\/www.havuzadairhersey.com\/index.php\/urun\/din-norm-model-kum-filtrlesi\/","url":"https:\/\/www.havuzadairhersey.com\/index.php\/urun\/din-norm-model-kum-filtrlesi\/","name":"DIN Norm Model Kum Filtrlesi -","isPartOf":{"@id":"https:\/\/www.havuzadairhersey.com\/#website"},"primaryImageOfPage":{"@id":"https:\/\/www.havuzadairhersey.com\/index.php\/urun\/din-norm-model-kum-filtrlesi\/#primaryimage"},"image":{"@id":"https:\/\/www.havuzadairhersey.com\/index.php\/urun\/din-norm-model-kum-filtrlesi\/#primaryimage"},"thumbnailUrl":"https:\/\/www.havuzadairhersey.com\/wp-content\/uploads\/2025\/04\/400-mm-Plastik-Filtre-500-mm-Plastik-Filtre-620-mm-Plastik-Filtre-760-mm-Plastik-Filtre-920-mm-Plastik-Filtre-21.png","datePublished":"2025-04-06T10:24:45+00:00","dateModified":"2025-04-06T10:24:46+00:00","breadcrumb":{"@id":"https:\/\/www.havuzadairhersey.com\/index.php\/urun\/din-norm-model-kum-filtrlesi\/#breadcrumb"},"inLanguage":"tr","potentialAction":[{"@type":"ReadAction","target":["https:\/\/www.havuzadairhersey.com\/index.php\/urun\/din-norm-model-kum-filtrlesi\/"]}]},{"@type":"ImageObject","inLanguage":"tr","@id":"https:\/\/www.havuzadairhersey.com\/index.php\/urun\/din-norm-model-kum-filtrlesi\/#primaryimage","url":"https:\/\/www.havuzadairhersey.com\/wp-content\/uploads\/2025\/04\/400-mm-Plastik-Filtre-500-mm-Plastik-Filtre-620-mm-Plastik-Filtre-760-mm-Plastik-Filtre-920-mm-Plastik-Filtre-21.png","contentUrl":"https:\/\/www.havuzadairhersey.com\/wp-content\/uploads\/2025\/04\/400-mm-Plastik-Filtre-500-mm-Plastik-Filtre-620-mm-Plastik-Filtre-760-mm-Plastik-Filtre-920-mm-Plastik-Filtre-21.png","width":1875,"height":2000,"caption":"Profesyonel havuzlar i\u00e7in y\u00fcksek verimli DIN norm kum filtresi"},{"@type":"BreadcrumbList","@id":"https:\/\/www.havuzadairhersey.com\/index.php\/urun\/din-norm-model-kum-filtrlesi\/#breadcrumb","itemListElement":[{"@type":"ListItem","position":1,"name":"Anasayfa","item":"https:\/\/www.havuzadairhersey.com\/"},{"@type":"ListItem","position":2,"name":"Ma\u011faza","item":"https:\/\/www.havuzadairhersey.com\/"},{"@type":"ListItem","position":3,"name":"DIN Norm Model Kum Filtrlesi"}]},{"@type":"WebSite","@id":"https:\/\/www.havuzadairhersey.com\/#website","url":"https:\/\/www.havuzadairhersey.com\/","name":"","description":"Havuza dair arad\u0131\u011f\u0131n\u0131z her\u015fey burada...","potentialAction":[{"@type":"SearchAction","target":{"@type":"EntryPoint","urlTemplate":"https:\/\/www.havuzadairhersey.com\/?s={search_term_string}"},"query-input":{"@type":"PropertyValueSpecification","valueRequired":true,"valueName":"search_term_string"}}],"inLanguage":"tr"}]}},"_links":{"self":[{"href":"https:\/\/www.havuzadairhersey.com\/index.php\/wp-json\/wp\/v2\/product\/403","targetHints":{"allow":["GET"]}}],"collection":[{"href":"https:\/\/www.havuzadairhersey.com\/index.php\/wp-json\/wp\/v2\/product"}],"about":[{"href":"https:\/\/www.havuzadairhersey.com\/index.php\/wp-json\/wp\/v2\/types\/product"}],"replies":[{"embeddable":true,"href":"https:\/\/www.havuzadairhersey.com\/index.php\/wp-json\/wp\/v2\/comments?post=403"}],"wp:featuredmedia":[{"embeddable":true,"href":"https:\/\/www.havuzadairhersey.com\/index.php\/wp-json\/wp\/v2\/media\/404"}],"wp:attachment":[{"href":"https:\/\/www.havuzadairhersey.com\/index.php\/wp-json\/wp\/v2\/media?parent=403"}],"wp:term":[{"taxonomy":"product_brand","embeddable":true,"href":"https:\/\/www.havuzadairhersey.com\/index.php\/wp-json\/wp\/v2\/product_brand?post=403"},{"taxonomy":"product_cat","embeddable":true,"href":"https:\/\/www.havuzadairhersey.com\/index.php\/wp-json\/wp\/v2\/product_cat?post=403"},{"taxonomy":"product_tag","embeddable":true,"href":"https:\/\/www.havuzadairhersey.com\/index.php\/wp-json\/wp\/v2\/product_tag?post=403"}],"curies":[{"name":"wp","href":"https:\/\/api.w.org\/{rel}","templated":true}]}}