{"id":541,"date":"2025-04-06T15:46:22","date_gmt":"2025-04-06T12:46:22","guid":{"rendered":"https:\/\/www.havuzadairhersey.com\/?post_type=product&#038;p=541"},"modified":"2025-04-06T15:46:22","modified_gmt":"2025-04-06T12:46:22","slug":"acik-tip-flans-baglantili-paslanmaz-celik-kaymaz-basamakli-merdiven","status":"publish","type":"product","link":"https:\/\/www.havuzadairhersey.com\/index.php\/urun\/acik-tip-flans-baglantili-paslanmaz-celik-kaymaz-basamakli-merdiven\/","title":{"rendered":"A\u00e7\u0131k Tip Flan\u015f Baglant\u0131l\u0131 Paslanmaz \u00c7elik Kaymaz Basamakl\u0131 Merdiven"},"content":{"rendered":"<p>A\u00e7\u0131k Tip Flan\u015f Ba\u011flant\u0131l\u0131 Paslanmaz \u00c7elik Kaymaz Basamakl\u0131 Havuz Merdiveni, halka a\u00e7\u0131k ya da \u00f6zel y\u00fczme havuzlar\u0131nda kullan\u0131m i\u00e7in tasarlanm\u0131\u015f dayan\u0131kl\u0131 ve ergonomik bir merdivendir. \u00d843 mm \u00e7ap\u0131nda paslanmaz \u00e7elik borudan \u00fcretilmi\u015f olan bu merdiven, 2 ila 5 basamak se\u00e7ene\u011fiyle sunulur. Her basamak kaymaz y\u00fczeyle kapl\u0131d\u0131r ve maksimum g\u00fcvenlik sa\u011flar. 51 cm geni\u015fli\u011findeki rozetleri ve montaj ekipmanlar\u0131yla birlikte sunularak kolay kurulum sa\u011flar. Estetik yap\u0131s\u0131 ile havuz \u00e7evresine \u015f\u0131kl\u0131k katar.<\/p>\n<p>Kod Se\u00e7enekleri:<\/p>\n<p>ATS HKE013: 2 Basamakl\u0131 \u2013 12,50 kg<\/p>\n<p>ATS HKE014: 3 Basamakl\u0131 \u2013 13,00 kg<\/p>\n<p>ATS HKE015: 4 Basamakl\u0131 \u2013 15,00 kg<\/p>\n<p>ATS HKE016: 5 Basamakl\u0131 \u2013 17,50 kg<\/p>\n","protected":false},"excerpt":{"rendered":"<p>A\u00e7\u0131k Tip Flan\u015fl\u0131 Paslanmaz \u00c7elik Havuz Merdiveni<\/strong>, \u00d843 mm \u00e7elik boru ve kaymaz basamaklar\u0131 ile g\u00fcvenli kullan\u0131m sa\u011flar. 2-5 basamakl\u0131 modeller ile birlikte rozet ve montaj par\u00e7alar\u0131 dahildir.<\/p>\n","protected":false},"featured_media":542,"comment_status":"open","ping_status":"closed","template":"","meta":{"site-sidebar-layout":"default","site-content-layout":"","ast-site-content-layout":"default","site-content-style":"default","site-sidebar-style":"default","ast-global-header-display":"","ast-banner-title-visibility":"","ast-main-header-display":"","ast-hfb-above-header-display":"","ast-hfb-below-header-display":"","ast-hfb-mobile-header-display":"","site-post-title":"","ast-breadcrumbs-content":"","ast-featured-img":"","footer-sml-layout":"","theme-transparent-header-meta":"default","adv-header-id-meta":"","stick-header-meta":"","header-above-stick-meta":"","header-main-stick-meta":"","header-below-stick-meta":"","astra-migrate-meta-layouts":"set","ast-page-background-enabled":"default","ast-page-background-meta":{"desktop":{"background-color":"var(--ast-global-color-5)","background-image":"","background-repeat":"repeat","background-position":"center center","background-size":"auto","background-attachment":"scroll","background-type":"","background-media":"","overlay-type":"","overlay-color":"","overlay-opacity":"","overlay-gradient":""},"tablet":{"background-color":"","background-image":"","background-repeat":"repeat","background-position":"center center","background-size":"auto","background-attachment":"scroll","background-type":"","background-media":"","overlay-type":"","overlay-color":"","overlay-opacity":"","overlay-gradient":""},"mobile":{"background-color":"","background-image":"","background-repeat":"repeat","background-position":"center center","background-size":"auto","background-attachment":"scroll","background-type":"","background-media":"","overlay-type":"","overlay-color":"","overlay-opacity":"","overlay-gradient":""}},"ast-content-background-meta":{"desktop":{"background-color":"var(--ast-global-color-4)","background-image":"","background-repeat":"repeat","background-position":"center center","background-size":"auto","background-attachment":"scroll","background-type":"","background-media":"","overlay-type":"","overlay-color":"","overlay-opacity":"","overlay-gradient":""},"tablet":{"background-color":"var(--ast-global-color-4)","background-image":"","background-repeat":"repeat","background-position":"center center","background-size":"auto","background-attachment":"scroll","background-type":"","background-media":"","overlay-type":"","overlay-color":"","overlay-opacity":"","overlay-gradient":""},"mobile":{"background-color":"var(--ast-global-color-4)","background-image":"","background-repeat":"repeat","background-position":"center center","background-size":"auto","background-attachment":"scroll","background-type":"","background-media":"","overlay-type":"","overlay-color":"","overlay-opacity":"","overlay-gradient":""}}},"product_brand":[30],"product_cat":[471],"product_tag":[496,478,497,498,550,562,476,519,531,499],"class_list":{"0":"post-541","1":"product","2":"type-product","3":"status-publish","4":"has-post-thumbnail","6":"product_brand-atlaspool","7":"product_cat-havuz-merdivenleri","8":"product_tag-2-basamakli-merdiven","9":"product_tag-3-basamakli-merdiven","10":"product_tag-4-basamakli-merdiven","11":"product_tag-5-basamakli-merdiven","12":"product_tag-acik-tip-havuz-merdiveni","13":"product_tag-flansli-merdiven","14":"product_tag-havuz-merdiveni","15":"product_tag-kaymaz-basamakli-merdiven","16":"product_tag-paslanmaz-celik-havuz-merdiveni","17":"product_tag-yuzme-havuzu-ekipmani","18":"desktop-align-left","19":"tablet-align-left","20":"mobile-align-left","22":"first","23":"instock","24":"shipping-taxable","25":"purchasable","26":"product-type-variable"},"yoast_head":"<!-- This site is optimized with the Yoast SEO plugin v25.0 - https:\/\/yoast.com\/wordpress\/plugins\/seo\/ -->\n<title>A\u00e7\u0131k Tip Flan\u015f Baglant\u0131l\u0131 Paslanmaz \u00c7elik Kaymaz Basamakl\u0131 Merdiven -<\/title>\n<meta name=\"robots\" content=\"index, follow, max-snippet:-1, max-image-preview:large, max-video-preview:-1\" \/>\n<link rel=\"canonical\" href=\"https:\/\/www.havuzadairhersey.com\/index.php\/urun\/acik-tip-flans-baglantili-paslanmaz-celik-kaymaz-basamakli-merdiven\/\" \/>\n<meta property=\"og:locale\" content=\"tr_TR\" \/>\n<meta property=\"og:type\" content=\"article\" \/>\n<meta property=\"og:title\" content=\"A\u00e7\u0131k Tip Flan\u015f Baglant\u0131l\u0131 Paslanmaz \u00c7elik Kaymaz Basamakl\u0131 Merdiven -\" \/>\n<meta property=\"og:description\" content=\"A\u00e7\u0131k Tip Flan\u015fl\u0131 Paslanmaz \u00c7elik Havuz Merdiveni, \u00d843 mm \u00e7elik boru ve kaymaz basamaklar\u0131 ile g\u00fcvenli kullan\u0131m sa\u011flar. 2-5 basamakl\u0131 modeller ile birlikte rozet ve montaj par\u00e7alar\u0131 dahildir.\" \/>\n<meta property=\"og:url\" content=\"https:\/\/www.havuzadairhersey.com\/index.php\/urun\/acik-tip-flans-baglantili-paslanmaz-celik-kaymaz-basamakli-merdiven\/\" \/>\n<meta property=\"og:image\" content=\"https:\/\/www.havuzadairhersey.com\/wp-content\/uploads\/2025\/04\/400-mm-Plastik-Filtre-500-mm-Plastik-Filtre-620-mm-Plastik-Filtre-760-mm-Plastik-Filtre-920-mm-Plastik-Filtre-53.png\" \/>\n\t<meta property=\"og:image:width\" content=\"1875\" \/>\n\t<meta property=\"og:image:height\" content=\"2000\" \/>\n\t<meta property=\"og:image:type\" content=\"image\/png\" \/>\n<meta name=\"twitter:card\" content=\"summary_large_image\" \/>\n<meta name=\"twitter:label1\" content=\"Tahmini okuma s\u00fcresi\" \/>\n\t<meta name=\"twitter:data1\" content=\"1 dakika\" \/>\n<script type=\"application\/ld+json\" class=\"yoast-schema-graph\">{\"@context\":\"https:\/\/schema.org\",\"@graph\":[{\"@type\":\"WebPage\",\"@id\":\"https:\/\/www.havuzadairhersey.com\/index.php\/urun\/acik-tip-flans-baglantili-paslanmaz-celik-kaymaz-basamakli-merdiven\/\",\"url\":\"https:\/\/www.havuzadairhersey.com\/index.php\/urun\/acik-tip-flans-baglantili-paslanmaz-celik-kaymaz-basamakli-merdiven\/\",\"name\":\"A\u00e7\u0131k Tip Flan\u015f Baglant\u0131l\u0131 Paslanmaz \u00c7elik Kaymaz Basamakl\u0131 Merdiven -\",\"isPartOf\":{\"@id\":\"https:\/\/www.havuzadairhersey.com\/#website\"},\"primaryImageOfPage\":{\"@id\":\"https:\/\/www.havuzadairhersey.com\/index.php\/urun\/acik-tip-flans-baglantili-paslanmaz-celik-kaymaz-basamakli-merdiven\/#primaryimage\"},\"image\":{\"@id\":\"https:\/\/www.havuzadairhersey.com\/index.php\/urun\/acik-tip-flans-baglantili-paslanmaz-celik-kaymaz-basamakli-merdiven\/#primaryimage\"},\"thumbnailUrl\":\"https:\/\/www.havuzadairhersey.com\/wp-content\/uploads\/2025\/04\/400-mm-Plastik-Filtre-500-mm-Plastik-Filtre-620-mm-Plastik-Filtre-760-mm-Plastik-Filtre-920-mm-Plastik-Filtre-53.png\",\"datePublished\":\"2025-04-06T12:46:22+00:00\",\"breadcrumb\":{\"@id\":\"https:\/\/www.havuzadairhersey.com\/index.php\/urun\/acik-tip-flans-baglantili-paslanmaz-celik-kaymaz-basamakli-merdiven\/#breadcrumb\"},\"inLanguage\":\"tr\",\"potentialAction\":[{\"@type\":\"ReadAction\",\"target\":[\"https:\/\/www.havuzadairhersey.com\/index.php\/urun\/acik-tip-flans-baglantili-paslanmaz-celik-kaymaz-basamakli-merdiven\/\"]}]},{\"@type\":\"ImageObject\",\"inLanguage\":\"tr\",\"@id\":\"https:\/\/www.havuzadairhersey.com\/index.php\/urun\/acik-tip-flans-baglantili-paslanmaz-celik-kaymaz-basamakli-merdiven\/#primaryimage\",\"url\":\"https:\/\/www.havuzadairhersey.com\/wp-content\/uploads\/2025\/04\/400-mm-Plastik-Filtre-500-mm-Plastik-Filtre-620-mm-Plastik-Filtre-760-mm-Plastik-Filtre-920-mm-Plastik-Filtre-53.png\",\"contentUrl\":\"https:\/\/www.havuzadairhersey.com\/wp-content\/uploads\/2025\/04\/400-mm-Plastik-Filtre-500-mm-Plastik-Filtre-620-mm-Plastik-Filtre-760-mm-Plastik-Filtre-920-mm-Plastik-Filtre-53.png\",\"width\":1875,\"height\":2000,\"caption\":\"2\u20135 Basamakl\u0131 Dayan\u0131kl\u0131 ve G\u00fcvenli Havuz Merdiveni\"},{\"@type\":\"BreadcrumbList\",\"@id\":\"https:\/\/www.havuzadairhersey.com\/index.php\/urun\/acik-tip-flans-baglantili-paslanmaz-celik-kaymaz-basamakli-merdiven\/#breadcrumb\",\"itemListElement\":[{\"@type\":\"ListItem\",\"position\":1,\"name\":\"Anasayfa\",\"item\":\"https:\/\/www.havuzadairhersey.com\/\"},{\"@type\":\"ListItem\",\"position\":2,\"name\":\"Ma\u011faza\",\"item\":\"https:\/\/www.havuzadairhersey.com\/\"},{\"@type\":\"ListItem\",\"position\":3,\"name\":\"A\u00e7\u0131k Tip Flan\u015f Baglant\u0131l\u0131 Paslanmaz \u00c7elik Kaymaz Basamakl\u0131 Merdiven\"}]},{\"@type\":\"WebSite\",\"@id\":\"https:\/\/www.havuzadairhersey.com\/#website\",\"url\":\"https:\/\/www.havuzadairhersey.com\/\",\"name\":\"\",\"description\":\"Havuza dair arad\u0131\u011f\u0131n\u0131z her\u015fey burada...\",\"potentialAction\":[{\"@type\":\"SearchAction\",\"target\":{\"@type\":\"EntryPoint\",\"urlTemplate\":\"https:\/\/www.havuzadairhersey.com\/?s={search_term_string}\"},\"query-input\":{\"@type\":\"PropertyValueSpecification\",\"valueRequired\":true,\"valueName\":\"search_term_string\"}}],\"inLanguage\":\"tr\"}]}<\/script>\n<!-- \/ Yoast SEO plugin. -->","yoast_head_json":{"title":"A\u00e7\u0131k Tip Flan\u015f Baglant\u0131l\u0131 Paslanmaz \u00c7elik Kaymaz Basamakl\u0131 Merdiven -","robots":{"index":"index","follow":"follow","max-snippet":"max-snippet:-1","max-image-preview":"max-image-preview:large","max-video-preview":"max-video-preview:-1"},"canonical":"https:\/\/www.havuzadairhersey.com\/index.php\/urun\/acik-tip-flans-baglantili-paslanmaz-celik-kaymaz-basamakli-merdiven\/","og_locale":"tr_TR","og_type":"article","og_title":"A\u00e7\u0131k Tip Flan\u015f Baglant\u0131l\u0131 Paslanmaz \u00c7elik Kaymaz Basamakl\u0131 Merdiven -","og_description":"A\u00e7\u0131k Tip Flan\u015fl\u0131 Paslanmaz \u00c7elik Havuz Merdiveni, \u00d843 mm \u00e7elik boru ve kaymaz basamaklar\u0131 ile g\u00fcvenli kullan\u0131m sa\u011flar. 2-5 basamakl\u0131 modeller ile birlikte rozet ve montaj par\u00e7alar\u0131 dahildir.","og_url":"https:\/\/www.havuzadairhersey.com\/index.php\/urun\/acik-tip-flans-baglantili-paslanmaz-celik-kaymaz-basamakli-merdiven\/","og_image":[{"width":1875,"height":2000,"url":"https:\/\/www.havuzadairhersey.com\/wp-content\/uploads\/2025\/04\/400-mm-Plastik-Filtre-500-mm-Plastik-Filtre-620-mm-Plastik-Filtre-760-mm-Plastik-Filtre-920-mm-Plastik-Filtre-53.png","type":"image\/png"}],"twitter_card":"summary_large_image","twitter_misc":{"Tahmini okuma s\u00fcresi":"1 dakika"},"schema":{"@context":"https:\/\/schema.org","@graph":[{"@type":"WebPage","@id":"https:\/\/www.havuzadairhersey.com\/index.php\/urun\/acik-tip-flans-baglantili-paslanmaz-celik-kaymaz-basamakli-merdiven\/","url":"https:\/\/www.havuzadairhersey.com\/index.php\/urun\/acik-tip-flans-baglantili-paslanmaz-celik-kaymaz-basamakli-merdiven\/","name":"A\u00e7\u0131k Tip Flan\u015f Baglant\u0131l\u0131 Paslanmaz \u00c7elik Kaymaz Basamakl\u0131 Merdiven -","isPartOf":{"@id":"https:\/\/www.havuzadairhersey.com\/#website"},"primaryImageOfPage":{"@id":"https:\/\/www.havuzadairhersey.com\/index.php\/urun\/acik-tip-flans-baglantili-paslanmaz-celik-kaymaz-basamakli-merdiven\/#primaryimage"},"image":{"@id":"https:\/\/www.havuzadairhersey.com\/index.php\/urun\/acik-tip-flans-baglantili-paslanmaz-celik-kaymaz-basamakli-merdiven\/#primaryimage"},"thumbnailUrl":"https:\/\/www.havuzadairhersey.com\/wp-content\/uploads\/2025\/04\/400-mm-Plastik-Filtre-500-mm-Plastik-Filtre-620-mm-Plastik-Filtre-760-mm-Plastik-Filtre-920-mm-Plastik-Filtre-53.png","datePublished":"2025-04-06T12:46:22+00:00","breadcrumb":{"@id":"https:\/\/www.havuzadairhersey.com\/index.php\/urun\/acik-tip-flans-baglantili-paslanmaz-celik-kaymaz-basamakli-merdiven\/#breadcrumb"},"inLanguage":"tr","potentialAction":[{"@type":"ReadAction","target":["https:\/\/www.havuzadairhersey.com\/index.php\/urun\/acik-tip-flans-baglantili-paslanmaz-celik-kaymaz-basamakli-merdiven\/"]}]},{"@type":"ImageObject","inLanguage":"tr","@id":"https:\/\/www.havuzadairhersey.com\/index.php\/urun\/acik-tip-flans-baglantili-paslanmaz-celik-kaymaz-basamakli-merdiven\/#primaryimage","url":"https:\/\/www.havuzadairhersey.com\/wp-content\/uploads\/2025\/04\/400-mm-Plastik-Filtre-500-mm-Plastik-Filtre-620-mm-Plastik-Filtre-760-mm-Plastik-Filtre-920-mm-Plastik-Filtre-53.png","contentUrl":"https:\/\/www.havuzadairhersey.com\/wp-content\/uploads\/2025\/04\/400-mm-Plastik-Filtre-500-mm-Plastik-Filtre-620-mm-Plastik-Filtre-760-mm-Plastik-Filtre-920-mm-Plastik-Filtre-53.png","width":1875,"height":2000,"caption":"2\u20135 Basamakl\u0131 Dayan\u0131kl\u0131 ve G\u00fcvenli Havuz Merdiveni"},{"@type":"BreadcrumbList","@id":"https:\/\/www.havuzadairhersey.com\/index.php\/urun\/acik-tip-flans-baglantili-paslanmaz-celik-kaymaz-basamakli-merdiven\/#breadcrumb","itemListElement":[{"@type":"ListItem","position":1,"name":"Anasayfa","item":"https:\/\/www.havuzadairhersey.com\/"},{"@type":"ListItem","position":2,"name":"Ma\u011faza","item":"https:\/\/www.havuzadairhersey.com\/"},{"@type":"ListItem","position":3,"name":"A\u00e7\u0131k Tip Flan\u015f Baglant\u0131l\u0131 Paslanmaz \u00c7elik Kaymaz Basamakl\u0131 Merdiven"}]},{"@type":"WebSite","@id":"https:\/\/www.havuzadairhersey.com\/#website","url":"https:\/\/www.havuzadairhersey.com\/","name":"","description":"Havuza dair arad\u0131\u011f\u0131n\u0131z her\u015fey burada...","potentialAction":[{"@type":"SearchAction","target":{"@type":"EntryPoint","urlTemplate":"https:\/\/www.havuzadairhersey.com\/?s={search_term_string}"},"query-input":{"@type":"PropertyValueSpecification","valueRequired":true,"valueName":"search_term_string"}}],"inLanguage":"tr"}]}},"_links":{"self":[{"href":"https:\/\/www.havuzadairhersey.com\/index.php\/wp-json\/wp\/v2\/product\/541","targetHints":{"allow":["GET"]}}],"collection":[{"href":"https:\/\/www.havuzadairhersey.com\/index.php\/wp-json\/wp\/v2\/product"}],"about":[{"href":"https:\/\/www.havuzadairhersey.com\/index.php\/wp-json\/wp\/v2\/types\/product"}],"replies":[{"embeddable":true,"href":"https:\/\/www.havuzadairhersey.com\/index.php\/wp-json\/wp\/v2\/comments?post=541"}],"wp:featuredmedia":[{"embeddable":true,"href":"https:\/\/www.havuzadairhersey.com\/index.php\/wp-json\/wp\/v2\/media\/542"}],"wp:attachment":[{"href":"https:\/\/www.havuzadairhersey.com\/index.php\/wp-json\/wp\/v2\/media?parent=541"}],"wp:term":[{"taxonomy":"product_brand","embeddable":true,"href":"https:\/\/www.havuzadairhersey.com\/index.php\/wp-json\/wp\/v2\/product_brand?post=541"},{"taxonomy":"product_cat","embeddable":true,"href":"https:\/\/www.havuzadairhersey.com\/index.php\/wp-json\/wp\/v2\/product_cat?post=541"},{"taxonomy":"product_tag","embeddable":true,"href":"https:\/\/www.havuzadairhersey.com\/index.php\/wp-json\/wp\/v2\/product_tag?post=541"}],"curies":[{"name":"wp","href":"https:\/\/api.w.org\/{rel}","templated":true}]}}