{"id":583,"date":"2025-04-06T16:28:26","date_gmt":"2025-04-06T13:28:26","guid":{"rendered":"https:\/\/www.havuzadairhersey.com\/?post_type=product&#038;p=583"},"modified":"2025-04-06T16:28:26","modified_gmt":"2025-04-06T13:28:26","slug":"p-p-tek-gecme-savak-izgarasi-8-mm-aralikli","status":"publish","type":"product","link":"https:\/\/www.havuzadairhersey.com\/index.php\/urun\/p-p-tek-gecme-savak-izgarasi-8-mm-aralikli\/","title":{"rendered":"P.P. Tek Ge\u00e7me Savak Izgaras\u0131 (8 mm aral\u0131kl\u0131)"},"content":{"rendered":"<p>Havuz kenarlar\u0131nda ta\u015fma suyunun drenaj\u0131n\u0131 sa\u011flamak i\u00e7in \u00f6zel olarak \u00fcretilmi\u015f P.P. (polipropilen) malzemeden tek ge\u00e7me savak \u0131zgaralar\u0131, y\u00fcksek dayan\u0131kl\u0131l\u0131k ve uzun \u00f6m\u00fcrl\u00fc kullan\u0131m sunar. 8 mm aral\u0131kl\u0131 tasar\u0131m\u0131 ile hem su tahliyesini optimize eder hem de g\u00fcvenli y\u00fcr\u00fcy\u00fc\u015f sa\u011flar.<br \/>\n\u00c7e\u015fitli ebatlarda (15 cm ve 20 cm) ve modellerde (T, I-T, I) sunulmaktad\u0131r. Farkl\u0131 havuz yap\u0131lar\u0131na kolayca entegre edilebilir. Montaj\u0131 kolay, temizli\u011fi pratiktir.<\/p>\n<p>Kod ve \u00d6l\u00e7\u00fc Se\u00e7enekleri:<\/p>\n<p>ATS HKE043 \u2013 15 cm Tek Ge\u00e7me \u2013 T Tipi<\/p>\n<p>ATS HKE044 \u2013 20 cm Tek Ge\u00e7me \u2013 I-T Tipi<\/p>\n<p>ATS HKE044-1 \u2013 20 cm Tek Ge\u00e7me \u2013 I Tipi<\/p>\n<p>ATS HKE045 \u2013 20 cm Tek Ge\u00e7me \u2013 I Tipi<\/p>\n","protected":false},"excerpt":{"rendered":"<p>PP malzemeden \u00fcretilmi\u015f 8 mm aral\u0131kl\u0131 tek ge\u00e7me havuz savak \u0131zgaras\u0131. 15 cm ve 20 cm modelleriyle su tahliyesini ve kenar g\u00fcvenli\u011fini sa\u011flar. T, I-T ve I model se\u00e7enekleri.<\/p>\n","protected":false},"featured_media":584,"comment_status":"open","ping_status":"closed","template":"","meta":{"site-sidebar-layout":"default","site-content-layout":"","ast-site-content-layout":"default","site-content-style":"default","site-sidebar-style":"default","ast-global-header-display":"","ast-banner-title-visibility":"","ast-main-header-display":"","ast-hfb-above-header-display":"","ast-hfb-below-header-display":"","ast-hfb-mobile-header-display":"","site-post-title":"","ast-breadcrumbs-content":"","ast-featured-img":"","footer-sml-layout":"","theme-transparent-header-meta":"default","adv-header-id-meta":"","stick-header-meta":"","header-above-stick-meta":"","header-main-stick-meta":"","header-below-stick-meta":"","astra-migrate-meta-layouts":"set","ast-page-background-enabled":"default","ast-page-background-meta":{"desktop":{"background-color":"var(--ast-global-color-5)","background-image":"","background-repeat":"repeat","background-position":"center center","background-size":"auto","background-attachment":"scroll","background-type":"","background-media":"","overlay-type":"","overlay-color":"","overlay-opacity":"","overlay-gradient":""},"tablet":{"background-color":"","background-image":"","background-repeat":"repeat","background-position":"center center","background-size":"auto","background-attachment":"scroll","background-type":"","background-media":"","overlay-type":"","overlay-color":"","overlay-opacity":"","overlay-gradient":""},"mobile":{"background-color":"","background-image":"","background-repeat":"repeat","background-position":"center center","background-size":"auto","background-attachment":"scroll","background-type":"","background-media":"","overlay-type":"","overlay-color":"","overlay-opacity":"","overlay-gradient":""}},"ast-content-background-meta":{"desktop":{"background-color":"var(--ast-global-color-4)","background-image":"","background-repeat":"repeat","background-position":"center center","background-size":"auto","background-attachment":"scroll","background-type":"","background-media":"","overlay-type":"","overlay-color":"","overlay-opacity":"","overlay-gradient":""},"tablet":{"background-color":"var(--ast-global-color-4)","background-image":"","background-repeat":"repeat","background-position":"center center","background-size":"auto","background-attachment":"scroll","background-type":"","background-media":"","overlay-type":"","overlay-color":"","overlay-opacity":"","overlay-gradient":""},"mobile":{"background-color":"var(--ast-global-color-4)","background-image":"","background-repeat":"repeat","background-position":"center center","background-size":"auto","background-attachment":"scroll","background-type":"","background-media":"","overlay-type":"","overlay-color":"","overlay-opacity":"","overlay-gradient":""}}},"product_brand":[30],"product_cat":[471],"product_tag":[616,615,612,617,622,621,613,618,611,623,620,619,614],"class_list":{"0":"post-583","1":"product","2":"type-product","3":"status-publish","4":"has-post-thumbnail","6":"product_brand-atlaspool","7":"product_cat-havuz-merdivenleri","8":"product_tag-15-cm-savak-izgarasi","9":"product_tag-20-cm-havuz-izgarasi","10":"product_tag-havuz-izgarasi","11":"product_tag-havuz-kenari-izgarasi","12":"product_tag-havuz-malzemesi","13":"product_tag-i-tipi-izgara","14":"product_tag-polipropilen-izgara","15":"product_tag-pp-izgara","16":"product_tag-savak-izgarasi","17":"product_tag-su-tahliye-izgarasi","18":"product_tag-t-tipi-izgara","19":"product_tag-tasma-kanali-izgarasi","20":"product_tag-tek-gecme-savak-izgarasi","21":"desktop-align-left","22":"tablet-align-left","23":"mobile-align-left","25":"first","26":"instock","27":"shipping-taxable","28":"product-type-simple"},"yoast_head":"<!-- This site is optimized with the Yoast SEO plugin v25.0 - https:\/\/yoast.com\/wordpress\/plugins\/seo\/ -->\n<title>P.P. Tek Ge\u00e7me Savak Izgaras\u0131 (8 mm aral\u0131kl\u0131) -<\/title>\n<meta name=\"robots\" content=\"index, follow, max-snippet:-1, max-image-preview:large, max-video-preview:-1\" \/>\n<link rel=\"canonical\" href=\"https:\/\/www.havuzadairhersey.com\/index.php\/urun\/p-p-tek-gecme-savak-izgarasi-8-mm-aralikli\/\" \/>\n<meta property=\"og:locale\" content=\"tr_TR\" \/>\n<meta property=\"og:type\" content=\"article\" \/>\n<meta property=\"og:title\" content=\"P.P. Tek Ge\u00e7me Savak Izgaras\u0131 (8 mm aral\u0131kl\u0131) -\" \/>\n<meta property=\"og:description\" content=\"PP malzemeden \u00fcretilmi\u015f 8 mm aral\u0131kl\u0131 tek ge\u00e7me havuz savak \u0131zgaras\u0131. 15 cm ve 20 cm modelleriyle su tahliyesini ve kenar g\u00fcvenli\u011fini sa\u011flar. T, I-T ve I model se\u00e7enekleri.\" \/>\n<meta property=\"og:url\" content=\"https:\/\/www.havuzadairhersey.com\/index.php\/urun\/p-p-tek-gecme-savak-izgarasi-8-mm-aralikli\/\" \/>\n<meta property=\"og:image\" content=\"https:\/\/www.havuzadairhersey.com\/wp-content\/uploads\/2025\/04\/400-mm-Plastik-Filtre-500-mm-Plastik-Filtre-620-mm-Plastik-Filtre-760-mm-Plastik-Filtre-920-mm-Plastik-Filtre-63.png\" \/>\n\t<meta property=\"og:image:width\" content=\"1875\" \/>\n\t<meta property=\"og:image:height\" content=\"2000\" \/>\n\t<meta property=\"og:image:type\" content=\"image\/png\" \/>\n<meta name=\"twitter:card\" content=\"summary_large_image\" \/>\n<meta name=\"twitter:label1\" content=\"Tahmini okuma s\u00fcresi\" \/>\n\t<meta name=\"twitter:data1\" content=\"1 dakika\" \/>\n<script type=\"application\/ld+json\" class=\"yoast-schema-graph\">{\"@context\":\"https:\/\/schema.org\",\"@graph\":[{\"@type\":\"WebPage\",\"@id\":\"https:\/\/www.havuzadairhersey.com\/index.php\/urun\/p-p-tek-gecme-savak-izgarasi-8-mm-aralikli\/\",\"url\":\"https:\/\/www.havuzadairhersey.com\/index.php\/urun\/p-p-tek-gecme-savak-izgarasi-8-mm-aralikli\/\",\"name\":\"P.P. Tek Ge\u00e7me Savak Izgaras\u0131 (8 mm aral\u0131kl\u0131) -\",\"isPartOf\":{\"@id\":\"https:\/\/www.havuzadairhersey.com\/#website\"},\"primaryImageOfPage\":{\"@id\":\"https:\/\/www.havuzadairhersey.com\/index.php\/urun\/p-p-tek-gecme-savak-izgarasi-8-mm-aralikli\/#primaryimage\"},\"image\":{\"@id\":\"https:\/\/www.havuzadairhersey.com\/index.php\/urun\/p-p-tek-gecme-savak-izgarasi-8-mm-aralikli\/#primaryimage\"},\"thumbnailUrl\":\"https:\/\/www.havuzadairhersey.com\/wp-content\/uploads\/2025\/04\/400-mm-Plastik-Filtre-500-mm-Plastik-Filtre-620-mm-Plastik-Filtre-760-mm-Plastik-Filtre-920-mm-Plastik-Filtre-63.png\",\"datePublished\":\"2025-04-06T13:28:26+00:00\",\"breadcrumb\":{\"@id\":\"https:\/\/www.havuzadairhersey.com\/index.php\/urun\/p-p-tek-gecme-savak-izgarasi-8-mm-aralikli\/#breadcrumb\"},\"inLanguage\":\"tr\",\"potentialAction\":[{\"@type\":\"ReadAction\",\"target\":[\"https:\/\/www.havuzadairhersey.com\/index.php\/urun\/p-p-tek-gecme-savak-izgarasi-8-mm-aralikli\/\"]}]},{\"@type\":\"ImageObject\",\"inLanguage\":\"tr\",\"@id\":\"https:\/\/www.havuzadairhersey.com\/index.php\/urun\/p-p-tek-gecme-savak-izgarasi-8-mm-aralikli\/#primaryimage\",\"url\":\"https:\/\/www.havuzadairhersey.com\/wp-content\/uploads\/2025\/04\/400-mm-Plastik-Filtre-500-mm-Plastik-Filtre-620-mm-Plastik-Filtre-760-mm-Plastik-Filtre-920-mm-Plastik-Filtre-63.png\",\"contentUrl\":\"https:\/\/www.havuzadairhersey.com\/wp-content\/uploads\/2025\/04\/400-mm-Plastik-Filtre-500-mm-Plastik-Filtre-620-mm-Plastik-Filtre-760-mm-Plastik-Filtre-920-mm-Plastik-Filtre-63.png\",\"width\":1875,\"height\":2000,\"caption\":\"8 mm Aral\u0131kl\u0131 P.P. Savak Izgaras\u0131 \u2013 15 cm ve 20 cm Modeller\"},{\"@type\":\"BreadcrumbList\",\"@id\":\"https:\/\/www.havuzadairhersey.com\/index.php\/urun\/p-p-tek-gecme-savak-izgarasi-8-mm-aralikli\/#breadcrumb\",\"itemListElement\":[{\"@type\":\"ListItem\",\"position\":1,\"name\":\"Anasayfa\",\"item\":\"https:\/\/www.havuzadairhersey.com\/\"},{\"@type\":\"ListItem\",\"position\":2,\"name\":\"Ma\u011faza\",\"item\":\"https:\/\/www.havuzadairhersey.com\/\"},{\"@type\":\"ListItem\",\"position\":3,\"name\":\"P.P. Tek Ge\u00e7me Savak Izgaras\u0131 (8 mm aral\u0131kl\u0131)\"}]},{\"@type\":\"WebSite\",\"@id\":\"https:\/\/www.havuzadairhersey.com\/#website\",\"url\":\"https:\/\/www.havuzadairhersey.com\/\",\"name\":\"\",\"description\":\"Havuza dair arad\u0131\u011f\u0131n\u0131z her\u015fey burada...\",\"potentialAction\":[{\"@type\":\"SearchAction\",\"target\":{\"@type\":\"EntryPoint\",\"urlTemplate\":\"https:\/\/www.havuzadairhersey.com\/?s={search_term_string}\"},\"query-input\":{\"@type\":\"PropertyValueSpecification\",\"valueRequired\":true,\"valueName\":\"search_term_string\"}}],\"inLanguage\":\"tr\"}]}<\/script>\n<!-- \/ Yoast SEO plugin. -->","yoast_head_json":{"title":"P.P. Tek Ge\u00e7me Savak Izgaras\u0131 (8 mm aral\u0131kl\u0131) -","robots":{"index":"index","follow":"follow","max-snippet":"max-snippet:-1","max-image-preview":"max-image-preview:large","max-video-preview":"max-video-preview:-1"},"canonical":"https:\/\/www.havuzadairhersey.com\/index.php\/urun\/p-p-tek-gecme-savak-izgarasi-8-mm-aralikli\/","og_locale":"tr_TR","og_type":"article","og_title":"P.P. Tek Ge\u00e7me Savak Izgaras\u0131 (8 mm aral\u0131kl\u0131) -","og_description":"PP malzemeden \u00fcretilmi\u015f 8 mm aral\u0131kl\u0131 tek ge\u00e7me havuz savak \u0131zgaras\u0131. 15 cm ve 20 cm modelleriyle su tahliyesini ve kenar g\u00fcvenli\u011fini sa\u011flar. T, I-T ve I model se\u00e7enekleri.","og_url":"https:\/\/www.havuzadairhersey.com\/index.php\/urun\/p-p-tek-gecme-savak-izgarasi-8-mm-aralikli\/","og_image":[{"width":1875,"height":2000,"url":"https:\/\/www.havuzadairhersey.com\/wp-content\/uploads\/2025\/04\/400-mm-Plastik-Filtre-500-mm-Plastik-Filtre-620-mm-Plastik-Filtre-760-mm-Plastik-Filtre-920-mm-Plastik-Filtre-63.png","type":"image\/png"}],"twitter_card":"summary_large_image","twitter_misc":{"Tahmini okuma s\u00fcresi":"1 dakika"},"schema":{"@context":"https:\/\/schema.org","@graph":[{"@type":"WebPage","@id":"https:\/\/www.havuzadairhersey.com\/index.php\/urun\/p-p-tek-gecme-savak-izgarasi-8-mm-aralikli\/","url":"https:\/\/www.havuzadairhersey.com\/index.php\/urun\/p-p-tek-gecme-savak-izgarasi-8-mm-aralikli\/","name":"P.P. Tek Ge\u00e7me Savak Izgaras\u0131 (8 mm aral\u0131kl\u0131) -","isPartOf":{"@id":"https:\/\/www.havuzadairhersey.com\/#website"},"primaryImageOfPage":{"@id":"https:\/\/www.havuzadairhersey.com\/index.php\/urun\/p-p-tek-gecme-savak-izgarasi-8-mm-aralikli\/#primaryimage"},"image":{"@id":"https:\/\/www.havuzadairhersey.com\/index.php\/urun\/p-p-tek-gecme-savak-izgarasi-8-mm-aralikli\/#primaryimage"},"thumbnailUrl":"https:\/\/www.havuzadairhersey.com\/wp-content\/uploads\/2025\/04\/400-mm-Plastik-Filtre-500-mm-Plastik-Filtre-620-mm-Plastik-Filtre-760-mm-Plastik-Filtre-920-mm-Plastik-Filtre-63.png","datePublished":"2025-04-06T13:28:26+00:00","breadcrumb":{"@id":"https:\/\/www.havuzadairhersey.com\/index.php\/urun\/p-p-tek-gecme-savak-izgarasi-8-mm-aralikli\/#breadcrumb"},"inLanguage":"tr","potentialAction":[{"@type":"ReadAction","target":["https:\/\/www.havuzadairhersey.com\/index.php\/urun\/p-p-tek-gecme-savak-izgarasi-8-mm-aralikli\/"]}]},{"@type":"ImageObject","inLanguage":"tr","@id":"https:\/\/www.havuzadairhersey.com\/index.php\/urun\/p-p-tek-gecme-savak-izgarasi-8-mm-aralikli\/#primaryimage","url":"https:\/\/www.havuzadairhersey.com\/wp-content\/uploads\/2025\/04\/400-mm-Plastik-Filtre-500-mm-Plastik-Filtre-620-mm-Plastik-Filtre-760-mm-Plastik-Filtre-920-mm-Plastik-Filtre-63.png","contentUrl":"https:\/\/www.havuzadairhersey.com\/wp-content\/uploads\/2025\/04\/400-mm-Plastik-Filtre-500-mm-Plastik-Filtre-620-mm-Plastik-Filtre-760-mm-Plastik-Filtre-920-mm-Plastik-Filtre-63.png","width":1875,"height":2000,"caption":"8 mm Aral\u0131kl\u0131 P.P. Savak Izgaras\u0131 \u2013 15 cm ve 20 cm Modeller"},{"@type":"BreadcrumbList","@id":"https:\/\/www.havuzadairhersey.com\/index.php\/urun\/p-p-tek-gecme-savak-izgarasi-8-mm-aralikli\/#breadcrumb","itemListElement":[{"@type":"ListItem","position":1,"name":"Anasayfa","item":"https:\/\/www.havuzadairhersey.com\/"},{"@type":"ListItem","position":2,"name":"Ma\u011faza","item":"https:\/\/www.havuzadairhersey.com\/"},{"@type":"ListItem","position":3,"name":"P.P. Tek Ge\u00e7me Savak Izgaras\u0131 (8 mm aral\u0131kl\u0131)"}]},{"@type":"WebSite","@id":"https:\/\/www.havuzadairhersey.com\/#website","url":"https:\/\/www.havuzadairhersey.com\/","name":"","description":"Havuza dair arad\u0131\u011f\u0131n\u0131z her\u015fey burada...","potentialAction":[{"@type":"SearchAction","target":{"@type":"EntryPoint","urlTemplate":"https:\/\/www.havuzadairhersey.com\/?s={search_term_string}"},"query-input":{"@type":"PropertyValueSpecification","valueRequired":true,"valueName":"search_term_string"}}],"inLanguage":"tr"}]}},"_links":{"self":[{"href":"https:\/\/www.havuzadairhersey.com\/index.php\/wp-json\/wp\/v2\/product\/583","targetHints":{"allow":["GET"]}}],"collection":[{"href":"https:\/\/www.havuzadairhersey.com\/index.php\/wp-json\/wp\/v2\/product"}],"about":[{"href":"https:\/\/www.havuzadairhersey.com\/index.php\/wp-json\/wp\/v2\/types\/product"}],"replies":[{"embeddable":true,"href":"https:\/\/www.havuzadairhersey.com\/index.php\/wp-json\/wp\/v2\/comments?post=583"}],"wp:featuredmedia":[{"embeddable":true,"href":"https:\/\/www.havuzadairhersey.com\/index.php\/wp-json\/wp\/v2\/media\/584"}],"wp:attachment":[{"href":"https:\/\/www.havuzadairhersey.com\/index.php\/wp-json\/wp\/v2\/media?parent=583"}],"wp:term":[{"taxonomy":"product_brand","embeddable":true,"href":"https:\/\/www.havuzadairhersey.com\/index.php\/wp-json\/wp\/v2\/product_brand?post=583"},{"taxonomy":"product_cat","embeddable":true,"href":"https:\/\/www.havuzadairhersey.com\/index.php\/wp-json\/wp\/v2\/product_cat?post=583"},{"taxonomy":"product_tag","embeddable":true,"href":"https:\/\/www.havuzadairhersey.com\/index.php\/wp-json\/wp\/v2\/product_tag?post=583"}],"curies":[{"name":"wp","href":"https:\/\/api.w.org\/{rel}","templated":true}]}}