{"id":673,"date":"2025-04-07T00:07:25","date_gmt":"2025-04-06T21:07:25","guid":{"rendered":"https:\/\/www.havuzadairhersey.com\/?post_type=product&#038;p=673"},"modified":"2025-04-07T00:07:25","modified_gmt":"2025-04-06T21:07:25","slug":"yuvarlak-dip-emis-suzgeci-abs","status":"publish","type":"product","link":"https:\/\/www.havuzadairhersey.com\/index.php\/urun\/yuvarlak-dip-emis-suzgeci-abs\/","title":{"rendered":"Yuvarlak Dip Emi\u015f S\u00fczgeci (ABS)"},"content":{"rendered":"<p>Yuvarlak Dip Emi\u015f S\u00fczgeci, havuzlarda dip k\u0131sm\u0131ndan suyun emilmesini sa\u011flayan, dayan\u0131kl\u0131 ABS malzemeden \u00fcretilmi\u015f bir ekipmand\u0131r. \u00d850-63 mm \u00f6l\u00e7\u00fcs\u00fcndeki ba\u011flant\u0131 \u00e7ap\u0131 ile hem klasik hem liner kaplamal\u0131 havuzlar i\u00e7in uygundur. Suyun etkin \u015fekilde filtre sistemine iletilmesini sa\u011flayan bu s\u00fczge\u00e7, t\u0131kanmalara kar\u015f\u0131 y\u00fcksek diren\u00e7 g\u00f6sterir ve maksimum su sirk\u00fclasyonu sa\u011flar.<\/p>\n<p>Modeller:<\/p>\n<p>ATS HKE093: Yuvarlak Dip S\u00fczge\u00e7 \u00d850-63 \u2013 0,85 kg<\/p>\n<p>ATS HKE094: Yuvarlak Dip S\u00fczge\u00e7 (Liner) \u00d850-63 \u2013 1,00 kg<\/p>\n","protected":false},"excerpt":{"rendered":"<p>ABS plastikten \u00fcretilmi\u015f \u00d850-63 mm uyumlu yuvarlak dip emi\u015f s\u00fczgeci. Standart ve liner havuzlar i\u00e7in uygundur. Dayan\u0131kl\u0131, uzun \u00f6m\u00fcrl\u00fc ve y\u00fcksek performansl\u0131.<\/p>\n","protected":false},"featured_media":674,"comment_status":"open","ping_status":"closed","template":"","meta":{"site-sidebar-layout":"default","site-content-layout":"","ast-site-content-layout":"default","site-content-style":"default","site-sidebar-style":"default","ast-global-header-display":"","ast-banner-title-visibility":"","ast-main-header-display":"","ast-hfb-above-header-display":"","ast-hfb-below-header-display":"","ast-hfb-mobile-header-display":"","site-post-title":"","ast-breadcrumbs-content":"","ast-featured-img":"","footer-sml-layout":"","theme-transparent-header-meta":"default","adv-header-id-meta":"","stick-header-meta":"","header-above-stick-meta":"","header-main-stick-meta":"","header-below-stick-meta":"","astra-migrate-meta-layouts":"set","ast-page-background-enabled":"default","ast-page-background-meta":{"desktop":{"background-color":"var(--ast-global-color-5)","background-image":"","background-repeat":"repeat","background-position":"center center","background-size":"auto","background-attachment":"scroll","background-type":"","background-media":"","overlay-type":"","overlay-color":"","overlay-opacity":"","overlay-gradient":""},"tablet":{"background-color":"","background-image":"","background-repeat":"repeat","background-position":"center center","background-size":"auto","background-attachment":"scroll","background-type":"","background-media":"","overlay-type":"","overlay-color":"","overlay-opacity":"","overlay-gradient":""},"mobile":{"background-color":"","background-image":"","background-repeat":"repeat","background-position":"center center","background-size":"auto","background-attachment":"scroll","background-type":"","background-media":"","overlay-type":"","overlay-color":"","overlay-opacity":"","overlay-gradient":""}},"ast-content-background-meta":{"desktop":{"background-color":"var(--ast-global-color-4)","background-image":"","background-repeat":"repeat","background-position":"center center","background-size":"auto","background-attachment":"scroll","background-type":"","background-media":"","overlay-type":"","overlay-color":"","overlay-opacity":"","overlay-gradient":""},"tablet":{"background-color":"var(--ast-global-color-4)","background-image":"","background-repeat":"repeat","background-position":"center center","background-size":"auto","background-attachment":"scroll","background-type":"","background-media":"","overlay-type":"","overlay-color":"","overlay-opacity":"","overlay-gradient":""},"mobile":{"background-color":"var(--ast-global-color-4)","background-image":"","background-repeat":"repeat","background-position":"center center","background-size":"auto","background-attachment":"scroll","background-type":"","background-media":"","overlay-type":"","overlay-color":"","overlay-opacity":"","overlay-gradient":""}}},"product_brand":[30],"product_cat":[751],"product_tag":[757,761,311,756,755,758,759,760,754],"class_list":{"0":"post-673","1":"product","2":"type-product","3":"status-publish","4":"has-post-thumbnail","6":"product_brand-atlaspool","7":"product_cat-havuz-dip-emis-suzgecleri","8":"product_tag-abs-dip-suzgec","9":"product_tag-dip-emis-suzgeci","10":"product_tag-havuz-ekipmani","11":"product_tag-havuz-emis-suzgeci","12":"product_tag-havuz-suzgeci","13":"product_tag-liner-suzgec","14":"product_tag-o50-suzgec","15":"product_tag-o63-suzgec","16":"product_tag-yuvarlak-dip-suzgeci","17":"desktop-align-left","18":"tablet-align-left","19":"mobile-align-left","21":"first","22":"instock","23":"shipping-taxable","24":"purchasable","25":"product-type-variable"},"yoast_head":"<!-- This site is optimized with the Yoast SEO plugin v25.0 - https:\/\/yoast.com\/wordpress\/plugins\/seo\/ -->\n<title>Yuvarlak Dip Emi\u015f S\u00fczgeci (ABS) -<\/title>\n<meta name=\"robots\" content=\"index, follow, max-snippet:-1, max-image-preview:large, max-video-preview:-1\" \/>\n<link rel=\"canonical\" href=\"https:\/\/www.havuzadairhersey.com\/index.php\/urun\/yuvarlak-dip-emis-suzgeci-abs\/\" \/>\n<meta property=\"og:locale\" content=\"tr_TR\" \/>\n<meta property=\"og:type\" content=\"article\" \/>\n<meta property=\"og:title\" content=\"Yuvarlak Dip Emi\u015f S\u00fczgeci (ABS) -\" \/>\n<meta property=\"og:description\" content=\"ABS plastikten \u00fcretilmi\u015f \u00d850-63 mm uyumlu yuvarlak dip emi\u015f s\u00fczgeci. Standart ve liner havuzlar i\u00e7in uygundur. Dayan\u0131kl\u0131, uzun \u00f6m\u00fcrl\u00fc ve y\u00fcksek performansl\u0131.\" \/>\n<meta property=\"og:url\" content=\"https:\/\/www.havuzadairhersey.com\/index.php\/urun\/yuvarlak-dip-emis-suzgeci-abs\/\" \/>\n<meta property=\"og:image\" content=\"https:\/\/www.havuzadairhersey.com\/wp-content\/uploads\/2025\/04\/1-7.png\" \/>\n\t<meta property=\"og:image:width\" content=\"1875\" \/>\n\t<meta property=\"og:image:height\" content=\"2000\" \/>\n\t<meta property=\"og:image:type\" content=\"image\/png\" \/>\n<meta name=\"twitter:card\" content=\"summary_large_image\" \/>\n<script type=\"application\/ld+json\" class=\"yoast-schema-graph\">{\"@context\":\"https:\/\/schema.org\",\"@graph\":[{\"@type\":\"WebPage\",\"@id\":\"https:\/\/www.havuzadairhersey.com\/index.php\/urun\/yuvarlak-dip-emis-suzgeci-abs\/\",\"url\":\"https:\/\/www.havuzadairhersey.com\/index.php\/urun\/yuvarlak-dip-emis-suzgeci-abs\/\",\"name\":\"Yuvarlak Dip Emi\u015f S\u00fczgeci (ABS) -\",\"isPartOf\":{\"@id\":\"https:\/\/www.havuzadairhersey.com\/#website\"},\"primaryImageOfPage\":{\"@id\":\"https:\/\/www.havuzadairhersey.com\/index.php\/urun\/yuvarlak-dip-emis-suzgeci-abs\/#primaryimage\"},\"image\":{\"@id\":\"https:\/\/www.havuzadairhersey.com\/index.php\/urun\/yuvarlak-dip-emis-suzgeci-abs\/#primaryimage\"},\"thumbnailUrl\":\"https:\/\/www.havuzadairhersey.com\/wp-content\/uploads\/2025\/04\/1-7.png\",\"datePublished\":\"2025-04-06T21:07:25+00:00\",\"breadcrumb\":{\"@id\":\"https:\/\/www.havuzadairhersey.com\/index.php\/urun\/yuvarlak-dip-emis-suzgeci-abs\/#breadcrumb\"},\"inLanguage\":\"tr\",\"potentialAction\":[{\"@type\":\"ReadAction\",\"target\":[\"https:\/\/www.havuzadairhersey.com\/index.php\/urun\/yuvarlak-dip-emis-suzgeci-abs\/\"]}]},{\"@type\":\"ImageObject\",\"inLanguage\":\"tr\",\"@id\":\"https:\/\/www.havuzadairhersey.com\/index.php\/urun\/yuvarlak-dip-emis-suzgeci-abs\/#primaryimage\",\"url\":\"https:\/\/www.havuzadairhersey.com\/wp-content\/uploads\/2025\/04\/1-7.png\",\"contentUrl\":\"https:\/\/www.havuzadairhersey.com\/wp-content\/uploads\/2025\/04\/1-7.png\",\"width\":1875,\"height\":2000,\"caption\":\"ABS Plastik Yuvarlak Dip S\u00fczgeci \u00d850-63\"},{\"@type\":\"BreadcrumbList\",\"@id\":\"https:\/\/www.havuzadairhersey.com\/index.php\/urun\/yuvarlak-dip-emis-suzgeci-abs\/#breadcrumb\",\"itemListElement\":[{\"@type\":\"ListItem\",\"position\":1,\"name\":\"Anasayfa\",\"item\":\"https:\/\/www.havuzadairhersey.com\/\"},{\"@type\":\"ListItem\",\"position\":2,\"name\":\"Ma\u011faza\",\"item\":\"https:\/\/www.havuzadairhersey.com\/\"},{\"@type\":\"ListItem\",\"position\":3,\"name\":\"Yuvarlak Dip Emi\u015f S\u00fczgeci (ABS)\"}]},{\"@type\":\"WebSite\",\"@id\":\"https:\/\/www.havuzadairhersey.com\/#website\",\"url\":\"https:\/\/www.havuzadairhersey.com\/\",\"name\":\"\",\"description\":\"Havuza dair arad\u0131\u011f\u0131n\u0131z her\u015fey burada...\",\"potentialAction\":[{\"@type\":\"SearchAction\",\"target\":{\"@type\":\"EntryPoint\",\"urlTemplate\":\"https:\/\/www.havuzadairhersey.com\/?s={search_term_string}\"},\"query-input\":{\"@type\":\"PropertyValueSpecification\",\"valueRequired\":true,\"valueName\":\"search_term_string\"}}],\"inLanguage\":\"tr\"}]}<\/script>\n<!-- \/ Yoast SEO plugin. -->","yoast_head_json":{"title":"Yuvarlak Dip Emi\u015f S\u00fczgeci (ABS) -","robots":{"index":"index","follow":"follow","max-snippet":"max-snippet:-1","max-image-preview":"max-image-preview:large","max-video-preview":"max-video-preview:-1"},"canonical":"https:\/\/www.havuzadairhersey.com\/index.php\/urun\/yuvarlak-dip-emis-suzgeci-abs\/","og_locale":"tr_TR","og_type":"article","og_title":"Yuvarlak Dip Emi\u015f S\u00fczgeci (ABS) -","og_description":"ABS plastikten \u00fcretilmi\u015f \u00d850-63 mm uyumlu yuvarlak dip emi\u015f s\u00fczgeci. Standart ve liner havuzlar i\u00e7in uygundur. Dayan\u0131kl\u0131, uzun \u00f6m\u00fcrl\u00fc ve y\u00fcksek performansl\u0131.","og_url":"https:\/\/www.havuzadairhersey.com\/index.php\/urun\/yuvarlak-dip-emis-suzgeci-abs\/","og_image":[{"width":1875,"height":2000,"url":"https:\/\/www.havuzadairhersey.com\/wp-content\/uploads\/2025\/04\/1-7.png","type":"image\/png"}],"twitter_card":"summary_large_image","schema":{"@context":"https:\/\/schema.org","@graph":[{"@type":"WebPage","@id":"https:\/\/www.havuzadairhersey.com\/index.php\/urun\/yuvarlak-dip-emis-suzgeci-abs\/","url":"https:\/\/www.havuzadairhersey.com\/index.php\/urun\/yuvarlak-dip-emis-suzgeci-abs\/","name":"Yuvarlak Dip Emi\u015f S\u00fczgeci (ABS) -","isPartOf":{"@id":"https:\/\/www.havuzadairhersey.com\/#website"},"primaryImageOfPage":{"@id":"https:\/\/www.havuzadairhersey.com\/index.php\/urun\/yuvarlak-dip-emis-suzgeci-abs\/#primaryimage"},"image":{"@id":"https:\/\/www.havuzadairhersey.com\/index.php\/urun\/yuvarlak-dip-emis-suzgeci-abs\/#primaryimage"},"thumbnailUrl":"https:\/\/www.havuzadairhersey.com\/wp-content\/uploads\/2025\/04\/1-7.png","datePublished":"2025-04-06T21:07:25+00:00","breadcrumb":{"@id":"https:\/\/www.havuzadairhersey.com\/index.php\/urun\/yuvarlak-dip-emis-suzgeci-abs\/#breadcrumb"},"inLanguage":"tr","potentialAction":[{"@type":"ReadAction","target":["https:\/\/www.havuzadairhersey.com\/index.php\/urun\/yuvarlak-dip-emis-suzgeci-abs\/"]}]},{"@type":"ImageObject","inLanguage":"tr","@id":"https:\/\/www.havuzadairhersey.com\/index.php\/urun\/yuvarlak-dip-emis-suzgeci-abs\/#primaryimage","url":"https:\/\/www.havuzadairhersey.com\/wp-content\/uploads\/2025\/04\/1-7.png","contentUrl":"https:\/\/www.havuzadairhersey.com\/wp-content\/uploads\/2025\/04\/1-7.png","width":1875,"height":2000,"caption":"ABS Plastik Yuvarlak Dip S\u00fczgeci \u00d850-63"},{"@type":"BreadcrumbList","@id":"https:\/\/www.havuzadairhersey.com\/index.php\/urun\/yuvarlak-dip-emis-suzgeci-abs\/#breadcrumb","itemListElement":[{"@type":"ListItem","position":1,"name":"Anasayfa","item":"https:\/\/www.havuzadairhersey.com\/"},{"@type":"ListItem","position":2,"name":"Ma\u011faza","item":"https:\/\/www.havuzadairhersey.com\/"},{"@type":"ListItem","position":3,"name":"Yuvarlak Dip Emi\u015f S\u00fczgeci (ABS)"}]},{"@type":"WebSite","@id":"https:\/\/www.havuzadairhersey.com\/#website","url":"https:\/\/www.havuzadairhersey.com\/","name":"","description":"Havuza dair arad\u0131\u011f\u0131n\u0131z her\u015fey burada...","potentialAction":[{"@type":"SearchAction","target":{"@type":"EntryPoint","urlTemplate":"https:\/\/www.havuzadairhersey.com\/?s={search_term_string}"},"query-input":{"@type":"PropertyValueSpecification","valueRequired":true,"valueName":"search_term_string"}}],"inLanguage":"tr"}]}},"_links":{"self":[{"href":"https:\/\/www.havuzadairhersey.com\/index.php\/wp-json\/wp\/v2\/product\/673","targetHints":{"allow":["GET"]}}],"collection":[{"href":"https:\/\/www.havuzadairhersey.com\/index.php\/wp-json\/wp\/v2\/product"}],"about":[{"href":"https:\/\/www.havuzadairhersey.com\/index.php\/wp-json\/wp\/v2\/types\/product"}],"replies":[{"embeddable":true,"href":"https:\/\/www.havuzadairhersey.com\/index.php\/wp-json\/wp\/v2\/comments?post=673"}],"wp:featuredmedia":[{"embeddable":true,"href":"https:\/\/www.havuzadairhersey.com\/index.php\/wp-json\/wp\/v2\/media\/674"}],"wp:attachment":[{"href":"https:\/\/www.havuzadairhersey.com\/index.php\/wp-json\/wp\/v2\/media?parent=673"}],"wp:term":[{"taxonomy":"product_brand","embeddable":true,"href":"https:\/\/www.havuzadairhersey.com\/index.php\/wp-json\/wp\/v2\/product_brand?post=673"},{"taxonomy":"product_cat","embeddable":true,"href":"https:\/\/www.havuzadairhersey.com\/index.php\/wp-json\/wp\/v2\/product_cat?post=673"},{"taxonomy":"product_tag","embeddable":true,"href":"https:\/\/www.havuzadairhersey.com\/index.php\/wp-json\/wp\/v2\/product_tag?post=673"}],"curies":[{"name":"wp","href":"https:\/\/api.w.org\/{rel}","templated":true}]}}