{"id":692,"date":"2025-04-07T00:24:46","date_gmt":"2025-04-06T21:24:46","guid":{"rendered":"https:\/\/www.havuzadairhersey.com\/?post_type=product&#038;p=692"},"modified":"2025-04-07T00:24:46","modified_gmt":"2025-04-06T21:24:46","slug":"taban-besleme-nozulu-debi-ayarli-abs","status":"publish","type":"product","link":"https:\/\/www.havuzadairhersey.com\/index.php\/urun\/taban-besleme-nozulu-debi-ayarli-abs\/","title":{"rendered":"Taban Besleme Nozulu (Debi Ayarl\u0131 &#8211; ABS)"},"content":{"rendered":"<p>Havuz tabanlar\u0131ndan su sirk\u00fclasyonunu sa\u011flayan debi ayarl\u0131 taban besleme nozulu, hem verimli su da\u011f\u0131l\u0131m\u0131 sa\u011flar hem de debi ayar\u0131 sayesinde sistemin ihtiyac\u0131na g\u00f6re kontrol imkan\u0131 sunar. ABS plastikten \u00fcretilmi\u015f olup y\u00fcksek dayan\u0131kl\u0131l\u0131\u011fa sahiptir. \u00d850 ve \u00d863 \u00e7aplar\u0131nda modelleri ile farkl\u0131 sistem ihtiya\u00e7lar\u0131na uygun se\u00e7enekler mevcuttur. Liner havuzlar i\u00e7in \u00f6zel tasar\u0131ml\u0131 modeli de bulunmaktad\u0131r. Ayr\u0131ca di\u015fli ba\u011flant\u0131l\u0131 varyant\u0131yla kurulum kolayl\u0131\u011f\u0131 sunar.<\/p>\n","protected":false},"excerpt":{"rendered":"<p>Dayan\u0131kl\u0131 ABS g\u00f6vdeli, \u00d850\/\u00d863 \u00e7aplar\u0131nda debi ayarl\u0131 taban besleme nozulu. Liner ve di\u015fli se\u00e7enekleriyle.<\/p>\n","protected":false},"featured_media":693,"comment_status":"open","ping_status":"closed","template":"","meta":{"site-sidebar-layout":"default","site-content-layout":"","ast-site-content-layout":"default","site-content-style":"default","site-sidebar-style":"default","ast-global-header-display":"","ast-banner-title-visibility":"","ast-main-header-display":"","ast-hfb-above-header-display":"","ast-hfb-below-header-display":"","ast-hfb-mobile-header-display":"","site-post-title":"","ast-breadcrumbs-content":"","ast-featured-img":"","footer-sml-layout":"","theme-transparent-header-meta":"default","adv-header-id-meta":"","stick-header-meta":"","header-above-stick-meta":"","header-main-stick-meta":"","header-below-stick-meta":"","astra-migrate-meta-layouts":"set","ast-page-background-enabled":"default","ast-page-background-meta":{"desktop":{"background-color":"var(--ast-global-color-5)","background-image":"","background-repeat":"repeat","background-position":"center center","background-size":"auto","background-attachment":"scroll","background-type":"","background-media":"","overlay-type":"","overlay-color":"","overlay-opacity":"","overlay-gradient":""},"tablet":{"background-color":"","background-image":"","background-repeat":"repeat","background-position":"center center","background-size":"auto","background-attachment":"scroll","background-type":"","background-media":"","overlay-type":"","overlay-color":"","overlay-opacity":"","overlay-gradient":""},"mobile":{"background-color":"","background-image":"","background-repeat":"repeat","background-position":"center center","background-size":"auto","background-attachment":"scroll","background-type":"","background-media":"","overlay-type":"","overlay-color":"","overlay-opacity":"","overlay-gradient":""}},"ast-content-background-meta":{"desktop":{"background-color":"var(--ast-global-color-4)","background-image":"","background-repeat":"repeat","background-position":"center center","background-size":"auto","background-attachment":"scroll","background-type":"","background-media":"","overlay-type":"","overlay-color":"","overlay-opacity":"","overlay-gradient":""},"tablet":{"background-color":"var(--ast-global-color-4)","background-image":"","background-repeat":"repeat","background-position":"center center","background-size":"auto","background-attachment":"scroll","background-type":"","background-media":"","overlay-type":"","overlay-color":"","overlay-opacity":"","overlay-gradient":""},"mobile":{"background-color":"var(--ast-global-color-4)","background-image":"","background-repeat":"repeat","background-position":"center center","background-size":"auto","background-attachment":"scroll","background-type":"","background-media":"","overlay-type":"","overlay-color":"","overlay-opacity":"","overlay-gradient":""}}},"product_brand":[30],"product_cat":[770],"product_tag":[789,788,791,787,792,790,779,778,793,786],"class_list":{"0":"post-692","1":"product","2":"type-product","3":"status-publish","4":"has-post-thumbnail","6":"product_brand-atlaspool","7":"product_cat-havuz-besi-nozullari","8":"product_tag-abs-havuz-ekipmani","9":"product_tag-debi-ayarli-nozullar","10":"product_tag-disli-nozul","11":"product_tag-havuz-besleme-nozulu","12":"product_tag-havuz-taban-nozulu","13":"product_tag-liner-havuz-nozulu","14":"product_tag-o50-nozul","15":"product_tag-o63-nozul","16":"product_tag-su-besleme-nozulu","17":"product_tag-taban-nozulu","18":"desktop-align-left","19":"tablet-align-left","20":"mobile-align-left","22":"first","23":"instock","24":"shipping-taxable","25":"purchasable","26":"product-type-variable"},"yoast_head":"<!-- This site is optimized with the Yoast SEO plugin v25.0 - https:\/\/yoast.com\/wordpress\/plugins\/seo\/ -->\n<title>Taban Besleme Nozulu (Debi Ayarl\u0131 - ABS) -<\/title>\n<meta name=\"robots\" content=\"index, follow, max-snippet:-1, max-image-preview:large, max-video-preview:-1\" \/>\n<link rel=\"canonical\" href=\"https:\/\/www.havuzadairhersey.com\/index.php\/urun\/taban-besleme-nozulu-debi-ayarli-abs\/\" \/>\n<meta property=\"og:locale\" content=\"tr_TR\" \/>\n<meta property=\"og:type\" content=\"article\" \/>\n<meta property=\"og:title\" content=\"Taban Besleme Nozulu (Debi Ayarl\u0131 - ABS) -\" \/>\n<meta property=\"og:description\" content=\"Dayan\u0131kl\u0131 ABS g\u00f6vdeli, \u00d850\/\u00d863 \u00e7aplar\u0131nda debi ayarl\u0131 taban besleme nozulu. Liner ve di\u015fli se\u00e7enekleriyle.\" \/>\n<meta property=\"og:url\" content=\"https:\/\/www.havuzadairhersey.com\/index.php\/urun\/taban-besleme-nozulu-debi-ayarli-abs\/\" \/>\n<meta property=\"og:image\" content=\"https:\/\/www.havuzadairhersey.com\/wp-content\/uploads\/2025\/04\/2-12.png\" \/>\n\t<meta property=\"og:image:width\" content=\"1875\" \/>\n\t<meta property=\"og:image:height\" content=\"2000\" \/>\n\t<meta property=\"og:image:type\" content=\"image\/png\" \/>\n<meta name=\"twitter:card\" content=\"summary_large_image\" \/>\n<script type=\"application\/ld+json\" class=\"yoast-schema-graph\">{\"@context\":\"https:\/\/schema.org\",\"@graph\":[{\"@type\":\"WebPage\",\"@id\":\"https:\/\/www.havuzadairhersey.com\/index.php\/urun\/taban-besleme-nozulu-debi-ayarli-abs\/\",\"url\":\"https:\/\/www.havuzadairhersey.com\/index.php\/urun\/taban-besleme-nozulu-debi-ayarli-abs\/\",\"name\":\"Taban Besleme Nozulu (Debi Ayarl\u0131 - ABS) -\",\"isPartOf\":{\"@id\":\"https:\/\/www.havuzadairhersey.com\/#website\"},\"primaryImageOfPage\":{\"@id\":\"https:\/\/www.havuzadairhersey.com\/index.php\/urun\/taban-besleme-nozulu-debi-ayarli-abs\/#primaryimage\"},\"image\":{\"@id\":\"https:\/\/www.havuzadairhersey.com\/index.php\/urun\/taban-besleme-nozulu-debi-ayarli-abs\/#primaryimage\"},\"thumbnailUrl\":\"https:\/\/www.havuzadairhersey.com\/wp-content\/uploads\/2025\/04\/2-12.png\",\"datePublished\":\"2025-04-06T21:24:46+00:00\",\"breadcrumb\":{\"@id\":\"https:\/\/www.havuzadairhersey.com\/index.php\/urun\/taban-besleme-nozulu-debi-ayarli-abs\/#breadcrumb\"},\"inLanguage\":\"tr\",\"potentialAction\":[{\"@type\":\"ReadAction\",\"target\":[\"https:\/\/www.havuzadairhersey.com\/index.php\/urun\/taban-besleme-nozulu-debi-ayarli-abs\/\"]}]},{\"@type\":\"ImageObject\",\"inLanguage\":\"tr\",\"@id\":\"https:\/\/www.havuzadairhersey.com\/index.php\/urun\/taban-besleme-nozulu-debi-ayarli-abs\/#primaryimage\",\"url\":\"https:\/\/www.havuzadairhersey.com\/wp-content\/uploads\/2025\/04\/2-12.png\",\"contentUrl\":\"https:\/\/www.havuzadairhersey.com\/wp-content\/uploads\/2025\/04\/2-12.png\",\"width\":1875,\"height\":2000,\"caption\":\"\u00d850 \/ \u00d863 \u00e7aplar\u0131nda, liner ve di\u015fli opsiyonlu\"},{\"@type\":\"BreadcrumbList\",\"@id\":\"https:\/\/www.havuzadairhersey.com\/index.php\/urun\/taban-besleme-nozulu-debi-ayarli-abs\/#breadcrumb\",\"itemListElement\":[{\"@type\":\"ListItem\",\"position\":1,\"name\":\"Anasayfa\",\"item\":\"https:\/\/www.havuzadairhersey.com\/\"},{\"@type\":\"ListItem\",\"position\":2,\"name\":\"Ma\u011faza\",\"item\":\"https:\/\/www.havuzadairhersey.com\/\"},{\"@type\":\"ListItem\",\"position\":3,\"name\":\"Taban Besleme Nozulu (Debi Ayarl\u0131 &#8211; ABS)\"}]},{\"@type\":\"WebSite\",\"@id\":\"https:\/\/www.havuzadairhersey.com\/#website\",\"url\":\"https:\/\/www.havuzadairhersey.com\/\",\"name\":\"\",\"description\":\"Havuza dair arad\u0131\u011f\u0131n\u0131z her\u015fey burada...\",\"potentialAction\":[{\"@type\":\"SearchAction\",\"target\":{\"@type\":\"EntryPoint\",\"urlTemplate\":\"https:\/\/www.havuzadairhersey.com\/?s={search_term_string}\"},\"query-input\":{\"@type\":\"PropertyValueSpecification\",\"valueRequired\":true,\"valueName\":\"search_term_string\"}}],\"inLanguage\":\"tr\"}]}<\/script>\n<!-- \/ Yoast SEO plugin. -->","yoast_head_json":{"title":"Taban Besleme Nozulu (Debi Ayarl\u0131 - ABS) -","robots":{"index":"index","follow":"follow","max-snippet":"max-snippet:-1","max-image-preview":"max-image-preview:large","max-video-preview":"max-video-preview:-1"},"canonical":"https:\/\/www.havuzadairhersey.com\/index.php\/urun\/taban-besleme-nozulu-debi-ayarli-abs\/","og_locale":"tr_TR","og_type":"article","og_title":"Taban Besleme Nozulu (Debi Ayarl\u0131 - ABS) -","og_description":"Dayan\u0131kl\u0131 ABS g\u00f6vdeli, \u00d850\/\u00d863 \u00e7aplar\u0131nda debi ayarl\u0131 taban besleme nozulu. Liner ve di\u015fli se\u00e7enekleriyle.","og_url":"https:\/\/www.havuzadairhersey.com\/index.php\/urun\/taban-besleme-nozulu-debi-ayarli-abs\/","og_image":[{"width":1875,"height":2000,"url":"https:\/\/www.havuzadairhersey.com\/wp-content\/uploads\/2025\/04\/2-12.png","type":"image\/png"}],"twitter_card":"summary_large_image","schema":{"@context":"https:\/\/schema.org","@graph":[{"@type":"WebPage","@id":"https:\/\/www.havuzadairhersey.com\/index.php\/urun\/taban-besleme-nozulu-debi-ayarli-abs\/","url":"https:\/\/www.havuzadairhersey.com\/index.php\/urun\/taban-besleme-nozulu-debi-ayarli-abs\/","name":"Taban Besleme Nozulu (Debi Ayarl\u0131 - ABS) -","isPartOf":{"@id":"https:\/\/www.havuzadairhersey.com\/#website"},"primaryImageOfPage":{"@id":"https:\/\/www.havuzadairhersey.com\/index.php\/urun\/taban-besleme-nozulu-debi-ayarli-abs\/#primaryimage"},"image":{"@id":"https:\/\/www.havuzadairhersey.com\/index.php\/urun\/taban-besleme-nozulu-debi-ayarli-abs\/#primaryimage"},"thumbnailUrl":"https:\/\/www.havuzadairhersey.com\/wp-content\/uploads\/2025\/04\/2-12.png","datePublished":"2025-04-06T21:24:46+00:00","breadcrumb":{"@id":"https:\/\/www.havuzadairhersey.com\/index.php\/urun\/taban-besleme-nozulu-debi-ayarli-abs\/#breadcrumb"},"inLanguage":"tr","potentialAction":[{"@type":"ReadAction","target":["https:\/\/www.havuzadairhersey.com\/index.php\/urun\/taban-besleme-nozulu-debi-ayarli-abs\/"]}]},{"@type":"ImageObject","inLanguage":"tr","@id":"https:\/\/www.havuzadairhersey.com\/index.php\/urun\/taban-besleme-nozulu-debi-ayarli-abs\/#primaryimage","url":"https:\/\/www.havuzadairhersey.com\/wp-content\/uploads\/2025\/04\/2-12.png","contentUrl":"https:\/\/www.havuzadairhersey.com\/wp-content\/uploads\/2025\/04\/2-12.png","width":1875,"height":2000,"caption":"\u00d850 \/ \u00d863 \u00e7aplar\u0131nda, liner ve di\u015fli opsiyonlu"},{"@type":"BreadcrumbList","@id":"https:\/\/www.havuzadairhersey.com\/index.php\/urun\/taban-besleme-nozulu-debi-ayarli-abs\/#breadcrumb","itemListElement":[{"@type":"ListItem","position":1,"name":"Anasayfa","item":"https:\/\/www.havuzadairhersey.com\/"},{"@type":"ListItem","position":2,"name":"Ma\u011faza","item":"https:\/\/www.havuzadairhersey.com\/"},{"@type":"ListItem","position":3,"name":"Taban Besleme Nozulu (Debi Ayarl\u0131 &#8211; ABS)"}]},{"@type":"WebSite","@id":"https:\/\/www.havuzadairhersey.com\/#website","url":"https:\/\/www.havuzadairhersey.com\/","name":"","description":"Havuza dair arad\u0131\u011f\u0131n\u0131z her\u015fey burada...","potentialAction":[{"@type":"SearchAction","target":{"@type":"EntryPoint","urlTemplate":"https:\/\/www.havuzadairhersey.com\/?s={search_term_string}"},"query-input":{"@type":"PropertyValueSpecification","valueRequired":true,"valueName":"search_term_string"}}],"inLanguage":"tr"}]}},"_links":{"self":[{"href":"https:\/\/www.havuzadairhersey.com\/index.php\/wp-json\/wp\/v2\/product\/692","targetHints":{"allow":["GET"]}}],"collection":[{"href":"https:\/\/www.havuzadairhersey.com\/index.php\/wp-json\/wp\/v2\/product"}],"about":[{"href":"https:\/\/www.havuzadairhersey.com\/index.php\/wp-json\/wp\/v2\/types\/product"}],"replies":[{"embeddable":true,"href":"https:\/\/www.havuzadairhersey.com\/index.php\/wp-json\/wp\/v2\/comments?post=692"}],"wp:featuredmedia":[{"embeddable":true,"href":"https:\/\/www.havuzadairhersey.com\/index.php\/wp-json\/wp\/v2\/media\/693"}],"wp:attachment":[{"href":"https:\/\/www.havuzadairhersey.com\/index.php\/wp-json\/wp\/v2\/media?parent=692"}],"wp:term":[{"taxonomy":"product_brand","embeddable":true,"href":"https:\/\/www.havuzadairhersey.com\/index.php\/wp-json\/wp\/v2\/product_brand?post=692"},{"taxonomy":"product_cat","embeddable":true,"href":"https:\/\/www.havuzadairhersey.com\/index.php\/wp-json\/wp\/v2\/product_cat?post=692"},{"taxonomy":"product_tag","embeddable":true,"href":"https:\/\/www.havuzadairhersey.com\/index.php\/wp-json\/wp\/v2\/product_tag?post=692"}],"curies":[{"name":"wp","href":"https:\/\/api.w.org\/{rel}","templated":true}]}}