{"id":803,"date":"2025-04-08T20:22:18","date_gmt":"2025-04-08T17:22:18","guid":{"rendered":"https:\/\/www.havuzadairhersey.com\/?post_type=product&#038;p=803"},"modified":"2025-04-08T20:22:18","modified_gmt":"2025-04-08T17:22:18","slug":"aluminyum-flat-supurgeler","status":"publish","type":"product","link":"https:\/\/www.havuzadairhersey.com\/index.php\/urun\/aluminyum-flat-supurgeler\/","title":{"rendered":"Al\u00fcminyum Flat S\u00fcp\u00fcrgeler"},"content":{"rendered":"<p>2\u201d ba\u011flant\u0131 \u00e7ap\u0131na sahip, c\u0131vatal\u0131 tip flat model s\u00fcp\u00fcrge ba\u015fl\u0131\u011f\u0131; havuz taban\u0131n\u0131 kolayl\u0131kla temizlemek i\u00e7in tasarlanm\u0131\u015ft\u0131r. 60 cm geni\u015fli\u011fi sayesinde daha fazla alan\u0131 h\u0131zl\u0131ca temizler, tekerlekli yap\u0131s\u0131 sayesinde ise s\u00fcrt\u00fcnmeyi azaltarak zahmetsiz bir kullan\u0131m sunar. Dayan\u0131kl\u0131 g\u00f6vdesi uzun \u00f6m\u00fcrl\u00fc kullan\u0131m sa\u011flar. Profesyonel ve bireysel kullan\u0131mlar i\u00e7in uygundur.<\/p>\n<p>Teknik \u00d6zellikler:<\/p>\n<p>\u00dcr\u00fcn Kodu: ATS HTE020<\/p>\n<p>Model: 2\u201d Flat Model S\u00fcp\u00fcrge \u2013 C\u0131vatal\u0131 Tip (60 cm)<\/p>\n<p>Koli Ebat\u0131: 32 x 51 x 13 cm<\/p>\n<p>A\u011f\u0131rl\u0131k: 3,50 kg<\/p>\n<p>Ba\u011flant\u0131 Tipi: C\u0131vatal\u0131<\/p>\n<p>Uyumlu Hortum: 2\u201d (in\u00e7)<\/p>\n","protected":false},"excerpt":{"rendered":"<p>C\u0131vatal\u0131 ba\u011flant\u0131l\u0131, 60 cm geni\u015fli\u011finde, dayan\u0131kl\u0131 ve tekerlekli havuz s\u00fcp\u00fcrge ba\u015fl\u0131\u011f\u0131. 2\u201d hortumlarla uyumludur.<\/p>\n","protected":false},"featured_media":804,"comment_status":"open","ping_status":"closed","template":"","meta":{"site-sidebar-layout":"default","site-content-layout":"","ast-site-content-layout":"default","site-content-style":"default","site-sidebar-style":"default","ast-global-header-display":"","ast-banner-title-visibility":"","ast-main-header-display":"","ast-hfb-above-header-display":"","ast-hfb-below-header-display":"","ast-hfb-mobile-header-display":"","site-post-title":"","ast-breadcrumbs-content":"","ast-featured-img":"","footer-sml-layout":"","theme-transparent-header-meta":"default","adv-header-id-meta":"","stick-header-meta":"","header-above-stick-meta":"","header-main-stick-meta":"","header-below-stick-meta":"","astra-migrate-meta-layouts":"set","ast-page-background-enabled":"default","ast-page-background-meta":{"desktop":{"background-color":"var(--ast-global-color-5)","background-image":"","background-repeat":"repeat","background-position":"center center","background-size":"auto","background-attachment":"scroll","background-type":"","background-media":"","overlay-type":"","overlay-color":"","overlay-opacity":"","overlay-gradient":""},"tablet":{"background-color":"","background-image":"","background-repeat":"repeat","background-position":"center center","background-size":"auto","background-attachment":"scroll","background-type":"","background-media":"","overlay-type":"","overlay-color":"","overlay-opacity":"","overlay-gradient":""},"mobile":{"background-color":"","background-image":"","background-repeat":"repeat","background-position":"center center","background-size":"auto","background-attachment":"scroll","background-type":"","background-media":"","overlay-type":"","overlay-color":"","overlay-opacity":"","overlay-gradient":""}},"ast-content-background-meta":{"desktop":{"background-color":"var(--ast-global-color-4)","background-image":"","background-repeat":"repeat","background-position":"center center","background-size":"auto","background-attachment":"scroll","background-type":"","background-media":"","overlay-type":"","overlay-color":"","overlay-opacity":"","overlay-gradient":""},"tablet":{"background-color":"var(--ast-global-color-4)","background-image":"","background-repeat":"repeat","background-position":"center center","background-size":"auto","background-attachment":"scroll","background-type":"","background-media":"","overlay-type":"","overlay-color":"","overlay-opacity":"","overlay-gradient":""},"mobile":{"background-color":"var(--ast-global-color-4)","background-image":"","background-repeat":"repeat","background-position":"center center","background-size":"auto","background-attachment":"scroll","background-type":"","background-media":"","overlay-type":"","overlay-color":"","overlay-opacity":"","overlay-gradient":""}}},"product_brand":[30],"product_cat":[955],"product_tag":[986,988,987,985,984,803,990,989],"class_list":{"0":"post-803","1":"product","2":"type-product","3":"status-publish","4":"has-post-thumbnail","6":"product_brand-atlaspool","7":"product_cat-havuz-temizlik-malzemeleri","8":"product_tag-2-inc-supurge","9":"product_tag-60-cm-havuz-supurgesi","10":"product_tag-civatali-supurge-basligi","11":"product_tag-flat-model-supurge","12":"product_tag-havuz-supurgesi","13":"product_tag-havuz-temizleme-ekipmani","14":"product_tag-profesyonel-havuz-supurgesi","15":"product_tag-tekerlekli-supurge","16":"desktop-align-left","17":"tablet-align-left","18":"mobile-align-left","20":"first","21":"instock","22":"shipping-taxable","23":"product-type-simple"},"yoast_head":"<!-- This site is optimized with the Yoast SEO plugin v25.0 - https:\/\/yoast.com\/wordpress\/plugins\/seo\/ -->\n<title>Al\u00fcminyum Flat S\u00fcp\u00fcrgeler -<\/title>\n<meta name=\"robots\" content=\"index, follow, max-snippet:-1, max-image-preview:large, max-video-preview:-1\" \/>\n<link rel=\"canonical\" href=\"https:\/\/www.havuzadairhersey.com\/index.php\/urun\/aluminyum-flat-supurgeler\/\" \/>\n<meta property=\"og:locale\" content=\"tr_TR\" \/>\n<meta property=\"og:type\" content=\"article\" \/>\n<meta property=\"og:title\" content=\"Al\u00fcminyum Flat S\u00fcp\u00fcrgeler -\" \/>\n<meta property=\"og:description\" content=\"C\u0131vatal\u0131 ba\u011flant\u0131l\u0131, 60 cm geni\u015fli\u011finde, dayan\u0131kl\u0131 ve tekerlekli havuz s\u00fcp\u00fcrge ba\u015fl\u0131\u011f\u0131. 2\u201d hortumlarla uyumludur.\" \/>\n<meta property=\"og:url\" content=\"https:\/\/www.havuzadairhersey.com\/index.php\/urun\/aluminyum-flat-supurgeler\/\" \/>\n<meta property=\"og:image\" content=\"https:\/\/www.havuzadairhersey.com\/wp-content\/uploads\/2025\/04\/1-29.png\" \/>\n\t<meta property=\"og:image:width\" content=\"1875\" \/>\n\t<meta property=\"og:image:height\" content=\"2000\" \/>\n\t<meta property=\"og:image:type\" content=\"image\/png\" \/>\n<meta name=\"twitter:card\" content=\"summary_large_image\" \/>\n<meta name=\"twitter:label1\" content=\"Tahmini okuma s\u00fcresi\" \/>\n\t<meta name=\"twitter:data1\" content=\"1 dakika\" \/>\n<script type=\"application\/ld+json\" class=\"yoast-schema-graph\">{\"@context\":\"https:\/\/schema.org\",\"@graph\":[{\"@type\":\"WebPage\",\"@id\":\"https:\/\/www.havuzadairhersey.com\/index.php\/urun\/aluminyum-flat-supurgeler\/\",\"url\":\"https:\/\/www.havuzadairhersey.com\/index.php\/urun\/aluminyum-flat-supurgeler\/\",\"name\":\"Al\u00fcminyum Flat S\u00fcp\u00fcrgeler -\",\"isPartOf\":{\"@id\":\"https:\/\/www.havuzadairhersey.com\/#website\"},\"primaryImageOfPage\":{\"@id\":\"https:\/\/www.havuzadairhersey.com\/index.php\/urun\/aluminyum-flat-supurgeler\/#primaryimage\"},\"image\":{\"@id\":\"https:\/\/www.havuzadairhersey.com\/index.php\/urun\/aluminyum-flat-supurgeler\/#primaryimage\"},\"thumbnailUrl\":\"https:\/\/www.havuzadairhersey.com\/wp-content\/uploads\/2025\/04\/1-29.png\",\"datePublished\":\"2025-04-08T17:22:18+00:00\",\"breadcrumb\":{\"@id\":\"https:\/\/www.havuzadairhersey.com\/index.php\/urun\/aluminyum-flat-supurgeler\/#breadcrumb\"},\"inLanguage\":\"tr\",\"potentialAction\":[{\"@type\":\"ReadAction\",\"target\":[\"https:\/\/www.havuzadairhersey.com\/index.php\/urun\/aluminyum-flat-supurgeler\/\"]}]},{\"@type\":\"ImageObject\",\"inLanguage\":\"tr\",\"@id\":\"https:\/\/www.havuzadairhersey.com\/index.php\/urun\/aluminyum-flat-supurgeler\/#primaryimage\",\"url\":\"https:\/\/www.havuzadairhersey.com\/wp-content\/uploads\/2025\/04\/1-29.png\",\"contentUrl\":\"https:\/\/www.havuzadairhersey.com\/wp-content\/uploads\/2025\/04\/1-29.png\",\"width\":1875,\"height\":2000,\"caption\":\"60 cm geni\u015fli\u011finde, c\u0131vatal\u0131 ba\u011flant\u0131ya sahip tekerlekli havuz s\u00fcp\u00fcrgesi\"},{\"@type\":\"BreadcrumbList\",\"@id\":\"https:\/\/www.havuzadairhersey.com\/index.php\/urun\/aluminyum-flat-supurgeler\/#breadcrumb\",\"itemListElement\":[{\"@type\":\"ListItem\",\"position\":1,\"name\":\"Anasayfa\",\"item\":\"https:\/\/www.havuzadairhersey.com\/\"},{\"@type\":\"ListItem\",\"position\":2,\"name\":\"Ma\u011faza\",\"item\":\"https:\/\/www.havuzadairhersey.com\/\"},{\"@type\":\"ListItem\",\"position\":3,\"name\":\"Al\u00fcminyum Flat S\u00fcp\u00fcrgeler\"}]},{\"@type\":\"WebSite\",\"@id\":\"https:\/\/www.havuzadairhersey.com\/#website\",\"url\":\"https:\/\/www.havuzadairhersey.com\/\",\"name\":\"\",\"description\":\"Havuza dair arad\u0131\u011f\u0131n\u0131z her\u015fey burada...\",\"potentialAction\":[{\"@type\":\"SearchAction\",\"target\":{\"@type\":\"EntryPoint\",\"urlTemplate\":\"https:\/\/www.havuzadairhersey.com\/?s={search_term_string}\"},\"query-input\":{\"@type\":\"PropertyValueSpecification\",\"valueRequired\":true,\"valueName\":\"search_term_string\"}}],\"inLanguage\":\"tr\"}]}<\/script>\n<!-- \/ Yoast SEO plugin. -->","yoast_head_json":{"title":"Al\u00fcminyum Flat S\u00fcp\u00fcrgeler -","robots":{"index":"index","follow":"follow","max-snippet":"max-snippet:-1","max-image-preview":"max-image-preview:large","max-video-preview":"max-video-preview:-1"},"canonical":"https:\/\/www.havuzadairhersey.com\/index.php\/urun\/aluminyum-flat-supurgeler\/","og_locale":"tr_TR","og_type":"article","og_title":"Al\u00fcminyum Flat S\u00fcp\u00fcrgeler -","og_description":"C\u0131vatal\u0131 ba\u011flant\u0131l\u0131, 60 cm geni\u015fli\u011finde, dayan\u0131kl\u0131 ve tekerlekli havuz s\u00fcp\u00fcrge ba\u015fl\u0131\u011f\u0131. 2\u201d hortumlarla uyumludur.","og_url":"https:\/\/www.havuzadairhersey.com\/index.php\/urun\/aluminyum-flat-supurgeler\/","og_image":[{"width":1875,"height":2000,"url":"https:\/\/www.havuzadairhersey.com\/wp-content\/uploads\/2025\/04\/1-29.png","type":"image\/png"}],"twitter_card":"summary_large_image","twitter_misc":{"Tahmini okuma s\u00fcresi":"1 dakika"},"schema":{"@context":"https:\/\/schema.org","@graph":[{"@type":"WebPage","@id":"https:\/\/www.havuzadairhersey.com\/index.php\/urun\/aluminyum-flat-supurgeler\/","url":"https:\/\/www.havuzadairhersey.com\/index.php\/urun\/aluminyum-flat-supurgeler\/","name":"Al\u00fcminyum Flat S\u00fcp\u00fcrgeler -","isPartOf":{"@id":"https:\/\/www.havuzadairhersey.com\/#website"},"primaryImageOfPage":{"@id":"https:\/\/www.havuzadairhersey.com\/index.php\/urun\/aluminyum-flat-supurgeler\/#primaryimage"},"image":{"@id":"https:\/\/www.havuzadairhersey.com\/index.php\/urun\/aluminyum-flat-supurgeler\/#primaryimage"},"thumbnailUrl":"https:\/\/www.havuzadairhersey.com\/wp-content\/uploads\/2025\/04\/1-29.png","datePublished":"2025-04-08T17:22:18+00:00","breadcrumb":{"@id":"https:\/\/www.havuzadairhersey.com\/index.php\/urun\/aluminyum-flat-supurgeler\/#breadcrumb"},"inLanguage":"tr","potentialAction":[{"@type":"ReadAction","target":["https:\/\/www.havuzadairhersey.com\/index.php\/urun\/aluminyum-flat-supurgeler\/"]}]},{"@type":"ImageObject","inLanguage":"tr","@id":"https:\/\/www.havuzadairhersey.com\/index.php\/urun\/aluminyum-flat-supurgeler\/#primaryimage","url":"https:\/\/www.havuzadairhersey.com\/wp-content\/uploads\/2025\/04\/1-29.png","contentUrl":"https:\/\/www.havuzadairhersey.com\/wp-content\/uploads\/2025\/04\/1-29.png","width":1875,"height":2000,"caption":"60 cm geni\u015fli\u011finde, c\u0131vatal\u0131 ba\u011flant\u0131ya sahip tekerlekli havuz s\u00fcp\u00fcrgesi"},{"@type":"BreadcrumbList","@id":"https:\/\/www.havuzadairhersey.com\/index.php\/urun\/aluminyum-flat-supurgeler\/#breadcrumb","itemListElement":[{"@type":"ListItem","position":1,"name":"Anasayfa","item":"https:\/\/www.havuzadairhersey.com\/"},{"@type":"ListItem","position":2,"name":"Ma\u011faza","item":"https:\/\/www.havuzadairhersey.com\/"},{"@type":"ListItem","position":3,"name":"Al\u00fcminyum Flat S\u00fcp\u00fcrgeler"}]},{"@type":"WebSite","@id":"https:\/\/www.havuzadairhersey.com\/#website","url":"https:\/\/www.havuzadairhersey.com\/","name":"","description":"Havuza dair arad\u0131\u011f\u0131n\u0131z her\u015fey burada...","potentialAction":[{"@type":"SearchAction","target":{"@type":"EntryPoint","urlTemplate":"https:\/\/www.havuzadairhersey.com\/?s={search_term_string}"},"query-input":{"@type":"PropertyValueSpecification","valueRequired":true,"valueName":"search_term_string"}}],"inLanguage":"tr"}]}},"_links":{"self":[{"href":"https:\/\/www.havuzadairhersey.com\/index.php\/wp-json\/wp\/v2\/product\/803","targetHints":{"allow":["GET"]}}],"collection":[{"href":"https:\/\/www.havuzadairhersey.com\/index.php\/wp-json\/wp\/v2\/product"}],"about":[{"href":"https:\/\/www.havuzadairhersey.com\/index.php\/wp-json\/wp\/v2\/types\/product"}],"replies":[{"embeddable":true,"href":"https:\/\/www.havuzadairhersey.com\/index.php\/wp-json\/wp\/v2\/comments?post=803"}],"wp:featuredmedia":[{"embeddable":true,"href":"https:\/\/www.havuzadairhersey.com\/index.php\/wp-json\/wp\/v2\/media\/804"}],"wp:attachment":[{"href":"https:\/\/www.havuzadairhersey.com\/index.php\/wp-json\/wp\/v2\/media?parent=803"}],"wp:term":[{"taxonomy":"product_brand","embeddable":true,"href":"https:\/\/www.havuzadairhersey.com\/index.php\/wp-json\/wp\/v2\/product_brand?post=803"},{"taxonomy":"product_cat","embeddable":true,"href":"https:\/\/www.havuzadairhersey.com\/index.php\/wp-json\/wp\/v2\/product_cat?post=803"},{"taxonomy":"product_tag","embeddable":true,"href":"https:\/\/www.havuzadairhersey.com\/index.php\/wp-json\/wp\/v2\/product_tag?post=803"}],"curies":[{"name":"wp","href":"https:\/\/api.w.org\/{rel}","templated":true}]}}