{"id":923,"date":"2025-04-10T20:52:03","date_gmt":"2025-04-10T17:52:03","guid":{"rendered":"https:\/\/www.havuzadairhersey.com\/?post_type=product&#038;p=923"},"modified":"2025-04-10T20:52:04","modified_gmt":"2025-04-10T17:52:04","slug":"otomatik-havuz-kontrol-sistemi-02-ph-orp-lara-ve-nova-pompali-secenekli","status":"publish","type":"product","link":"https:\/\/www.havuzadairhersey.com\/index.php\/urun\/otomatik-havuz-kontrol-sistemi-02-ph-orp-lara-ve-nova-pompali-secenekli\/","title":{"rendered":"Otomatik Havuz Kontrol Sistemi 02 (pH &#038; ORP) \u2013 LARA ve NOVA Pompal\u0131 Se\u00e7enekli"},"content":{"rendered":"<p>Otomatik Kontrol Sistemi 02, havuz suyu kalitesinin tam otomatik olarak kontrol edilmesini sa\u011flayan geli\u015fmi\u015f bir sistemdir. pH ve ORP de\u011ferlerini \u00f6l\u00e7erek suya do\u011fru oranda kimyasal dozaj\u0131 yap\u0131lmas\u0131n\u0131 sa\u011flar. \u00dcr\u00fcn, t\u00fcm bile\u015fenleri 60&#215;90 panel \u00fczerine monte edilmi\u015f \u015fekilde gelir ve kurulumu son derece pratiktir. Sistem; LARA veya NOVA marka dozaj pompalar\u0131 ile iki farkl\u0131 kapasite se\u00e7ene\u011fi sunar.<\/p>\n<p>\u00d6zellikler:<\/p>\n<p>60&#215;90 panel \u00fczerine monte edilmi\u015f ba\u011flant\u0131 elemanlar\u0131<\/p>\n<p>Poolsaver Tetra kontrol paneli<\/p>\n<p>Pislik tutucu \u00f6n filtre<\/p>\n<p>Elektrot ak\u0131\u015f h\u00fccresi<\/p>\n<p>Giri\u015f-\u00e7\u0131k\u0131\u015f rekorlar\u0131 (6&#215;8 mm)<\/p>\n<p>Numune alma vanas\u0131<\/p>\n<p>Kalibrasyon s\u0131v\u0131lar\u0131 ve kalibrasyon raf\u0131<\/p>\n<p>pH ve ORP elektrotlar\u0131<\/p>\n<p>Model Se\u00e7enekleri:<\/p>\n<p>ATS ANT02-750E: 2 x LARA A 10L\/5Bar pompa ile \u2013 0-1000 m\u00b3 kapasite<\/p>\n<p>ATS ANT02-1500E: 2 x NOVA A 25L\/5Bar pompa ile \u2013 0-2000 m\u00b3 kapasite<\/p>\n<p>Not: S\u0131v\u0131 seviye kontroll\u00fc modeller i\u00e7in sipari\u015f esnas\u0131nda 2 adet s\u0131v\u0131 seviye tak\u0131m\u0131 (PP) ilave edilmelidir.<\/p>\n","protected":false},"excerpt":{"rendered":"<p>pH ve ORP \u00f6l\u00e7\u00fcm\u00fc yaparak kimyasal dozaj\u0131 otomatik ger\u00e7ekle\u015ftiren, pompa entegreli geli\u015fmi\u015f havuz kontrol sistemidir.<\/p>\n","protected":false},"featured_media":924,"comment_status":"open","ping_status":"closed","template":"","meta":{"site-sidebar-layout":"default","site-content-layout":"","ast-site-content-layout":"default","site-content-style":"default","site-sidebar-style":"default","ast-global-header-display":"","ast-banner-title-visibility":"","ast-main-header-display":"","ast-hfb-above-header-display":"","ast-hfb-below-header-display":"","ast-hfb-mobile-header-display":"","site-post-title":"","ast-breadcrumbs-content":"","ast-featured-img":"","footer-sml-layout":"","theme-transparent-header-meta":"default","adv-header-id-meta":"","stick-header-meta":"","header-above-stick-meta":"","header-main-stick-meta":"","header-below-stick-meta":"","astra-migrate-meta-layouts":"set","ast-page-background-enabled":"default","ast-page-background-meta":{"desktop":{"background-color":"var(--ast-global-color-5)","background-image":"","background-repeat":"repeat","background-position":"center center","background-size":"auto","background-attachment":"scroll","background-type":"","background-media":"","overlay-type":"","overlay-color":"","overlay-opacity":"","overlay-gradient":""},"tablet":{"background-color":"","background-image":"","background-repeat":"repeat","background-position":"center center","background-size":"auto","background-attachment":"scroll","background-type":"","background-media":"","overlay-type":"","overlay-color":"","overlay-opacity":"","overlay-gradient":""},"mobile":{"background-color":"","background-image":"","background-repeat":"repeat","background-position":"center center","background-size":"auto","background-attachment":"scroll","background-type":"","background-media":"","overlay-type":"","overlay-color":"","overlay-opacity":"","overlay-gradient":""}},"ast-content-background-meta":{"desktop":{"background-color":"var(--ast-global-color-4)","background-image":"","background-repeat":"repeat","background-position":"center center","background-size":"auto","background-attachment":"scroll","background-type":"","background-media":"","overlay-type":"","overlay-color":"","overlay-opacity":"","overlay-gradient":""},"tablet":{"background-color":"var(--ast-global-color-4)","background-image":"","background-repeat":"repeat","background-position":"center center","background-size":"auto","background-attachment":"scroll","background-type":"","background-media":"","overlay-type":"","overlay-color":"","overlay-opacity":"","overlay-gradient":""},"mobile":{"background-color":"var(--ast-global-color-4)","background-image":"","background-repeat":"repeat","background-position":"center center","background-size":"auto","background-attachment":"scroll","background-type":"","background-media":"","overlay-type":"","overlay-color":"","overlay-opacity":"","overlay-gradient":""}}},"product_brand":[30],"product_cat":[1171],"product_tag":[1184,1177,1180,1178,1179,1176,1182,1174,1181,1175,1183],"class_list":{"0":"post-923","1":"product","2":"type-product","3":"status-publish","4":"has-post-thumbnail","6":"product_brand-atlaspool","7":"product_cat-havuz-kontrol-panolari","8":"product_tag-elektrotlu-havuz-kontrol-paneli","9":"product_tag-havuz-dozaj-sistemi","10":"product_tag-havuz-kimyasal-sistemi","11":"product_tag-lara-pompa","12":"product_tag-nova-pompa","13":"product_tag-orp-kontrol-paneli","14":"product_tag-orp-olcum-sistemi","15":"product_tag-otomatik-havuz-kontrol-sistemi","16":"product_tag-otomatik-ph-dozaji","17":"product_tag-ph-olcum-cihazi","18":"product_tag-poolsaver-tetra","19":"desktop-align-left","20":"tablet-align-left","21":"mobile-align-left","23":"first","24":"instock","25":"shipping-taxable","26":"purchasable","27":"product-type-variable"},"yoast_head":"<!-- This site is optimized with the Yoast SEO plugin v25.0 - https:\/\/yoast.com\/wordpress\/plugins\/seo\/ -->\n<title>Otomatik Havuz Kontrol Sistemi 02 (pH &amp; ORP) \u2013 LARA ve NOVA Pompal\u0131 Se\u00e7enekli -<\/title>\n<meta name=\"robots\" content=\"index, follow, max-snippet:-1, max-image-preview:large, max-video-preview:-1\" \/>\n<link rel=\"canonical\" href=\"https:\/\/www.havuzadairhersey.com\/index.php\/urun\/otomatik-havuz-kontrol-sistemi-02-ph-orp-lara-ve-nova-pompali-secenekli\/\" \/>\n<meta property=\"og:locale\" content=\"tr_TR\" \/>\n<meta property=\"og:type\" content=\"article\" \/>\n<meta property=\"og:title\" content=\"Otomatik Havuz Kontrol Sistemi 02 (pH &amp; ORP) \u2013 LARA ve NOVA Pompal\u0131 Se\u00e7enekli -\" \/>\n<meta property=\"og:description\" content=\"pH ve ORP \u00f6l\u00e7\u00fcm\u00fc yaparak kimyasal dozaj\u0131 otomatik ger\u00e7ekle\u015ftiren, pompa entegreli geli\u015fmi\u015f havuz kontrol sistemidir.\" \/>\n<meta property=\"og:url\" content=\"https:\/\/www.havuzadairhersey.com\/index.php\/urun\/otomatik-havuz-kontrol-sistemi-02-ph-orp-lara-ve-nova-pompali-secenekli\/\" \/>\n<meta property=\"article:modified_time\" content=\"2025-04-10T17:52:04+00:00\" \/>\n<meta property=\"og:image\" content=\"https:\/\/www.havuzadairhersey.com\/wp-content\/uploads\/2025\/04\/1-52.png\" \/>\n\t<meta property=\"og:image:width\" content=\"1875\" \/>\n\t<meta property=\"og:image:height\" content=\"2000\" \/>\n\t<meta property=\"og:image:type\" content=\"image\/png\" \/>\n<meta name=\"twitter:card\" content=\"summary_large_image\" \/>\n<meta name=\"twitter:label1\" content=\"Tahmini okuma s\u00fcresi\" \/>\n\t<meta name=\"twitter:data1\" content=\"1 dakika\" \/>\n<script type=\"application\/ld+json\" class=\"yoast-schema-graph\">{\"@context\":\"https:\/\/schema.org\",\"@graph\":[{\"@type\":\"WebPage\",\"@id\":\"https:\/\/www.havuzadairhersey.com\/index.php\/urun\/otomatik-havuz-kontrol-sistemi-02-ph-orp-lara-ve-nova-pompali-secenekli\/\",\"url\":\"https:\/\/www.havuzadairhersey.com\/index.php\/urun\/otomatik-havuz-kontrol-sistemi-02-ph-orp-lara-ve-nova-pompali-secenekli\/\",\"name\":\"Otomatik Havuz Kontrol Sistemi 02 (pH & ORP) \u2013 LARA ve NOVA Pompal\u0131 Se\u00e7enekli -\",\"isPartOf\":{\"@id\":\"https:\/\/www.havuzadairhersey.com\/#website\"},\"primaryImageOfPage\":{\"@id\":\"https:\/\/www.havuzadairhersey.com\/index.php\/urun\/otomatik-havuz-kontrol-sistemi-02-ph-orp-lara-ve-nova-pompali-secenekli\/#primaryimage\"},\"image\":{\"@id\":\"https:\/\/www.havuzadairhersey.com\/index.php\/urun\/otomatik-havuz-kontrol-sistemi-02-ph-orp-lara-ve-nova-pompali-secenekli\/#primaryimage\"},\"thumbnailUrl\":\"https:\/\/www.havuzadairhersey.com\/wp-content\/uploads\/2025\/04\/1-52.png\",\"datePublished\":\"2025-04-10T17:52:03+00:00\",\"dateModified\":\"2025-04-10T17:52:04+00:00\",\"breadcrumb\":{\"@id\":\"https:\/\/www.havuzadairhersey.com\/index.php\/urun\/otomatik-havuz-kontrol-sistemi-02-ph-orp-lara-ve-nova-pompali-secenekli\/#breadcrumb\"},\"inLanguage\":\"tr\",\"potentialAction\":[{\"@type\":\"ReadAction\",\"target\":[\"https:\/\/www.havuzadairhersey.com\/index.php\/urun\/otomatik-havuz-kontrol-sistemi-02-ph-orp-lara-ve-nova-pompali-secenekli\/\"]}]},{\"@type\":\"ImageObject\",\"inLanguage\":\"tr\",\"@id\":\"https:\/\/www.havuzadairhersey.com\/index.php\/urun\/otomatik-havuz-kontrol-sistemi-02-ph-orp-lara-ve-nova-pompali-secenekli\/#primaryimage\",\"url\":\"https:\/\/www.havuzadairhersey.com\/wp-content\/uploads\/2025\/04\/1-52.png\",\"contentUrl\":\"https:\/\/www.havuzadairhersey.com\/wp-content\/uploads\/2025\/04\/1-52.png\",\"width\":1875,\"height\":2000,\"caption\":\"LARA ve NOVA pompal\u0131 geli\u015fmi\u015f havuz suyu kontrol paneli\"},{\"@type\":\"BreadcrumbList\",\"@id\":\"https:\/\/www.havuzadairhersey.com\/index.php\/urun\/otomatik-havuz-kontrol-sistemi-02-ph-orp-lara-ve-nova-pompali-secenekli\/#breadcrumb\",\"itemListElement\":[{\"@type\":\"ListItem\",\"position\":1,\"name\":\"Anasayfa\",\"item\":\"https:\/\/www.havuzadairhersey.com\/\"},{\"@type\":\"ListItem\",\"position\":2,\"name\":\"Ma\u011faza\",\"item\":\"https:\/\/www.havuzadairhersey.com\/\"},{\"@type\":\"ListItem\",\"position\":3,\"name\":\"Otomatik Havuz Kontrol Sistemi 02 (pH &#038; ORP) \u2013 LARA ve NOVA Pompal\u0131 Se\u00e7enekli\"}]},{\"@type\":\"WebSite\",\"@id\":\"https:\/\/www.havuzadairhersey.com\/#website\",\"url\":\"https:\/\/www.havuzadairhersey.com\/\",\"name\":\"\",\"description\":\"Havuza dair arad\u0131\u011f\u0131n\u0131z her\u015fey burada...\",\"potentialAction\":[{\"@type\":\"SearchAction\",\"target\":{\"@type\":\"EntryPoint\",\"urlTemplate\":\"https:\/\/www.havuzadairhersey.com\/?s={search_term_string}\"},\"query-input\":{\"@type\":\"PropertyValueSpecification\",\"valueRequired\":true,\"valueName\":\"search_term_string\"}}],\"inLanguage\":\"tr\"}]}<\/script>\n<!-- \/ Yoast SEO plugin. -->","yoast_head_json":{"title":"Otomatik Havuz Kontrol Sistemi 02 (pH & ORP) \u2013 LARA ve NOVA Pompal\u0131 Se\u00e7enekli -","robots":{"index":"index","follow":"follow","max-snippet":"max-snippet:-1","max-image-preview":"max-image-preview:large","max-video-preview":"max-video-preview:-1"},"canonical":"https:\/\/www.havuzadairhersey.com\/index.php\/urun\/otomatik-havuz-kontrol-sistemi-02-ph-orp-lara-ve-nova-pompali-secenekli\/","og_locale":"tr_TR","og_type":"article","og_title":"Otomatik Havuz Kontrol Sistemi 02 (pH & ORP) \u2013 LARA ve NOVA Pompal\u0131 Se\u00e7enekli -","og_description":"pH ve ORP \u00f6l\u00e7\u00fcm\u00fc yaparak kimyasal dozaj\u0131 otomatik ger\u00e7ekle\u015ftiren, pompa entegreli geli\u015fmi\u015f havuz kontrol sistemidir.","og_url":"https:\/\/www.havuzadairhersey.com\/index.php\/urun\/otomatik-havuz-kontrol-sistemi-02-ph-orp-lara-ve-nova-pompali-secenekli\/","article_modified_time":"2025-04-10T17:52:04+00:00","og_image":[{"width":1875,"height":2000,"url":"https:\/\/www.havuzadairhersey.com\/wp-content\/uploads\/2025\/04\/1-52.png","type":"image\/png"}],"twitter_card":"summary_large_image","twitter_misc":{"Tahmini okuma s\u00fcresi":"1 dakika"},"schema":{"@context":"https:\/\/schema.org","@graph":[{"@type":"WebPage","@id":"https:\/\/www.havuzadairhersey.com\/index.php\/urun\/otomatik-havuz-kontrol-sistemi-02-ph-orp-lara-ve-nova-pompali-secenekli\/","url":"https:\/\/www.havuzadairhersey.com\/index.php\/urun\/otomatik-havuz-kontrol-sistemi-02-ph-orp-lara-ve-nova-pompali-secenekli\/","name":"Otomatik Havuz Kontrol Sistemi 02 (pH & ORP) \u2013 LARA ve NOVA Pompal\u0131 Se\u00e7enekli -","isPartOf":{"@id":"https:\/\/www.havuzadairhersey.com\/#website"},"primaryImageOfPage":{"@id":"https:\/\/www.havuzadairhersey.com\/index.php\/urun\/otomatik-havuz-kontrol-sistemi-02-ph-orp-lara-ve-nova-pompali-secenekli\/#primaryimage"},"image":{"@id":"https:\/\/www.havuzadairhersey.com\/index.php\/urun\/otomatik-havuz-kontrol-sistemi-02-ph-orp-lara-ve-nova-pompali-secenekli\/#primaryimage"},"thumbnailUrl":"https:\/\/www.havuzadairhersey.com\/wp-content\/uploads\/2025\/04\/1-52.png","datePublished":"2025-04-10T17:52:03+00:00","dateModified":"2025-04-10T17:52:04+00:00","breadcrumb":{"@id":"https:\/\/www.havuzadairhersey.com\/index.php\/urun\/otomatik-havuz-kontrol-sistemi-02-ph-orp-lara-ve-nova-pompali-secenekli\/#breadcrumb"},"inLanguage":"tr","potentialAction":[{"@type":"ReadAction","target":["https:\/\/www.havuzadairhersey.com\/index.php\/urun\/otomatik-havuz-kontrol-sistemi-02-ph-orp-lara-ve-nova-pompali-secenekli\/"]}]},{"@type":"ImageObject","inLanguage":"tr","@id":"https:\/\/www.havuzadairhersey.com\/index.php\/urun\/otomatik-havuz-kontrol-sistemi-02-ph-orp-lara-ve-nova-pompali-secenekli\/#primaryimage","url":"https:\/\/www.havuzadairhersey.com\/wp-content\/uploads\/2025\/04\/1-52.png","contentUrl":"https:\/\/www.havuzadairhersey.com\/wp-content\/uploads\/2025\/04\/1-52.png","width":1875,"height":2000,"caption":"LARA ve NOVA pompal\u0131 geli\u015fmi\u015f havuz suyu kontrol paneli"},{"@type":"BreadcrumbList","@id":"https:\/\/www.havuzadairhersey.com\/index.php\/urun\/otomatik-havuz-kontrol-sistemi-02-ph-orp-lara-ve-nova-pompali-secenekli\/#breadcrumb","itemListElement":[{"@type":"ListItem","position":1,"name":"Anasayfa","item":"https:\/\/www.havuzadairhersey.com\/"},{"@type":"ListItem","position":2,"name":"Ma\u011faza","item":"https:\/\/www.havuzadairhersey.com\/"},{"@type":"ListItem","position":3,"name":"Otomatik Havuz Kontrol Sistemi 02 (pH &#038; ORP) \u2013 LARA ve NOVA Pompal\u0131 Se\u00e7enekli"}]},{"@type":"WebSite","@id":"https:\/\/www.havuzadairhersey.com\/#website","url":"https:\/\/www.havuzadairhersey.com\/","name":"","description":"Havuza dair arad\u0131\u011f\u0131n\u0131z her\u015fey burada...","potentialAction":[{"@type":"SearchAction","target":{"@type":"EntryPoint","urlTemplate":"https:\/\/www.havuzadairhersey.com\/?s={search_term_string}"},"query-input":{"@type":"PropertyValueSpecification","valueRequired":true,"valueName":"search_term_string"}}],"inLanguage":"tr"}]}},"_links":{"self":[{"href":"https:\/\/www.havuzadairhersey.com\/index.php\/wp-json\/wp\/v2\/product\/923","targetHints":{"allow":["GET"]}}],"collection":[{"href":"https:\/\/www.havuzadairhersey.com\/index.php\/wp-json\/wp\/v2\/product"}],"about":[{"href":"https:\/\/www.havuzadairhersey.com\/index.php\/wp-json\/wp\/v2\/types\/product"}],"replies":[{"embeddable":true,"href":"https:\/\/www.havuzadairhersey.com\/index.php\/wp-json\/wp\/v2\/comments?post=923"}],"wp:featuredmedia":[{"embeddable":true,"href":"https:\/\/www.havuzadairhersey.com\/index.php\/wp-json\/wp\/v2\/media\/924"}],"wp:attachment":[{"href":"https:\/\/www.havuzadairhersey.com\/index.php\/wp-json\/wp\/v2\/media?parent=923"}],"wp:term":[{"taxonomy":"product_brand","embeddable":true,"href":"https:\/\/www.havuzadairhersey.com\/index.php\/wp-json\/wp\/v2\/product_brand?post=923"},{"taxonomy":"product_cat","embeddable":true,"href":"https:\/\/www.havuzadairhersey.com\/index.php\/wp-json\/wp\/v2\/product_cat?post=923"},{"taxonomy":"product_tag","embeddable":true,"href":"https:\/\/www.havuzadairhersey.com\/index.php\/wp-json\/wp\/v2\/product_tag?post=923"}],"curies":[{"name":"wp","href":"https:\/\/api.w.org\/{rel}","templated":true}]}}